{"id":1031,"date":"2017-09-13T14:06:31","date_gmt":"2017-09-13T12:06:31","guid":{"rendered":"https:\/\/www.bett1.de\/infoportal\/?page_id=1031"},"modified":"2018-03-13T12:44:42","modified_gmt":"2018-03-13T11:44:42","slug":"teilnahmebedingungen","status":"publish","type":"page","link":"https:\/\/www.bett1.de\/infoportal\/newsletteranmeldung\/teilnahmebedingungen","title":{"rendered":"Teilnahmebedingungen"},"content":{"rendered":"<h2>Gewinnspiel zum Start des Newsletters \u201ebett1 to go\u201c<\/h2>\n<p>&nbsp;<\/p>\n<h3>I. Gegenstand der Teilnahmebedingungen<\/h3>\n<p>1. Die bett1.de GmbH, Tauentzienstra\u00dfe 11, 10789 Berlin (nachfolgend \u201ebett1.de\u201c oder \u201ewir\u201c), veranstaltet zum Start des bett1.de Newsletters \u201ebett1 to go\u201c eine Gewinnspiel-Aktion.<br \/>\n2. F\u00fcr die Teilnahme an der Aktion gelten die nachfolgenden Teilnahmebedingungen. Mit der Teilnahme an dem Gewinnspiel erkl\u00e4ren Sie sich mit der Geltung dieser Teilnahmebedingungen einverstanden.<\/p>\n<h3>II. Teilnahmeberechtigung<\/h3>\n<p>1. Teilnahmeberechtigt sind ausschlie\u00dflich nat\u00fcrliche Personen ab dem vollendeten 18. Lebensjahr mit Wohnsitz in Deutschland. Mitarbeiter von bett1.de sowie Mitarbeiter der mit bett1.de verbundenen Unternehmen im In- und Ausland sind von der Teilnahme ausgeschlossen.<br \/>\n2. Ein Anspruch auf die Teilnahme an dem Wettbewerb besteht nicht.<\/p>\n<h3>III. Ablauf des Gewinnspiels; Ermittlung der Gewinner<\/h3>\n<p>1. Das Gewinnspiel l\u00e4uft vom 02.10.2017 (8:00 Uhr) bis zum 16.10.2017 (10:00 Uhr). Die Teilnahme ist kostenlos.<br \/>\n2. Um teilzunehmen, m\u00fcssen Sie Abonnent des Newsletters \u201ebett1 to go\u201c sein und sich bis zum 16.10.2017 (10:00 Uhr) auf der <a href=\"https:\/\/www.bett1.de\/infoportal\/newsletteranmeldung\" target=\"_blank\" rel=\"noopener\">Gewinnspiel-Webseite<\/a> f\u00fcr das Gewinnspiel mit Ihrer E-Mail-Adresse angemeldet haben. Die Verlosung erfolgt unter allen Abonnenten des Newsletters \u201ebett1 to go\u201c, die sich f\u00fcr das Gewinnspiel angemeldet haben.<br \/>\n3. Der Rechtsweg ist ausgeschlossen.<\/p>\n<h3>IV. Gewinn; Gewinnbenachrichtigung; Pflicht zur R\u00fcckmeldung<\/h3>\n<p>1. Verlost werden zehn BODYGUARD\u00ae St\u00fctzkissen Plus im Wert von jeweils 69,00 Euro.<br \/>\n2. Unter allen Abonnenten des Newsletters \u201ebett1 to go\u201c, die sich bis zum 16.10.2017 (10:00 Uhr) f\u00fcr das Gewinnspiel angemeldet haben, lost bett1.de die zehn Gewinner aus. Die Gewinner informieren wir am 17.10.2017 per E-Mail an die E-Mail-Adresse, mit der sie sich f\u00fcr das Gewinnspiel angemeldet haben. Sind Sie unter den Gewinnern, melden Sie sich bitte sp\u00e4testens bis zum 20.10.2017 per E-Mail an <a href=\"mailto:redaktion@bett1.de\" target=\"_blank\" rel=\"noopener\">redaktion@bett1.de<\/a> und teilen Sie uns Ihren vollst\u00e4ndigen Namen, Ihre Postanschrift und Ihr Geburtsdatum mit. Alle nicht rechtzeitig eingegangenen R\u00fcckmeldungen k\u00f6nnen wir nicht ber\u00fccksichtigen und der Gewinn verf\u00e4llt ersatzlos. Die Abfrage der Postanschrift dient dem Versand im Falle eines Gewinnes, die Abfrage des Geburtsdatums der Teilnahmeberechtigung. Die Angabe von Postf\u00e4chern ist nicht zul\u00e4ssig.<br \/>\n3. Nach Angabe Ihrer Anschrift wird der Gewinn auf Kosten von bett1.de an den Gewinner versandt.<br \/>\n4. Eine Auszahlung des Gewinns in bar oder ein Tausch ist nicht m\u00f6glich. Der Gewinn ist nicht \u00fcbertragbar.<\/p>\n<h3>V. Ausschluss von Teilnehmern und Gewinnern; Vorzeitige Beendigung des Gewinnspiels<\/h3>\n<p>1. Bei einem Versto\u00df gegen diese Teilnahmebedingungen \u2013 insbesondere beim Versto\u00df gegen Urheberrechte \u2013 sind wir jederzeit berechtigt, den jeweiligen Teilnehmer vom Gewinnspiel auszuschlie\u00dfen. Handelt es sich dabei um einen bereits ausgelosten Gewinner, kann der Gewinn nachtr\u00e4glich aberkannt werden.<br \/>\n2. bett1.de ist zu jedem Zeitpunkt berechtigt, das Gewinnspiel vorzeitig ohne vorherige Ank\u00fcndigung abzubrechen oder zu beenden, wenn<br \/>\n\u2013 das Gewinnspiel durch Ausfall von Hard- oder Software, Programmfehlern, Computerviren oder nicht autorisierten Eingriffen von Dritten, insbesondere festgestellte Manipulationen durch Dritte, unter Ber\u00fccksichtigung der berechtigten Interessen der bereits ermittelten Gewinner nicht mehr ordnungsgem\u00e4\u00df durchgef\u00fchrt werden kann. Die vorzeitige Beendigung wird bett1.de den Teilnehmern in geeigneter Weise \u00fcber den bett1.de Newsletter mitteilen.<\/p>\n<h3>VI. Erhebung, Verwendung und Speicherung Ihrer pers\u00f6nlichen Daten<\/h3>\n<p>1. Der Gewinner willigt ein, dass seine Daten von bett1.de im Rahmen des Gewinnspieles gespeichert und verarbeitet werden. Eine dar\u00fcberhinausgehende Weitergabe wird nicht erfolgen. Die Abfrage der pers\u00f6nlichen Daten dient der Feststellung der Identit\u00e4t des Gewinners (Vor- und Nachname), die Abfrage des Geburtsdatums der Teilnahmeberechtigung. Die Abfrage der Postanschrift dient dem Versand im Falle eines Gewinnes.<br \/>\n2. Die gespeicherten Daten, die ausschlie\u00dflich f\u00fcr die Gewinnabwicklung und nicht vorab f\u00fcr die Anmeldung zum Newsletter angegeben wurden, werden sp\u00e4testens 14 Tage nach Versand der Gewinne vollst\u00e4ndig gel\u00f6scht.<\/p>\n<h3>VII. Schlussbestimmungen<\/h3>\n<p>1. Der Rechtsweg ist ausgeschlossen.<br \/>\n2. Es ist ausschlie\u00dflich das Recht der Bundesrepublik Deutschland unter Ausschluss der Bestimmungen der United Nations Convention on Contracts for the International Sale of Goods (UN-Kaufrecht) anwendbar.<br \/>\n3. Sollten einzelne Bestimmungen dieser Teilnahmebedingungen unwirksam oder undurchf\u00fchrbar sein oder werden, so wird dadurch die Rechtswirksamkeit der \u00fcbrigen Bedingungen nicht ber\u00fchrt.<\/p>\n","protected":false},"excerpt":{"rendered":"<p>Gewinnspiel zum Start des Newsletters \u201ebett1 to go\u201c &nbsp; I. Gegenstand der Teilnahmebedingungen 1. Die bett1.de GmbH, Tauentzienstra\u00dfe 11, 10789 Berlin (nachfolgend \u201ebett1.de\u201c oder \u201ewir\u201c), veranstaltet zum Start des bett1.de Newsletters \u201ebett1 to go\u201c eine Gewinnspiel-Aktion. 2. F\u00fcr die Teilnahme an der Aktion gelten die nachfolgenden Teilnahmebedingungen. Mit der Teilnahme an dem Gewinnspiel erkl\u00e4ren Sie [&hellip;]<\/p>\n","protected":false},"author":1,"featured_media":0,"parent":992,"menu_order":0,"comment_status":"closed","ping_status":"closed","template":"","meta":{"_acf_changed":false,"footnotes":""},"class_list":["post-1031","page","type-page","status-publish","hentry"],"acf":[],"yoast_head":"<!-- This site is optimized with the Yoast SEO Premium plugin v26.8 (Yoast SEO v26.9-RC2) - https:\/\/yoast.com\/product\/yoast-seo-premium-wordpress\/ -->\n<title>Teilnahmebedingungen - Wir sind Matratze<\/title>\n<meta name=\"robots\" content=\"noindex, follow\" \/>\n<meta property=\"og:locale\" content=\"de_DE\" \/>\n<meta property=\"og:type\" content=\"article\" \/>\n<meta property=\"og:title\" content=\"Teilnahmebedingungen\" \/>\n<meta property=\"og:description\" content=\"Gewinnspiel zum Start des Newsletters \u201ebett1 to go\u201c &nbsp; I. Gegenstand der Teilnahmebedingungen 1. Die bett1.de GmbH, Tauentzienstra\u00dfe 11, 10789 Berlin (nachfolgend \u201ebett1.de\u201c oder \u201ewir\u201c), veranstaltet zum Start des bett1.de Newsletters \u201ebett1 to go\u201c eine Gewinnspiel-Aktion. 2. F\u00fcr die Teilnahme an der Aktion gelten die nachfolgenden Teilnahmebedingungen. Mit der Teilnahme an dem Gewinnspiel erkl\u00e4ren Sie [&hellip;]\" \/>\n<meta property=\"og:url\" content=\"https:\/\/www.bett1.de\/infoportal\/newsletteranmeldung\/teilnahmebedingungen\" \/>\n<meta property=\"og:site_name\" content=\"Wir sind Matratze\" \/>\n<meta property=\"article:publisher\" content=\"https:\/\/www.facebook.com\/bett1.de\" \/>\n<meta property=\"article:modified_time\" content=\"2018-03-13T11:44:42+00:00\" \/>\n<script type=\"application\/ld+json\" class=\"yoast-schema-graph\">{\"@context\":\"https:\/\/schema.org\",\"@graph\":[{\"@type\":\"WebPage\",\"@id\":\"https:\/\/www.bett1.de\/infoportal\/newsletteranmeldung\/teilnahmebedingungen\",\"url\":\"https:\/\/www.bett1.de\/infoportal\/newsletteranmeldung\/teilnahmebedingungen\",\"name\":\"Teilnahmebedingungen - Wir sind Matratze\",\"isPartOf\":{\"@id\":\"https:\/\/www.bett1.de\/infoportal\/#website\"},\"datePublished\":\"2017-09-13T12:06:31+00:00\",\"dateModified\":\"2018-03-13T11:44:42+00:00\",\"breadcrumb\":{\"@id\":\"https:\/\/www.bett1.de\/infoportal\/newsletteranmeldung\/teilnahmebedingungen#breadcrumb\"},\"inLanguage\":\"de-DE\",\"potentialAction\":[{\"@type\":\"ReadAction\",\"target\":[\"https:\/\/www.bett1.de\/infoportal\/newsletteranmeldung\/teilnahmebedingungen\"]}]},{\"@type\":\"BreadcrumbList\",\"@id\":\"https:\/\/www.bett1.de\/infoportal\/newsletteranmeldung\/teilnahmebedingungen#breadcrumb\",\"itemListElement\":[{\"@type\":\"ListItem\",\"position\":1,\"name\":\"Startseite\",\"item\":\"https:\/\/www.bett1.de\/infoportal\"},{\"@type\":\"ListItem\",\"position\":2,\"name\":\"Willkommen zum Newsletter von bett1.de\",\"item\":\"https:\/\/www.bett1.de\/infoportal\/newsletteranmeldung\"},{\"@type\":\"ListItem\",\"position\":3,\"name\":\"Teilnahmebedingungen\"}]},{\"@type\":\"WebSite\",\"@id\":\"https:\/\/www.bett1.de\/infoportal\/#website\",\"url\":\"https:\/\/www.bett1.de\/infoportal\/\",\"name\":\"bett1.de\/infoportal\",\"description\":\"Das Infoportal von bett1.de\",\"potentialAction\":[{\"@type\":\"SearchAction\",\"target\":{\"@type\":\"EntryPoint\",\"urlTemplate\":\"https:\/\/www.bett1.de\/infoportal\/?s={search_term_string}\"},\"query-input\":{\"@type\":\"PropertyValueSpecification\",\"valueRequired\":true,\"valueName\":\"search_term_string\"}}],\"inLanguage\":\"de-DE\"}]}<\/script>\n<!-- \/ Yoast SEO Premium plugin. -->","yoast_head_json":{"title":"Teilnahmebedingungen - Wir sind Matratze","robots":{"index":"noindex","follow":"follow"},"og_locale":"de_DE","og_type":"article","og_title":"Teilnahmebedingungen","og_description":"Gewinnspiel zum Start des Newsletters \u201ebett1 to go\u201c &nbsp; I. Gegenstand der Teilnahmebedingungen 1. Die bett1.de GmbH, Tauentzienstra\u00dfe 11, 10789 Berlin (nachfolgend \u201ebett1.de\u201c oder \u201ewir\u201c), veranstaltet zum Start des bett1.de Newsletters \u201ebett1 to go\u201c eine Gewinnspiel-Aktion. 2. F\u00fcr die Teilnahme an der Aktion gelten die nachfolgenden Teilnahmebedingungen. Mit der Teilnahme an dem Gewinnspiel erkl\u00e4ren Sie [&hellip;]","og_url":"https:\/\/www.bett1.de\/infoportal\/newsletteranmeldung\/teilnahmebedingungen","og_site_name":"Wir sind Matratze","article_publisher":"https:\/\/www.facebook.com\/bett1.de","article_modified_time":"2018-03-13T11:44:42+00:00","schema":{"@context":"https:\/\/schema.org","@graph":[{"@type":"WebPage","@id":"https:\/\/www.bett1.de\/infoportal\/newsletteranmeldung\/teilnahmebedingungen","url":"https:\/\/www.bett1.de\/infoportal\/newsletteranmeldung\/teilnahmebedingungen","name":"Teilnahmebedingungen - Wir sind Matratze","isPartOf":{"@id":"https:\/\/www.bett1.de\/infoportal\/#website"},"datePublished":"2017-09-13T12:06:31+00:00","dateModified":"2018-03-13T11:44:42+00:00","breadcrumb":{"@id":"https:\/\/www.bett1.de\/infoportal\/newsletteranmeldung\/teilnahmebedingungen#breadcrumb"},"inLanguage":"de-DE","potentialAction":[{"@type":"ReadAction","target":["https:\/\/www.bett1.de\/infoportal\/newsletteranmeldung\/teilnahmebedingungen"]}]},{"@type":"BreadcrumbList","@id":"https:\/\/www.bett1.de\/infoportal\/newsletteranmeldung\/teilnahmebedingungen#breadcrumb","itemListElement":[{"@type":"ListItem","position":1,"name":"Startseite","item":"https:\/\/www.bett1.de\/infoportal"},{"@type":"ListItem","position":2,"name":"Willkommen zum Newsletter von bett1.de","item":"https:\/\/www.bett1.de\/infoportal\/newsletteranmeldung"},{"@type":"ListItem","position":3,"name":"Teilnahmebedingungen"}]},{"@type":"WebSite","@id":"https:\/\/www.bett1.de\/infoportal\/#website","url":"https:\/\/www.bett1.de\/infoportal\/","name":"bett1.de\/infoportal","description":"Das Infoportal von bett1.de","potentialAction":[{"@type":"SearchAction","target":{"@type":"EntryPoint","urlTemplate":"https:\/\/www.bett1.de\/infoportal\/?s={search_term_string}"},"query-input":{"@type":"PropertyValueSpecification","valueRequired":true,"valueName":"search_term_string"}}],"inLanguage":"de-DE"}]}},"_links":{"self":[{"href":"https:\/\/www.bett1.de\/infoportal\/wp-json\/wp\/v2\/pages\/1031","targetHints":{"allow":["GET"]}}],"collection":[{"href":"https:\/\/www.bett1.de\/infoportal\/wp-json\/wp\/v2\/pages"}],"about":[{"href":"https:\/\/www.bett1.de\/infoportal\/wp-json\/wp\/v2\/types\/page"}],"author":[{"embeddable":true,"href":"https:\/\/www.bett1.de\/infoportal\/wp-json\/wp\/v2\/users\/1"}],"replies":[{"embeddable":true,"href":"https:\/\/www.bett1.de\/infoportal\/wp-json\/wp\/v2\/comments?post=1031"}],"version-history":[{"count":12,"href":"https:\/\/www.bett1.de\/infoportal\/wp-json\/wp\/v2\/pages\/1031\/revisions"}],"predecessor-version":[{"id":1412,"href":"https:\/\/www.bett1.de\/infoportal\/wp-json\/wp\/v2\/pages\/1031\/revisions\/1412"}],"up":[{"embeddable":true,"href":"https:\/\/www.bett1.de\/infoportal\/wp-json\/wp\/v2\/pages\/992"}],"wp:attachment":[{"href":"https:\/\/www.bett1.de\/infoportal\/wp-json\/wp\/v2\/media?parent=1031"}],"curies":[{"name":"wp","href":"https:\/\/api.w.org\/{rel}","templated":true}]}}