{"id":162784,"date":"2024-06-17T18:53:52","date_gmt":"2024-06-17T16:53:52","guid":{"rendered":"https:\/\/www.bett1.de\/infoportal\/?page_id=162784"},"modified":"2026-04-01T17:14:16","modified_gmt":"2026-04-01T15:14:16","slug":"affiliate-marketing-manager","status":"publish","type":"page","link":"https:\/\/www.bett1.de\/infoportal\/karriere\/affiliate-marketing-manager","title":{"rendered":"Affiliate Marketing Manager (m\/w\/d)"},"content":{"rendered":"\n<figure class=\"wp-block-image size-large\"><img decoding=\"async\" width=\"1024\" height=\"341\" src=\"https:\/\/static.bett1.de\/2024\/07\/950c44d8-bett1_stellenanzeige_seo_linedin_1200x400-1024x341.jpg\" alt=\"Illustration eines Laptop-Bildschirms mit der Aufschrift 'Wir suchen dich f\u00fcr unser Marketing-Team!' und Icons f\u00fcr Marketing-Tools; umgeben von Menschen in virtuellen Meetings.\" class=\"wp-image-162920\" srcset=\"https:\/\/static.bett1.de\/2024\/07\/950c44d8-bett1_stellenanzeige_seo_linedin_1200x400-1024x341.jpg 1024w, https:\/\/static.bett1.de\/2024\/07\/950c44d8-bett1_stellenanzeige_seo_linedin_1200x400-300x100.jpg 300w, https:\/\/static.bett1.de\/2024\/07\/950c44d8-bett1_stellenanzeige_seo_linedin_1200x400-768x256.jpg 768w, https:\/\/static.bett1.de\/2024\/07\/950c44d8-bett1_stellenanzeige_seo_linedin_1200x400.jpg 1200w\" sizes=\"(max-width: 1024px) 100vw, 1024px\" \/><\/figure>\n\n\n\n<p>bett1.de wurde mit der Vision gegr\u00fcndet, eine qualitativ hochwertige Matratze zum fairen Preis anzubieten. Gr\u00fcnder Adam Szpyt stellte sich damit entschieden gegen die Preisabsprachen des ehemaligen Matratzenkartells. Seit der Gr\u00fcndung des Unternehmens etablierte sich bett1.de mit h\u00f6chsten Qualit\u00e4tsanspr\u00fcchen im Bedding-Segment und bei einer begeisterten Kundschaft.<\/p>\n\n\n\n<p>Die bett1.de GmbH sucht f\u00fcr ihren Standort in Berlin-Charlottenburg einen<\/p>\n\n\n\n<p><strong>Affiliate Marketing Manager (m\/w\/d)<\/strong><\/p>\n\n\n\n<h2 class=\"wp-block-heading\" id=\"h-deine-aufgaben\">Deine Aufgaben:<\/h2>\n\n\n\n<ul class=\"wp-block-list\">\n<li>Entwicklung und Umsetzung von Affiliate-Marketing-Strategien zur Steigerung des Umsatzes und der Markenbekanntheit<\/li>\n\n\n\n<li>Identifikation und Gewinnung neuer Affiliate-Partner sowie Pflege bestehender Partnerschaften<\/li>\n\n\n\n<li>Erstellung und Verwaltung von Affiliate-Kampagnen, einschlie\u00dflich Budgetierung und Performance-Analyse sowie die Erstellung regelm\u00e4\u00dfiger Berichte<\/li>\n\n\n\n<li>Verhandlung und Verwaltung von Affiliate-Vertr\u00e4gen und -Provisionsmodellen<\/li>\n\n\n\n<li>Enge Zusammenarbeit mit dem internen Marketing-Team<\/li>\n<\/ul>\n\n\n\n<h2 class=\"wp-block-heading\" id=\"h-unsere-anforderungen\">Unsere Anforderungen:<\/h2>\n\n\n\n<ul class=\"wp-block-list\">\n<li>Erfolgreich abgeschlossenes Studium im Bereich Marketing, Betriebswirtschaft oder eine vergleichbare Qualifikation<\/li>\n\n\n\n<li>Mehrj\u00e4hrige Erfahrung im Affiliate-Marketing oder in einer \u00e4hnlichen Position sowie Erfahrung mit verschiedenen Affiliate-Plattformen<\/li>\n\n\n\n<li>Starke analytische F\u00e4higkeiten und Erfahrung im Umgang mit Performance-Marketing-Tools<\/li>\n\n\n\n<li>Hervorragende Kommunikations- und Verhandlungsf\u00e4higkeiten<\/li>\n\n\n\n<li>F\u00e4higkeit, selbstst\u00e4ndig zu arbeiten und gleichzeitig teamorientiert zu sein<\/li>\n\n\n\n<li>Hohe Affinit\u00e4t zu digitalen Medien und E-Commerce<\/li>\n\n\n\n<li>Verhandlungssichere Deutsch- und Englischkenntnisse<\/li>\n<\/ul>\n\n\n\n<h2 class=\"wp-block-heading\" id=\"h-wir-bieten\">Wir bieten:<\/h2>\n\n\n\n<ul class=\"wp-block-list\">\n<li>Eine anspruchsvolle und abwechslungsreiche Position in einem wachstumsstarken Unternehmen<\/li>\n\n\n\n<li>Ein teamorientiertes Arbeitsumfeld<\/li>\n\n\n\n<li>Geregelte Arbeitszeiten f\u00fcr eine optimale Work-Life-Balance<\/li>\n\n\n\n<li>2 Tage Home-Office pro Woche nach der Probezeit<\/li>\n\n\n\n<li>Pers\u00f6nliche Lern- und Entwicklungsm\u00f6glichkeiten<\/li>\n\n\n\n<li>Tickets f\u00fcr Sportveranstaltungen von Basketball \u00fcber Football bis Wintersport<\/li>\n\n\n\n<li>Freikarten f\u00fcr ein Fitness-Studio im Europa-Center<\/li>\n\n\n\n<li>Kostenloses Obst und Getr\u00e4nke, wie Kaffee, Tee und gek\u00fchlte S\u00e4fte<\/li>\n\n\n\n<li>Ein zentral gelegenes B\u00fcro direkt im Europa-Center mit sehr guter Verkehrsanbindung und Infrastruktur<\/li>\n<\/ul>\n\n\n\n<p>Haben wir dich \u00fcberzeugt? Dann sende uns jetzt deine Bewerbung, deinen Lebenslauf samt Zeugnissen sowie die Angabe deines Einstiegstermins und deiner Gehaltsvorstellung.<\/p>\n\n\n\n<p>Wir freuen uns auf dich!<\/p>\n\n\n\n<figure class=\"wp-block-video\"><video height=\"1080\" style=\"aspect-ratio: 1920 \/ 1080;\" width=\"1920\" controls loop src=\"https:\/\/static.bett1.de\/2025\/11\/9db75f70-karriereportalclip_01-4.mp4\"><\/video><\/figure>\n\n\n\n<div class=\"wp-block-buttons is-layout-flex wp-block-buttons-is-layout-flex\">\n<div class=\"wp-block-button\"><a class=\"wp-block-button__link wp-element-button\" href=\"https:\/\/www.bett1.de\/infoportal\/karriere\">Zum Karriereportal<\/a><\/div>\n<\/div>\n\n\n\n<div class=\"sidebar-wrapper\"><\/p>\n\n\n\n<h2 class=\"wp-block-heading\" id=\"bewerbung\">Kontakt<\/h2>\n\n\n\n<p>Anette Marks<br>Human Resource Managerin<\/p>\n\n\n\n<h2 class=\"wp-block-heading\" id=\"h-bewerbungsformular\">Bewerbungsformular<\/h2>\n\n\n\n\n<div class=\"wpcf7 no-js\" id=\"wpcf7-f6508-o1\" lang=\"de-DE\" dir=\"ltr\" data-wpcf7-id=\"6508\">\n<div class=\"screen-reader-response\"><p role=\"status\" aria-live=\"polite\" aria-atomic=\"true\"><\/p> <ul><\/ul><\/div>\n<form action=\"\/infoportal\/wp-json\/wp\/v2\/pages\/162784#wpcf7-f6508-o1\" method=\"post\" class=\"wpcf7-form init\" aria-label=\"Contact form\" enctype=\"multipart\/form-data\" novalidate=\"novalidate\" data-status=\"init\">\n<fieldset class=\"hidden-fields-container\"><input type=\"hidden\" name=\"_wpcf7\" value=\"6508\" \/><input type=\"hidden\" name=\"_wpcf7_version\" value=\"6.1.4\" \/><input type=\"hidden\" name=\"_wpcf7_locale\" value=\"de_DE\" \/><input type=\"hidden\" name=\"_wpcf7_unit_tag\" value=\"wpcf7-f6508-o1\" \/><input type=\"hidden\" name=\"_wpcf7_container_post\" value=\"0\" \/><input type=\"hidden\" name=\"_wpcf7_posted_data_hash\" value=\"\" \/>\n<\/fieldset>\n<p><label> Name*<span class=\"wpcf7-form-control-wrap\" data-name=\"your-name\"><input size=\"40\" maxlength=\"400\" class=\"wpcf7-form-control wpcf7-text wpcf7-validates-as-required\" aria-required=\"true\" aria-invalid=\"false\" placeholder=\"Namen eingeben\" value=\"\" type=\"text\" name=\"your-name\" \/><\/span> <\/label>\n<\/p>\n<p><label> E-Mail-Adresse* <span class=\"wpcf7-form-control-wrap\" data-name=\"your-email\"><input size=\"40\" maxlength=\"400\" class=\"wpcf7-form-control wpcf7-email wpcf7-validates-as-required wpcf7-text wpcf7-validates-as-email\" aria-required=\"true\" aria-invalid=\"false\" placeholder=\"E-Mail-Adresse eingeben\" value=\"\" type=\"email\" name=\"your-email\" \/><\/span> <\/label>\n<\/p>\n<p><label> Telefon <span class=\"wpcf7-form-control-wrap\" data-name=\"tel-402\"><input size=\"40\" maxlength=\"400\" class=\"wpcf7-form-control wpcf7-tel wpcf7-text wpcf7-validates-as-tel\" aria-invalid=\"false\" placeholder=\"Telefonnummer eingeben\" value=\"\" type=\"tel\" name=\"tel-402\" \/><\/span> <\/label>\n<\/p>\n<p><label> Bewerbung im Bereich* <span class=\"wpcf7-form-control-wrap\" data-name=\"menu-892\"><select class=\"wpcf7-form-control wpcf7-select wpcf7-validates-as-required\" aria-required=\"true\" aria-invalid=\"false\" name=\"menu-892\"><option value=\"\">&#8212;Please choose an option&#8212;<\/option><option value=\"Grafik\">Grafik<\/option><option value=\"Text\">Text<\/option><option value=\"Online-Marketing\">Online-Marketing<\/option><option value=\"Buchhaltung\">Buchhaltung<\/option><option value=\"Initiativbewerbung\">Initiativbewerbung<\/option><\/select><\/span> <\/label>\n<\/p>\n<p><label> Bewerbung als PDF* (max. 10 MB) <span class=\"wpcf7-form-control-wrap\" data-name=\"applicpdf\"><input size=\"40\" class=\"wpcf7-form-control wpcf7-file wpcf7-validates-as-required\" accept=\".pdf\" aria-required=\"true\" aria-invalid=\"false\" type=\"file\" name=\"applicpdf\" \/><\/span> <\/label>\n<\/p>\n<p><span class=\"wpcf7-form-control-wrap\" data-name=\"acceptance-775\"><span class=\"wpcf7-form-control wpcf7-acceptance\"><span class=\"wpcf7-list-item\"><label><input type=\"checkbox\" name=\"acceptance-775\" value=\"1\" aria-invalid=\"false\" \/><span class=\"wpcf7-list-item-label\">Ich m\u00f6chte mich bewerben und erlaube, dass meine Daten an die entsprechenden Fachabteilungen weitergeleitet werden. bett1.de darf mich im Zusammenhang mit meiner Bewerbung kontaktieren.<\/span><\/label><\/span><\/span><\/span>\n<\/p>\n<p><span id=\"wpcf7-69f5018de9abb-wrapper\" class=\"wpcf7-form-control-wrap honeypot-1473-wrap\" style=\"display:none !important; visibility:hidden !important;\"><label for=\"wpcf7-69f5018de9abb-field\" class=\"hp-message\">Bitte lasse dieses Feld leer<\/label><input id=\"wpcf7-69f5018de9abb-field\"  placeholder=\"bett1_honey\"  class=\"wpcf7-form-control wpcf7-text\" type=\"text\" name=\"honeypot-1473\" value=\"\" size=\"40\" tabindex=\"-1\" autocomplete=\"new-password\" \/><\/span>\n<\/p>\n<p><input class=\"wpcf7-form-control wpcf7-submit has-spinner\" type=\"submit\" value=\"Bewerbung absenden\" \/>\n<\/p>\n<p>* Pflichtfeld\n<\/p><div class=\"wpcf7-response-output\" aria-hidden=\"true\"><\/div>\n<\/form>\n<\/div>\n\n\n\n\n<p><\/div>\n","protected":false},"excerpt":{"rendered":"<p>bett1.de wurde mit der Vision gegr\u00fcndet, eine qualitativ hochwertige Matratze zum fairen Preis anzubieten. Gr\u00fcnder Adam Szpyt stellte sich damit entschieden gegen die Preisabsprachen des ehemaligen Matratzenkartells. Seit der Gr\u00fcndung des Unternehmens etablierte sich bett1.de mit h\u00f6chsten Qualit\u00e4tsanspr\u00fcchen im Bedding-Segment und bei einer begeisterten Kundschaft. Die bett1.de GmbH sucht f\u00fcr ihren Standort in Berlin-Charlottenburg einen [&hellip;]<\/p>\n","protected":false},"author":13,"featured_media":0,"parent":488,"menu_order":0,"comment_status":"closed","ping_status":"closed","template":"","meta":{"_acf_changed":false,"footnotes":""},"class_list":["post-162784","page","type-page","status-publish","hentry"],"acf":[],"yoast_head":"<!-- This site is optimized with the Yoast SEO Premium plugin v26.8 (Yoast SEO v26.9-RC2) - https:\/\/yoast.com\/product\/yoast-seo-premium-wordpress\/ -->\n<title>Affiliate Marketing Manager (m\/w\/d) - Wir sind Matratze<\/title>\n<meta name=\"description\" content=\"Wir suchen dich als Affiliate Marketing Manager (m\/w\/d)! Werde Teil von bett1.de \u2013 die mit Deutschlands meistgekaufter Matratze. Jetzt bewerben\" \/>\n<meta name=\"robots\" content=\"index, follow, max-snippet:-1, max-image-preview:large, max-video-preview:-1\" \/>\n<link rel=\"canonical\" href=\"https:\/\/www.bett1.de\/infoportal\/karriere\/affiliate-marketing-manager\/\" \/>\n<meta property=\"og:locale\" content=\"de_DE\" \/>\n<meta property=\"og:type\" content=\"article\" \/>\n<meta property=\"og:title\" content=\"Affiliate Marketing Manager (m\/w\/d)\" \/>\n<meta property=\"og:description\" content=\"Wir suchen dich als Affiliate Marketing Manager (m\/w\/d)! Werde Teil von bett1.de \u2013 die mit Deutschlands meistgekaufter Matratze. Jetzt bewerben\" \/>\n<meta property=\"og:url\" content=\"https:\/\/www.bett1.de\/infoportal\/karriere\/affiliate-marketing-manager\" \/>\n<meta property=\"og:site_name\" content=\"Wir sind Matratze\" \/>\n<meta property=\"article:publisher\" content=\"https:\/\/www.facebook.com\/bett1.de\" \/>\n<meta property=\"article:modified_time\" content=\"2026-04-01T15:14:16+00:00\" \/>\n<meta property=\"og:image\" content=\"https:\/\/static.bett1.de\/2024\/07\/950c44d8-bett1_stellenanzeige_seo_linedin_1200x400.jpg\" \/>\n\t<meta property=\"og:image:width\" content=\"1200\" \/>\n\t<meta property=\"og:image:height\" content=\"400\" \/>\n\t<meta property=\"og:image:type\" content=\"image\/jpeg\" \/>\n<script type=\"application\/ld+json\" class=\"yoast-schema-graph\">{\"@context\":\"https:\/\/schema.org\",\"@graph\":[{\"@type\":\"WebPage\",\"@id\":\"https:\/\/www.bett1.de\/infoportal\/karriere\/affiliate-marketing-manager\",\"url\":\"https:\/\/www.bett1.de\/infoportal\/karriere\/affiliate-marketing-manager\",\"name\":\"Affiliate Marketing Manager (m\/w\/d) - Wir sind Matratze\",\"isPartOf\":{\"@id\":\"https:\/\/www.bett1.de\/infoportal\/#website\"},\"primaryImageOfPage\":{\"@id\":\"https:\/\/www.bett1.de\/infoportal\/karriere\/affiliate-marketing-manager#primaryimage\"},\"image\":{\"@id\":\"https:\/\/www.bett1.de\/infoportal\/karriere\/affiliate-marketing-manager#primaryimage\"},\"thumbnailUrl\":\"https:\/\/static.bett1.de\/2024\/07\/950c44d8-bett1_stellenanzeige_seo_linedin_1200x400-1024x341.jpg\",\"datePublished\":\"2024-06-17T16:53:52+00:00\",\"dateModified\":\"2026-04-01T15:14:16+00:00\",\"description\":\"Wir suchen dich als Affiliate Marketing Manager (m\/w\/d)! Werde Teil von bett1.de \u2013 die mit Deutschlands meistgekaufter Matratze. Jetzt bewerben\",\"breadcrumb\":{\"@id\":\"https:\/\/www.bett1.de\/infoportal\/karriere\/affiliate-marketing-manager#breadcrumb\"},\"inLanguage\":\"de-DE\",\"potentialAction\":[{\"@type\":\"ReadAction\",\"target\":[\"https:\/\/www.bett1.de\/infoportal\/karriere\/affiliate-marketing-manager\"]}]},{\"@type\":\"ImageObject\",\"inLanguage\":\"de-DE\",\"@id\":\"https:\/\/www.bett1.de\/infoportal\/karriere\/affiliate-marketing-manager#primaryimage\",\"url\":\"https:\/\/static.bett1.de\/2024\/07\/950c44d8-bett1_stellenanzeige_seo_linedin_1200x400-1024x341.jpg\",\"contentUrl\":\"https:\/\/static.bett1.de\/2024\/07\/950c44d8-bett1_stellenanzeige_seo_linedin_1200x400-1024x341.jpg\"},{\"@type\":\"BreadcrumbList\",\"@id\":\"https:\/\/www.bett1.de\/infoportal\/karriere\/affiliate-marketing-manager#breadcrumb\",\"itemListElement\":[{\"@type\":\"ListItem\",\"position\":1,\"name\":\"Startseite\",\"item\":\"https:\/\/www.bett1.de\/infoportal\"},{\"@type\":\"ListItem\",\"position\":2,\"name\":\"Mit bett1.de liegst du richtig \u2013 auch bei der Jobwahl\",\"item\":\"https:\/\/www.bett1.de\/infoportal\/karriere\"},{\"@type\":\"ListItem\",\"position\":3,\"name\":\"Affiliate Marketing Manager (m\/w\/d)\"}]},{\"@type\":\"WebSite\",\"@id\":\"https:\/\/www.bett1.de\/infoportal\/#website\",\"url\":\"https:\/\/www.bett1.de\/infoportal\/\",\"name\":\"bett1.de\/infoportal\",\"description\":\"Das Infoportal von bett1.de\",\"potentialAction\":[{\"@type\":\"SearchAction\",\"target\":{\"@type\":\"EntryPoint\",\"urlTemplate\":\"https:\/\/www.bett1.de\/infoportal\/?s={search_term_string}\"},\"query-input\":{\"@type\":\"PropertyValueSpecification\",\"valueRequired\":true,\"valueName\":\"search_term_string\"}}],\"inLanguage\":\"de-DE\"}]}<\/script>\n<!-- \/ Yoast SEO Premium plugin. -->","yoast_head_json":{"title":"Affiliate Marketing Manager (m\/w\/d) - Wir sind Matratze","description":"Wir suchen dich als Affiliate Marketing Manager (m\/w\/d)! Werde Teil von bett1.de \u2013 die mit Deutschlands meistgekaufter Matratze. Jetzt bewerben","robots":{"index":"index","follow":"follow","max-snippet":"max-snippet:-1","max-image-preview":"max-image-preview:large","max-video-preview":"max-video-preview:-1"},"canonical":"https:\/\/www.bett1.de\/infoportal\/karriere\/affiliate-marketing-manager\/","og_locale":"de_DE","og_type":"article","og_title":"Affiliate Marketing Manager (m\/w\/d)","og_description":"Wir suchen dich als Affiliate Marketing Manager (m\/w\/d)! Werde Teil von bett1.de \u2013 die mit Deutschlands meistgekaufter Matratze. Jetzt bewerben","og_url":"https:\/\/www.bett1.de\/infoportal\/karriere\/affiliate-marketing-manager","og_site_name":"Wir sind Matratze","article_publisher":"https:\/\/www.facebook.com\/bett1.de","article_modified_time":"2026-04-01T15:14:16+00:00","og_image":[{"width":1200,"height":400,"url":"https:\/\/static.bett1.de\/2024\/07\/950c44d8-bett1_stellenanzeige_seo_linedin_1200x400.jpg","type":"image\/jpeg"}],"schema":{"@context":"https:\/\/schema.org","@graph":[{"@type":"WebPage","@id":"https:\/\/www.bett1.de\/infoportal\/karriere\/affiliate-marketing-manager","url":"https:\/\/www.bett1.de\/infoportal\/karriere\/affiliate-marketing-manager","name":"Affiliate Marketing Manager (m\/w\/d) - Wir sind Matratze","isPartOf":{"@id":"https:\/\/www.bett1.de\/infoportal\/#website"},"primaryImageOfPage":{"@id":"https:\/\/www.bett1.de\/infoportal\/karriere\/affiliate-marketing-manager#primaryimage"},"image":{"@id":"https:\/\/www.bett1.de\/infoportal\/karriere\/affiliate-marketing-manager#primaryimage"},"thumbnailUrl":"https:\/\/static.bett1.de\/2024\/07\/950c44d8-bett1_stellenanzeige_seo_linedin_1200x400-1024x341.jpg","datePublished":"2024-06-17T16:53:52+00:00","dateModified":"2026-04-01T15:14:16+00:00","description":"Wir suchen dich als Affiliate Marketing Manager (m\/w\/d)! Werde Teil von bett1.de \u2013 die mit Deutschlands meistgekaufter Matratze. Jetzt bewerben","breadcrumb":{"@id":"https:\/\/www.bett1.de\/infoportal\/karriere\/affiliate-marketing-manager#breadcrumb"},"inLanguage":"de-DE","potentialAction":[{"@type":"ReadAction","target":["https:\/\/www.bett1.de\/infoportal\/karriere\/affiliate-marketing-manager"]}]},{"@type":"ImageObject","inLanguage":"de-DE","@id":"https:\/\/www.bett1.de\/infoportal\/karriere\/affiliate-marketing-manager#primaryimage","url":"https:\/\/static.bett1.de\/2024\/07\/950c44d8-bett1_stellenanzeige_seo_linedin_1200x400-1024x341.jpg","contentUrl":"https:\/\/static.bett1.de\/2024\/07\/950c44d8-bett1_stellenanzeige_seo_linedin_1200x400-1024x341.jpg"},{"@type":"BreadcrumbList","@id":"https:\/\/www.bett1.de\/infoportal\/karriere\/affiliate-marketing-manager#breadcrumb","itemListElement":[{"@type":"ListItem","position":1,"name":"Startseite","item":"https:\/\/www.bett1.de\/infoportal"},{"@type":"ListItem","position":2,"name":"Mit bett1.de liegst du richtig \u2013 auch bei der Jobwahl","item":"https:\/\/www.bett1.de\/infoportal\/karriere"},{"@type":"ListItem","position":3,"name":"Affiliate Marketing Manager (m\/w\/d)"}]},{"@type":"WebSite","@id":"https:\/\/www.bett1.de\/infoportal\/#website","url":"https:\/\/www.bett1.de\/infoportal\/","name":"bett1.de\/infoportal","description":"Das Infoportal von bett1.de","potentialAction":[{"@type":"SearchAction","target":{"@type":"EntryPoint","urlTemplate":"https:\/\/www.bett1.de\/infoportal\/?s={search_term_string}"},"query-input":{"@type":"PropertyValueSpecification","valueRequired":true,"valueName":"search_term_string"}}],"inLanguage":"de-DE"}]}},"_links":{"self":[{"href":"https:\/\/www.bett1.de\/infoportal\/wp-json\/wp\/v2\/pages\/162784","targetHints":{"allow":["GET"]}}],"collection":[{"href":"https:\/\/www.bett1.de\/infoportal\/wp-json\/wp\/v2\/pages"}],"about":[{"href":"https:\/\/www.bett1.de\/infoportal\/wp-json\/wp\/v2\/types\/page"}],"author":[{"embeddable":true,"href":"https:\/\/www.bett1.de\/infoportal\/wp-json\/wp\/v2\/users\/13"}],"replies":[{"embeddable":true,"href":"https:\/\/www.bett1.de\/infoportal\/wp-json\/wp\/v2\/comments?post=162784"}],"version-history":[{"count":9,"href":"https:\/\/www.bett1.de\/infoportal\/wp-json\/wp\/v2\/pages\/162784\/revisions"}],"predecessor-version":[{"id":166130,"href":"https:\/\/www.bett1.de\/infoportal\/wp-json\/wp\/v2\/pages\/162784\/revisions\/166130"}],"up":[{"embeddable":true,"href":"https:\/\/www.bett1.de\/infoportal\/wp-json\/wp\/v2\/pages\/488"}],"wp:attachment":[{"href":"https:\/\/www.bett1.de\/infoportal\/wp-json\/wp\/v2\/media?parent=162784"}],"curies":[{"name":"wp","href":"https:\/\/api.w.org\/{rel}","templated":true}]}}