{"id":16730,"date":"2022-10-06T09:26:16","date_gmt":"2022-10-06T07:26:16","guid":{"rendered":"https:\/\/www.bett1.de\/infoportal\/?page_id=16730"},"modified":"2026-04-01T17:13:24","modified_gmt":"2026-04-01T15:13:24","slug":"texter-content-manager-redakteur-m-w-d","status":"publish","type":"page","link":"https:\/\/www.bett1.de\/infoportal\/karriere\/texter-content-manager-redakteur-m-w-d","title":{"rendered":"Online-Redakteur \/ Texter \/ Content Manager (m\/w\/d)"},"content":{"rendered":"\n<figure class=\"wp-block-image size-large\"><img decoding=\"async\" width=\"1024\" height=\"535\" src=\"https:\/\/static.bett1.de\/2024\/02\/1924f0d9-bett1_stellenanzeige_redaktiion_linedin_1200x627-1024x535.jpg\" alt=\"Illustration einer gro\u00dfen roten Schreibmaschine aus der ein Zettel mit der \u00dcberschrift ragt &quot;Wir suchen dich f\u00fcr unsere Online-Redaktion&quot;\" class=\"wp-image-162075\" srcset=\"https:\/\/static.bett1.de\/2024\/02\/1924f0d9-bett1_stellenanzeige_redaktiion_linedin_1200x627-1024x535.jpg 1024w, https:\/\/static.bett1.de\/2024\/02\/1924f0d9-bett1_stellenanzeige_redaktiion_linedin_1200x627-300x157.jpg 300w, https:\/\/static.bett1.de\/2024\/02\/1924f0d9-bett1_stellenanzeige_redaktiion_linedin_1200x627-768x401.jpg 768w, https:\/\/static.bett1.de\/2024\/02\/1924f0d9-bett1_stellenanzeige_redaktiion_linedin_1200x627.jpg 1200w\" sizes=\"(max-width: 1024px) 100vw, 1024px\" \/><\/figure>\n\n\n\n<p>bett1.de wurde mit der Vision gegr\u00fcndet, eine qualitativ hochwertige Matratze zum fairen Preis anzubieten. Gr\u00fcnder Adam Szpyt stellte sich damit entschieden gegen die Preisabsprachen des ehemaligen Matratzenkartells. Seit der Gr\u00fcndung des Unternehmens etablierte sich bett1.de mit h\u00f6chsten Qualit\u00e4tsanspr\u00fcchen im Bedding-Segment und bei einer begeisterten Kundschaft.<\/p>\n\n\n\n<p>Die bett1.de GmbH sucht f\u00fcr ihren Standort in Berlin-Charlottenburg einen<\/p>\n\n\n\n<p><strong>Online-Redakteur \/ Texter \/ Content Manager (m\/w\/d)<\/strong><\/p>\n\n\n\n<h2 class=\"wp-block-heading\" id=\"h-deine-aufgaben\">Deine Aufgaben:<\/h2>\n\n\n\n<ul class=\"wp-block-list\">\n<li>Selbstst\u00e4ndiges Recherchieren, Schreiben und Bearbeiten von Inhalten rund um das Thema Schlaf und Matratzen (z. B. Blogbeitr\u00e4ge, Shoptexte, Newsletter, SEA-Anzeigen)<\/li>\n\n\n\n<li>Koordination und Durchf\u00fchrung von Marketingaufgaben in enger Zusammenarbeit mit anderen Teams und Abteilungen<\/li>\n\n\n\n<li>Pflege des Shopsystems<\/li>\n\n\n\n<li>Unterst\u00fctzung des Text-Teams in allen Bereichen<\/li>\n<\/ul>\n\n\n\n<h2 class=\"wp-block-heading\" id=\"h-unsere-anforderungen\">Unsere Anforderungen:<\/h2>\n\n\n\n<ul class=\"wp-block-list\">\n<li>Mindestens 2 Jahre Berufserfahrung im Bereich Text<\/li>\n\n\n\n<li>Abgeschlossene Ausbildung oder Studium in der Fachrichtung Journalismus, Kommunikation oder in einem vergleichbaren Bereich<\/li>\n\n\n\n<li>Sehr gutes Sprachgef\u00fchl sowie absolute Rechtschreibsicherheit und Sorgfalt f\u00fcr das Verfassen marketingorientierter Texte<\/li>\n\n\n\n<li>Du begeisterst dich f\u00fcr Digitales und liebst den Umgang mit CMS<\/li>\n\n\n\n<li>Du bringst ein Grundverst\u00e4ndnis in HTML und SEO mit, das du bei uns gerne ausbauen kannst<\/li>\n\n\n\n<li>Deine Auffassungsgabe ist deine gro\u00dfe St\u00e4rke: Du eignest dir Neues leicht an und kannst dich gut einsch\u00e4tzen<\/li>\n\n\n\n<li>Du hast Freude daran, Aufgaben eigenverantwortlich und l\u00f6sungsorientiert anzupacken. Es f\u00e4llt dir leicht, dich und deine Aufgaben zu strukturieren<\/li>\n\n\n\n<li>Flexibilit\u00e4t, Neugier und Offenheit f\u00fcr Aufgaben abseits des reinen Textes<\/li>\n<\/ul>\n\n\n\n<h2 class=\"wp-block-heading\" id=\"h-wir-bieten\">Wir bieten:<\/h2>\n\n\n\n<ul class=\"wp-block-list\">\n<li>Eine anspruchsvolle und abwechslungsreiche Position in einem wachstumsstarken Unternehmen<\/li>\n\n\n\n<li>Ein teamorientiertes Arbeitsumfeld<\/li>\n\n\n\n<li>Geregelte Arbeitszeiten f\u00fcr eine optimale Work-Life-Balance<\/li>\n\n\n\n<li>2 Tage Home-Office pro Woche nach der Probezeit<\/li>\n\n\n\n<li>Pers\u00f6nliche Lern- und Entwicklungsm\u00f6glichkeiten<\/li>\n\n\n\n<li>Tickets f\u00fcr Sportveranstaltungen von Basketball \u00fcber Football bis Wintersport<\/li>\n\n\n\n<li>Freikarten f\u00fcr ein Fitness-Studio im Europa-Center<\/li>\n\n\n\n<li>Kostenloses Obst und Getr\u00e4nke, wie Kaffee, Tee und gek\u00fchlte S\u00e4fte<\/li>\n\n\n\n<li>Ein zentral gelegenes B\u00fcro direkt im Europa-Center mit sehr guter Verkehrsanbindung und Infrastruktur<\/li>\n<\/ul>\n\n\n\n<h2 class=\"wp-block-heading\" id=\"h-in-drei-schritten-zum-neuen-job\">In drei Schritten zum neuen Job<\/h2>\n\n\n\n<p>Wir m\u00f6chten uns ein m\u00f6glichst aussagekr\u00e4ftiges Bild von dir machen und dir auf der anderen Seite eine erste Vorstellung des T\u00e4tigkeitsgebiets bieten, f\u00fcr das du dich bewirbst. Und das schon, bevor wir uns pers\u00f6nlich kennenlernen. Auf diese Weise wollen wir objektiv bleiben und uns aufs Wesentliche konzentrieren. Wenn es dann auch noch menschelt \u2013 perfekt.<\/p>\n\n\n\n<ul class=\"wp-block-list\">\n<li><strong>Phase 1:<\/strong> Schicke uns deine Bewerbung mit Anschreiben, Lebenslauf, ausgef\u00fclltem Fragebogen und den bearbeiteten Probeaufgaben als PDF.<\/li>\n\n\n\n<li><strong>Phase 2:<\/strong> Video-Interview \u2013 Gelegenheit f\u00fcr ein erstes Kennenlernen und Fragen von beiden Seiten<\/li>\n\n\n\n<li><strong>Phase 3:<\/strong> Wir geben dir eine F\u00fchrung durchs B\u00fcro, lernen uns pers\u00f6nlich kennen und kl\u00e4ren abschlie\u00dfende Fragen.<\/li>\n<\/ul>\n\n\n\n<p>Haben wir dich \u00fcberzeugt? Dann sende uns jetzt deine Bewerbung samt Anschreiben, Lebenslauf, Fragebogen und Probeaufgaben sowie die Angabe deines Einstiegstermins und deiner Gehaltsvorstellung. Wir freuen uns auf dich!<\/p>\n\n\n\n<p><strong>Bitte beachte: <\/strong>Wir k\u00f6nnen nur vollst\u00e4ndige Bewerbungen inklusive der Probeaufgaben ber\u00fccksichtigen.<\/p>\n\n\n\n<div class=\"wp-block-buttons is-layout-flex wp-block-buttons-is-layout-flex\">\n<div class=\"wp-block-button\"><a class=\"wp-block-button__link wp-element-button\" href=\"https:\/\/static.bett1.de\/2024\/11\/c6b20d2d-bett1_bewerbung_fragebogen_2025.pdf\">Download Probeaufgaben<\/a><\/div>\n<\/div>\n\n\n\n<h2 class=\"wp-block-heading\" id=\"h-fragebogen-amp-probeaufgabe\">Fragebogen &amp; Probeaufgabe<\/h2>\n\n\n\n<p>Routiniertes Texttalent, ganz frisch im Job oder Quereinstieg? Langer Lebenslauf oder eher klaffende L\u00fccke? Wir sind grunds\u00e4tzlich f\u00fcr alles offen, weshalb uns neben deinem Lebenslauf auch deine Antworten auf einige Fragen sowie Probeaufgaben interessieren. Eines ist aber wichtig: Das Textliche sollte bereits sitzen, denn ein guter Text ger\u00e4t bei uns angesichts der F\u00fclle an verschiedenen Projekten oft zur selbstverst\u00e4ndlichen Nebensache.<\/p>\n\n\n\n<p>Wenn du das PDF als barrierefreies Word-Dokument ben\u00f6tigst, sag uns gerne Bescheid.<\/p>\n\n\n\n<figure class=\"wp-block-video\"><video height=\"1080\" style=\"aspect-ratio: 1920 \/ 1080;\" width=\"1920\" controls loop src=\"https:\/\/static.bett1.de\/2025\/11\/9db75f70-karriereportalclip_01-4.mp4\"><\/video><\/figure>\n\n\n\n<div class=\"wp-block-buttons is-layout-flex wp-block-buttons-is-layout-flex\">\n<div class=\"wp-block-button\"><a class=\"wp-block-button__link wp-element-button\" href=\"https:\/\/www.bett1.de\/infoportal\/karriere\">Zum Karriereportal<\/a><\/div>\n<\/div>\n\n\n\n<div class=\"sidebar-wrapper\"><\/p>\n\n\n\n<h2 class=\"wp-block-heading\" id=\"bewerbung\">Kontakt<\/h2>\n\n\n\n<p>Anette Marks<br>Human Resource Managerin<\/p>\n\n\n\n<h2 class=\"wp-block-heading\" id=\"h-bewerbungsformular\">Bewerbungsformular<\/h2>\n\n\n\n\n<div class=\"wpcf7 no-js\" id=\"wpcf7-f6508-o1\" lang=\"de-DE\" dir=\"ltr\" data-wpcf7-id=\"6508\">\n<div class=\"screen-reader-response\"><p role=\"status\" aria-live=\"polite\" aria-atomic=\"true\"><\/p> <ul><\/ul><\/div>\n<form action=\"\/infoportal\/wp-json\/wp\/v2\/pages\/16730#wpcf7-f6508-o1\" method=\"post\" class=\"wpcf7-form init\" aria-label=\"Contact form\" enctype=\"multipart\/form-data\" novalidate=\"novalidate\" data-status=\"init\">\n<fieldset class=\"hidden-fields-container\"><input type=\"hidden\" name=\"_wpcf7\" value=\"6508\" \/><input type=\"hidden\" name=\"_wpcf7_version\" value=\"6.1.5\" \/><input type=\"hidden\" name=\"_wpcf7_locale\" value=\"de_DE\" \/><input type=\"hidden\" name=\"_wpcf7_unit_tag\" value=\"wpcf7-f6508-o1\" \/><input type=\"hidden\" name=\"_wpcf7_container_post\" value=\"0\" \/><input type=\"hidden\" name=\"_wpcf7_posted_data_hash\" value=\"\" \/>\n<\/fieldset>\n<p><label> Name*<span class=\"wpcf7-form-control-wrap\" data-name=\"your-name\"><input size=\"40\" maxlength=\"400\" class=\"wpcf7-form-control wpcf7-text wpcf7-validates-as-required\" aria-required=\"true\" aria-invalid=\"false\" placeholder=\"Namen eingeben\" value=\"\" type=\"text\" name=\"your-name\" \/><\/span> <\/label>\n<\/p>\n<p><label> E-Mail-Adresse* <span class=\"wpcf7-form-control-wrap\" data-name=\"your-email\"><input size=\"40\" maxlength=\"400\" class=\"wpcf7-form-control wpcf7-email wpcf7-validates-as-required wpcf7-text wpcf7-validates-as-email\" aria-required=\"true\" aria-invalid=\"false\" placeholder=\"E-Mail-Adresse eingeben\" value=\"\" type=\"email\" name=\"your-email\" \/><\/span> <\/label>\n<\/p>\n<p><label> Telefon <span class=\"wpcf7-form-control-wrap\" data-name=\"tel-402\"><input size=\"40\" maxlength=\"400\" class=\"wpcf7-form-control wpcf7-tel wpcf7-text wpcf7-validates-as-tel\" aria-invalid=\"false\" placeholder=\"Telefonnummer eingeben\" value=\"\" type=\"tel\" name=\"tel-402\" \/><\/span> <\/label>\n<\/p>\n<p><label> Bewerbung im Bereich* <span class=\"wpcf7-form-control-wrap\" data-name=\"menu-892\"><select class=\"wpcf7-form-control wpcf7-select wpcf7-validates-as-required\" aria-required=\"true\" aria-invalid=\"false\" name=\"menu-892\"><option value=\"\">&#8212;Please choose an option&#8212;<\/option><option value=\"Grafik\">Grafik<\/option><option value=\"Text\">Text<\/option><option value=\"Online-Marketing\">Online-Marketing<\/option><option value=\"Buchhaltung\">Buchhaltung<\/option><option value=\"Initiativbewerbung\">Initiativbewerbung<\/option><\/select><\/span> <\/label>\n<\/p>\n<p><label> Bewerbung als PDF* (max. 10 MB) <span class=\"wpcf7-form-control-wrap\" data-name=\"applicpdf\"><input size=\"40\" class=\"wpcf7-form-control wpcf7-file wpcf7-validates-as-required\" accept=\".pdf\" aria-required=\"true\" aria-invalid=\"false\" type=\"file\" name=\"applicpdf\" \/><\/span> <\/label>\n<\/p>\n<p><span class=\"wpcf7-form-control-wrap\" data-name=\"acceptance-775\"><span class=\"wpcf7-form-control wpcf7-acceptance\"><span class=\"wpcf7-list-item\"><label><input type=\"checkbox\" name=\"acceptance-775\" value=\"1\" aria-invalid=\"false\" \/><span class=\"wpcf7-list-item-label\">Ich m\u00f6chte mich bewerben und erlaube, dass meine Daten an die entsprechenden Fachabteilungen weitergeleitet werden. bett1.de darf mich im Zusammenhang mit meiner Bewerbung kontaktieren.<\/span><\/label><\/span><\/span><\/span>\n<\/p>\n<p><span id=\"wpcf7-6a0615a0ae331-wrapper\" class=\"wpcf7-form-control-wrap honeypot-1473-wrap\" style=\"display:none !important; visibility:hidden !important;\"><label for=\"wpcf7-6a0615a0ae331-field\" class=\"hp-message\">Bitte lasse dieses Feld leer<\/label><input id=\"wpcf7-6a0615a0ae331-field\"  placeholder=\"bett1_honey\"  class=\"wpcf7-form-control wpcf7-text\" type=\"text\" name=\"honeypot-1473\" value=\"\" size=\"40\" tabindex=\"-1\" autocomplete=\"new-password\" \/><\/span>\n<\/p>\n<p><input class=\"wpcf7-form-control wpcf7-submit has-spinner\" type=\"submit\" value=\"Bewerbung absenden\" \/>\n<\/p>\n<p>* Pflichtfeld\n<\/p><div class=\"wpcf7-response-output\" aria-hidden=\"true\"><\/div>\n<\/form>\n<\/div>\n\n\n\n\n<p><\/div>\n","protected":false},"excerpt":{"rendered":"<p>bett1.de wurde mit der Vision gegr\u00fcndet, eine qualitativ hochwertige Matratze zum fairen Preis anzubieten. Gr\u00fcnder Adam Szpyt stellte sich damit entschieden gegen die Preisabsprachen des ehemaligen Matratzenkartells. Seit der Gr\u00fcndung des Unternehmens etablierte sich bett1.de mit h\u00f6chsten Qualit\u00e4tsanspr\u00fcchen im Bedding-Segment und bei einer begeisterten Kundschaft. Die bett1.de GmbH sucht f\u00fcr ihren Standort in Berlin-Charlottenburg einen [&hellip;]<\/p>\n","protected":false},"author":13,"featured_media":0,"parent":488,"menu_order":0,"comment_status":"closed","ping_status":"closed","template":"","meta":{"_acf_changed":false,"footnotes":""},"class_list":["post-16730","page","type-page","status-publish","hentry"],"acf":[],"yoast_head":"<!-- This site is optimized with the Yoast SEO Premium plugin v27.3 (Yoast SEO v27.4-RC1) - https:\/\/yoast.com\/product\/yoast-seo-premium-wordpress\/ -->\n<title>Online-Redakteur \/ Texter \/ Content Manager (m\/w\/d) - Wir sind Matratze<\/title>\n<meta name=\"description\" content=\"Wir suchen dich als Online-Redakteur (m\/w\/d)! Werde Teil von bett1.de \u2013 die mit Deutschlands meistgekaufter Matratze. Jetzt bewerben!\" \/>\n<meta name=\"robots\" content=\"index, follow, max-snippet:-1, max-image-preview:large, max-video-preview:-1\" \/>\n<link rel=\"canonical\" href=\"https:\/\/www.bett1.de\/infoportal\/karriere\/texter-content-manager-redakteur-m-w-d\/\" \/>\n<meta property=\"og:locale\" content=\"de_DE\" \/>\n<meta property=\"og:type\" content=\"article\" \/>\n<meta property=\"og:title\" content=\"Online-Redakteur \/ Texter \/ Content Manager (m\/w\/d)\" \/>\n<meta property=\"og:description\" content=\"Wir suchen dich als Online-Redakteur (m\/w\/d)! Werde Teil von bett1.de \u2013 die mit Deutschlands meistgekaufter Matratze. Jetzt bewerben!\" \/>\n<meta property=\"og:url\" content=\"https:\/\/www.bett1.de\/infoportal\/karriere\/texter-content-manager-redakteur-m-w-d\" \/>\n<meta property=\"og:site_name\" content=\"Wir sind Matratze\" \/>\n<meta property=\"article:publisher\" content=\"https:\/\/www.facebook.com\/bett1.de\" \/>\n<meta property=\"article:modified_time\" content=\"2026-04-01T15:13:24+00:00\" \/>\n<meta property=\"og:image\" content=\"https:\/\/static.bett1.de\/2024\/02\/1924f0d9-bett1_stellenanzeige_redaktiion_linedin_1200x627.jpg\" \/>\n\t<meta property=\"og:image:width\" content=\"1200\" \/>\n\t<meta property=\"og:image:height\" content=\"627\" \/>\n\t<meta property=\"og:image:type\" content=\"image\/jpeg\" \/>\n<script type=\"application\/ld+json\" class=\"yoast-schema-graph\">{\"@context\":\"https:\\\/\\\/schema.org\",\"@graph\":[{\"@type\":\"WebPage\",\"@id\":\"https:\\\/\\\/www.bett1.de\\\/infoportal\\\/karriere\\\/texter-content-manager-redakteur-m-w-d\",\"url\":\"https:\\\/\\\/www.bett1.de\\\/infoportal\\\/karriere\\\/texter-content-manager-redakteur-m-w-d\",\"name\":\"Online-Redakteur \\\/ Texter \\\/ Content Manager (m\\\/w\\\/d) - Wir sind Matratze\",\"isPartOf\":{\"@id\":\"https:\\\/\\\/www.bett1.de\\\/infoportal\\\/#website\"},\"primaryImageOfPage\":{\"@id\":\"https:\\\/\\\/www.bett1.de\\\/infoportal\\\/karriere\\\/texter-content-manager-redakteur-m-w-d#primaryimage\"},\"image\":{\"@id\":\"https:\\\/\\\/www.bett1.de\\\/infoportal\\\/karriere\\\/texter-content-manager-redakteur-m-w-d#primaryimage\"},\"thumbnailUrl\":\"https:\\\/\\\/static.bett1.de\\\/2024\\\/02\\\/1924f0d9-bett1_stellenanzeige_redaktiion_linedin_1200x627-1024x535.jpg\",\"datePublished\":\"2022-10-06T07:26:16+00:00\",\"dateModified\":\"2026-04-01T15:13:24+00:00\",\"description\":\"Wir suchen dich als Online-Redakteur (m\\\/w\\\/d)! Werde Teil von bett1.de \u2013 die mit Deutschlands meistgekaufter Matratze. Jetzt bewerben!\",\"breadcrumb\":{\"@id\":\"https:\\\/\\\/www.bett1.de\\\/infoportal\\\/karriere\\\/texter-content-manager-redakteur-m-w-d#breadcrumb\"},\"inLanguage\":\"de-DE\",\"potentialAction\":[{\"@type\":\"ReadAction\",\"target\":[\"https:\\\/\\\/www.bett1.de\\\/infoportal\\\/karriere\\\/texter-content-manager-redakteur-m-w-d\"]}]},{\"@type\":\"ImageObject\",\"inLanguage\":\"de-DE\",\"@id\":\"https:\\\/\\\/www.bett1.de\\\/infoportal\\\/karriere\\\/texter-content-manager-redakteur-m-w-d#primaryimage\",\"url\":\"https:\\\/\\\/static.bett1.de\\\/2024\\\/02\\\/1924f0d9-bett1_stellenanzeige_redaktiion_linedin_1200x627-1024x535.jpg\",\"contentUrl\":\"https:\\\/\\\/static.bett1.de\\\/2024\\\/02\\\/1924f0d9-bett1_stellenanzeige_redaktiion_linedin_1200x627-1024x535.jpg\"},{\"@type\":\"BreadcrumbList\",\"@id\":\"https:\\\/\\\/www.bett1.de\\\/infoportal\\\/karriere\\\/texter-content-manager-redakteur-m-w-d#breadcrumb\",\"itemListElement\":[{\"@type\":\"ListItem\",\"position\":1,\"name\":\"Startseite\",\"item\":\"https:\\\/\\\/www.bett1.de\\\/infoportal\"},{\"@type\":\"ListItem\",\"position\":2,\"name\":\"Mit bett1.de liegst du richtig \u2013 auch bei der Jobwahl\",\"item\":\"https:\\\/\\\/www.bett1.de\\\/infoportal\\\/karriere\"},{\"@type\":\"ListItem\",\"position\":3,\"name\":\"Online-Redakteur \\\/ Texter \\\/ Content Manager (m\\\/w\\\/d)\"}]},{\"@type\":\"WebSite\",\"@id\":\"https:\\\/\\\/www.bett1.de\\\/infoportal\\\/#website\",\"url\":\"https:\\\/\\\/www.bett1.de\\\/infoportal\\\/\",\"name\":\"bett1.de\\\/infoportal\",\"description\":\"Das Infoportal von bett1.de\",\"potentialAction\":[{\"@type\":\"SearchAction\",\"target\":{\"@type\":\"EntryPoint\",\"urlTemplate\":\"https:\\\/\\\/www.bett1.de\\\/infoportal\\\/?s={search_term_string}\"},\"query-input\":{\"@type\":\"PropertyValueSpecification\",\"valueRequired\":true,\"valueName\":\"search_term_string\"}}],\"inLanguage\":\"de-DE\"}]}<\/script>\n<!-- \/ Yoast SEO Premium plugin. -->","yoast_head_json":{"title":"Online-Redakteur \/ Texter \/ Content Manager (m\/w\/d) - Wir sind Matratze","description":"Wir suchen dich als Online-Redakteur (m\/w\/d)! Werde Teil von bett1.de \u2013 die mit Deutschlands meistgekaufter Matratze. Jetzt bewerben!","robots":{"index":"index","follow":"follow","max-snippet":"max-snippet:-1","max-image-preview":"max-image-preview:large","max-video-preview":"max-video-preview:-1"},"canonical":"https:\/\/www.bett1.de\/infoportal\/karriere\/texter-content-manager-redakteur-m-w-d\/","og_locale":"de_DE","og_type":"article","og_title":"Online-Redakteur \/ Texter \/ Content Manager (m\/w\/d)","og_description":"Wir suchen dich als Online-Redakteur (m\/w\/d)! Werde Teil von bett1.de \u2013 die mit Deutschlands meistgekaufter Matratze. Jetzt bewerben!","og_url":"https:\/\/www.bett1.de\/infoportal\/karriere\/texter-content-manager-redakteur-m-w-d","og_site_name":"Wir sind Matratze","article_publisher":"https:\/\/www.facebook.com\/bett1.de","article_modified_time":"2026-04-01T15:13:24+00:00","og_image":[{"width":1200,"height":627,"url":"https:\/\/static.bett1.de\/2024\/02\/1924f0d9-bett1_stellenanzeige_redaktiion_linedin_1200x627.jpg","type":"image\/jpeg"}],"schema":{"@context":"https:\/\/schema.org","@graph":[{"@type":"WebPage","@id":"https:\/\/www.bett1.de\/infoportal\/karriere\/texter-content-manager-redakteur-m-w-d","url":"https:\/\/www.bett1.de\/infoportal\/karriere\/texter-content-manager-redakteur-m-w-d","name":"Online-Redakteur \/ Texter \/ Content Manager (m\/w\/d) - Wir sind Matratze","isPartOf":{"@id":"https:\/\/www.bett1.de\/infoportal\/#website"},"primaryImageOfPage":{"@id":"https:\/\/www.bett1.de\/infoportal\/karriere\/texter-content-manager-redakteur-m-w-d#primaryimage"},"image":{"@id":"https:\/\/www.bett1.de\/infoportal\/karriere\/texter-content-manager-redakteur-m-w-d#primaryimage"},"thumbnailUrl":"https:\/\/static.bett1.de\/2024\/02\/1924f0d9-bett1_stellenanzeige_redaktiion_linedin_1200x627-1024x535.jpg","datePublished":"2022-10-06T07:26:16+00:00","dateModified":"2026-04-01T15:13:24+00:00","description":"Wir suchen dich als Online-Redakteur (m\/w\/d)! Werde Teil von bett1.de \u2013 die mit Deutschlands meistgekaufter Matratze. Jetzt bewerben!","breadcrumb":{"@id":"https:\/\/www.bett1.de\/infoportal\/karriere\/texter-content-manager-redakteur-m-w-d#breadcrumb"},"inLanguage":"de-DE","potentialAction":[{"@type":"ReadAction","target":["https:\/\/www.bett1.de\/infoportal\/karriere\/texter-content-manager-redakteur-m-w-d"]}]},{"@type":"ImageObject","inLanguage":"de-DE","@id":"https:\/\/www.bett1.de\/infoportal\/karriere\/texter-content-manager-redakteur-m-w-d#primaryimage","url":"https:\/\/static.bett1.de\/2024\/02\/1924f0d9-bett1_stellenanzeige_redaktiion_linedin_1200x627-1024x535.jpg","contentUrl":"https:\/\/static.bett1.de\/2024\/02\/1924f0d9-bett1_stellenanzeige_redaktiion_linedin_1200x627-1024x535.jpg"},{"@type":"BreadcrumbList","@id":"https:\/\/www.bett1.de\/infoportal\/karriere\/texter-content-manager-redakteur-m-w-d#breadcrumb","itemListElement":[{"@type":"ListItem","position":1,"name":"Startseite","item":"https:\/\/www.bett1.de\/infoportal"},{"@type":"ListItem","position":2,"name":"Mit bett1.de liegst du richtig \u2013 auch bei der Jobwahl","item":"https:\/\/www.bett1.de\/infoportal\/karriere"},{"@type":"ListItem","position":3,"name":"Online-Redakteur \/ Texter \/ Content Manager (m\/w\/d)"}]},{"@type":"WebSite","@id":"https:\/\/www.bett1.de\/infoportal\/#website","url":"https:\/\/www.bett1.de\/infoportal\/","name":"bett1.de\/infoportal","description":"Das Infoportal von bett1.de","potentialAction":[{"@type":"SearchAction","target":{"@type":"EntryPoint","urlTemplate":"https:\/\/www.bett1.de\/infoportal\/?s={search_term_string}"},"query-input":{"@type":"PropertyValueSpecification","valueRequired":true,"valueName":"search_term_string"}}],"inLanguage":"de-DE"}]}},"_links":{"self":[{"href":"https:\/\/www.bett1.de\/infoportal\/wp-json\/wp\/v2\/pages\/16730","targetHints":{"allow":["GET"]}}],"collection":[{"href":"https:\/\/www.bett1.de\/infoportal\/wp-json\/wp\/v2\/pages"}],"about":[{"href":"https:\/\/www.bett1.de\/infoportal\/wp-json\/wp\/v2\/types\/page"}],"author":[{"embeddable":true,"href":"https:\/\/www.bett1.de\/infoportal\/wp-json\/wp\/v2\/users\/13"}],"replies":[{"embeddable":true,"href":"https:\/\/www.bett1.de\/infoportal\/wp-json\/wp\/v2\/comments?post=16730"}],"version-history":[{"count":48,"href":"https:\/\/www.bett1.de\/infoportal\/wp-json\/wp\/v2\/pages\/16730\/revisions"}],"predecessor-version":[{"id":166128,"href":"https:\/\/www.bett1.de\/infoportal\/wp-json\/wp\/v2\/pages\/16730\/revisions\/166128"}],"up":[{"embeddable":true,"href":"https:\/\/www.bett1.de\/infoportal\/wp-json\/wp\/v2\/pages\/488"}],"wp:attachment":[{"href":"https:\/\/www.bett1.de\/infoportal\/wp-json\/wp\/v2\/media?parent=16730"}],"curies":[{"name":"wp","href":"https:\/\/api.w.org\/{rel}","templated":true}]}}