{"id":26872,"date":"2021-06-21T16:21:24","date_gmt":"2021-06-21T14:21:24","guid":{"rendered":"https:\/\/www.bett1.de\/infoportal\/?page_id=26872"},"modified":"2023-04-25T18:14:08","modified_gmt":"2023-04-25T16:14:08","slug":"kindermatratze-welche-matratze-fuer-kinder-geeignet-ist","status":"publish","type":"page","link":"https:\/\/www.bett1.de\/infoportal\/newsletter\/2021-07\/kindermatratze-welche-matratze-fuer-kinder-geeignet-ist","title":{"rendered":"Welche Matratze ist f\u00fcr Kinder geeignet?"},"content":{"rendered":"<div class=\"wp-block-image\">\n<figure class=\"aligncenter\"><img decoding=\"async\" width=\"1260\" height=\"690\" src=\"https:\/\/storage.googleapis.com\/bett1-328410-infoportal-prod-de\/2021\/04\/bett1_kindermatratze_header.jpg\" alt=\"Foto: Ein Kleinkind steht aufrecht auf einer Matratze und halt sich dabei an den St\u00e4ben des Gitterbettes fest.\" class=\"wp-image-26085\" srcset=\"https:\/\/static.bett1.de\/2021\/04\/bett1_kindermatratze_header.jpg 1260w, https:\/\/static.bett1.de\/2021\/04\/bett1_kindermatratze_header-300x164.jpg 300w, https:\/\/static.bett1.de\/2021\/04\/bett1_kindermatratze_header-1024x561.jpg 1024w, https:\/\/static.bett1.de\/2021\/04\/bett1_kindermatratze_header-768x421.jpg 768w\" sizes=\"(max-width: 1260px) 100vw, 1260px\" \/><\/figure>\n<\/div>\n\n<nav id=\"sommaire-article\"><a href=\"#unterschiede-zwischen-kindermatratze-und-babymatratze\" class=\"title_lvl2\"><span class=\"title_lvl\">1. <\/span>Unterschiede zwischen Kindermatratze und Babymatratze<\/a><a href=\"#haertegrad-eine-frage-der-sicherheit\" class=\"title_lvl3\"><span class=\"title_lvl\">1.1. <\/span>H\u00e4rtegrad \u2013 eine Frage der Sicherheit<\/a><a href=\"#liegezonen-fuer-babys-kleinkinder-und-kinder\" class=\"title_lvl3\"><span class=\"title_lvl\">1.2. <\/span>Liegezonen f\u00fcr Babys, Kleinkinder und Kinder?<\/a><a href=\"#die-maer-von-der-schadstofffreiheit\" class=\"title_lvl3\"><span class=\"title_lvl\">1.3. <\/span>Die M\u00e4r von der Schadstofffreiheit<\/a><a href=\"#ab-wann-von-der-babymatratze-zur-kindermatratze\" class=\"title_lvl2\"><span class=\"title_lvl\">2. <\/span>Ab wann von der Babymatratze zur Kindermatratze?<\/a><\/nav>\n\n\n\n<p>Kinder befinden sich noch im Wachstum. W\u00e4hrend das bei Anziehsachen h\u00e4ufige Neuanschaffungen bedeutet, sollte eine Kindermatratze den im Wachstum befindlichen K\u00f6rper \u00fcber lange Zeit in unterschiedlichen K\u00f6rpergr\u00f6\u00dfen und Auspr\u00e4gungen gut abst\u00fctzen. Eine der gr\u00f6\u00dften Unsicherheiten f\u00fcr Eltern besteht darin, ab welchem Alter welche Matratze genutzt werden sollte. Wann ist es Zeit f\u00fcr den Wechsel von der Babymatratze zur Kindermatratze? Ist ein Zwischenschritt in Form einer Kleinkindmatratze sinnvoll oder gar notwendig? Die Antwort liegt in den unterschiedlichen Anforderungen an eine Baby-, Kleinkind- oder Kindermatratze.<\/p>\n\n\n\n<h2 class=\"wp-block-heading\">Unterschiede zwischen Kindermatratze und Babymatratze<\/h2>\n\n\n<div class=\"wp-block-image\">\n<figure class=\"aligncenter\"><img decoding=\"async\" width=\"1024\" height=\"500\" src=\"https:\/\/storage.googleapis.com\/bett1-328410-infoportal-prod-de\/2021\/04\/bett1_kindermatratze_unterschiede-3.png\" alt=\"Zweigeteilte Illustration in Vogelperspektive: links: die zwei g\u00e4ngigen Babymatratzen in den Ma\u00dfen 60x120 und 70x140 cm - rechts eine Kindermatratze 90x200 cm.\" class=\"wp-image-26080\" srcset=\"https:\/\/static.bett1.de\/2021\/04\/bett1_kindermatratze_unterschiede-3.png 1024w, https:\/\/static.bett1.de\/2021\/04\/bett1_kindermatratze_unterschiede-3-300x146.png 300w, https:\/\/static.bett1.de\/2021\/04\/bett1_kindermatratze_unterschiede-3-768x375.png 768w\" sizes=\"(max-width: 1024px) 100vw, 1024px\" \/><\/figure>\n<\/div>\n\n\n<p>Kindermatratze und Babymatratze unterscheiden sich zun\u00e4chst in der Gr\u00f6\u00dfe. Ein normales Kinderbett hat standardm\u00e4\u00dfig eine Gr\u00f6\u00dfe von 90 x 200 cm und kann so auch mit einer g\u00e4ngigen Matratze f\u00fcr Erwachsene best\u00fcckt werden. Eine ausgewiesene Kindermatratze 90&#215;200 ist nicht zwingend notwendig. Bei Babybetten sind 60 x 120 und 70 x 140 cm die am weitesten verbreiteten Ma\u00dfe. Die wichtigsten Unterschiede zwischen Babymatratze und Kinderbettmatratze bestehen jedoch in den Liegeeigenschaften der Schlafunterlage. Hier kommen unterschiedliche Anspr\u00fcche an den H\u00e4rtegrad, die Zonierung oder Schadstoffe zum Tragen.<\/p>\n\n\n\n<h3 class=\"wp-block-heading\"><a id=\"Haertegrad\" class=\"anchor\"><\/a>H\u00e4rtegrad \u2013 eine Frage der Sicherheit<\/h3>\n\n\n\n<p>F\u00fcr Babys empfehlen sich eher harte Matratzen, damit der Kopf nicht zu tief in die Schlafunterlage einsinken kann. Babymatratzen sollten nach der Norm DIN EN 16890 gepr\u00fcft sein, um sicherheitstechnische Anforderungen zu erf\u00fcllen.<\/p>\n\n\n\n<p>Eine Kindermatratze kann hingegen in weichen als auch festen H\u00e4rtegraden&nbsp;gut abst\u00fctzen. Wichtig ist, wie bei Matratzen f\u00fcr Erwachsene, dass die Wirbels\u00e4ule richtig gelagert wird. Im Bereich schwerer K\u00f6rperpartien sollte die Matratze also entsprechend nachgeben \u2013 nicht zu viel, aber auch nicht zu wenig.<\/p>\n\n\n<div class=\"box grey-box\"><strong>Tipp:<\/strong> Die Liegeh\u00e4rte der Matratze bezieht sich auf ihre Fl\u00e4chenbelastung. Bei punktueller Belastung kann eine feste Matratze sehr weich reagieren. F\u00fcr Trittsicherheit im Bett kann bei einer Kindermatratze eine festere Trittkante, etwa durch einen ges\u00e4umten Matratzenbezug oder eine verst\u00e4rkte Seitenfl\u00e4che, von Vorteil sein. Ein stabiler Rand verringert die Gefahr, beim Springen und Toben durch heruntergetretene Matratzenkanten zwischen den Bettrahmen zu rutschen. Derartige Verletzungsm\u00f6glichkeiten durch Quetschungen oder das Herunterfallen vom Bett k\u00f6nnen aber auch durch Absprachen mit dem Kind vermieden werden. Gerade Eltern und Kinder mit einem Hochbett\u00a0treffen h\u00e4ufig von vornherein die Vereinbarung, dass das Bett keine H\u00fcpfburg, sondern ein Ort der Ruhe ist und ausschlie\u00dflich zum Entspannen, Kuscheln, Lesen und Schlafen dient.<\/div>\n\n\n\n<h3 class=\"wp-block-heading\"><a id=\"Liegezonen\" class=\"anchor\"><\/a>Liegezonen f\u00fcr Babys, Kleinkinder und Kinder?<\/h3>\n\n\n\n<p>Babys und Kleinkinder profitieren nicht von einer Zonierung der Matratze. Ihr zu geringes K\u00f6rpergewicht und ihr lebendiges Schlafverhalten, das keiner festgelegten Liegerichtung folgt, nehmen jeglichen Liegezonen den Sinn. Auch eine Kindermatratze ben\u00f6tigt keine Liegezonen, da der im Wachstum befindliche K\u00f6rper und die f\u00fcr die jeweiligen K\u00f6rperzonen bestimmten Zonen je nach Schnitttechnik nur kurze Zeit oder gar nicht \u00fcbereinstimmen w\u00fcrden. Eine Matratze kann eben nicht mitwachsen.<\/p>\n\n\n<div class=\"wp-block-image\">\n<figure class=\"aligncenter\"><img decoding=\"async\" width=\"1024\" height=\"500\" src=\"https:\/\/storage.googleapis.com\/bett1-328410-infoportal-prod-de\/2021\/04\/bett1_kindermatratze_liegezonen.jpg\" alt=\"Foto: Ein Baby liegt mit dem R\u00fccken zum Betrachter mittig auf einer gro\u00dfen Matratze.\" class=\"wp-image-26198\" srcset=\"https:\/\/static.bett1.de\/2021\/04\/bett1_kindermatratze_liegezonen.jpg 1024w, https:\/\/static.bett1.de\/2021\/04\/bett1_kindermatratze_liegezonen-300x146.jpg 300w, https:\/\/static.bett1.de\/2021\/04\/bett1_kindermatratze_liegezonen-768x375.jpg 768w\" sizes=\"(max-width: 1024px) 100vw, 1024px\" \/><\/figure>\n<\/div>\n\n\n<p>Sobald sich die K\u00f6rpergr\u00f6\u00dfe des Kindes im Bereich eines Erwachsenen bewegt und sich durch das Wachstum im Verh\u00e4ltnis zur Lage auf der Matratze absehbar nur noch marginale \u00c4nderungen ergeben, kann eine zonierte Matratze sinnvoll sein. Bei diesen Matratzen passen sich die Liegezonen auf verschiedene Bed\u00fcrfnisse unterschiedlich ausgepr\u00e4gter K\u00f6rperzonen an.<\/p>\n\n\n\n<h3 class=\"wp-block-heading\"><a id=\"Schadstofffreiheit\" class=\"anchor\"><\/a>Die M\u00e4r von der Schadstofffreiheit<\/h3>\n\n\n<div class=\"wp-block-image\">\n<figure class=\"aligncenter\"><img decoding=\"async\" width=\"1024\" height=\"500\" src=\"https:\/\/storage.googleapis.com\/bett1-328410-infoportal-prod-de\/2021\/04\/bett1_kindermatratze_schadstoffpruefung.png\" alt=\"\" class=\"wp-image-26199\" srcset=\"https:\/\/static.bett1.de\/2021\/04\/bett1_kindermatratze_schadstoffpruefung.png 1024w, https:\/\/static.bett1.de\/2021\/04\/bett1_kindermatratze_schadstoffpruefung-300x146.png 300w, https:\/\/static.bett1.de\/2021\/04\/bett1_kindermatratze_schadstoffpruefung-768x375.png 768w\" sizes=\"(max-width: 1024px) 100vw, 1024px\" \/><\/figure>\n<\/div>\n\n\n<p>Eltern m\u00f6chten ihre Kinder vor allem, was sch\u00e4dlich sein k\u00f6nnte, besch\u00fctzen. Schadstoffe k\u00f6nnen gerade im Wachstum negative Folgen haben. Daher werben unterschiedliche Anbieter gern mit einer Schadstofffreiheit, die es de facto nicht geben kann. Unsere Umwelt besteht aus unterschiedlichsten Stoffen. Abh\u00e4ngig von der Dosis kann selbst ein elementarer Grundbaustein unseres eigenen K\u00f6rpers sch\u00e4dlich sein. Wichtig ist, dass festgelegte Grenzwerte nicht \u00fcberschritten oder in einem Material enthaltene Stoffe nicht an die Umgebung abgegeben werden. Vor allem bei Matratzen, mit denen Kinder wie Erwachsene t\u00e4glich \u00fcber Stunden auf vollen K\u00f6rperkontakt gehen, kommt dieser Fakt zum Tragen.<\/p>\n\n\n\n<p>Einige wenige Label, wie etwa das Oeko-Tex<sup>\u00ae<\/sup> Standard 100, garantieren die unabh\u00e4ngige Pr\u00fcfung von Produkten und Rohmaterialien auf die Einhaltung strengster \u2013 f\u00fcr S\u00e4uglinge geeignete \u2013 Grenzwerte. Andere Institute pr\u00fcfen die Abgabe potenziell gef\u00e4hrlicher Stoffe an die Umgebung, wie etwa die Deutsche Bundesanstalt f\u00fcr Materialpr\u00fcfung.<\/p>\n\n\n<div class=\"box grey-box\"><strong>Tipp:<\/strong> Zahlreiche, teils von Herstellern selbst kreierte Siegel oder Zertifikate befinden sich im Umlauf. Achte bei Siegeln und Zertifikaten auf die Transparenz der Pr\u00fcfkriterien. Diese geben einen Anhaltspunkt f\u00fcr die Seriosit\u00e4t der Pr\u00fcfinstanz.<\/div>\n\n\n\n<h2 class=\"wp-block-heading\">Ab wann von der Babymatratze zur Kindermatratze?<\/h2>\n\n\n\n<p>Um den Wechsel zwischen Babymatratze und Kleinkindmatratze zu erleichtern, bieten einige Hersteller Matratzen mit unterschiedlichen Liegeseiten an: eine f\u00fcr das Baby, die andere f\u00fcr das Kleinkindalter. Oft ist der Unterschied zwischen den Seiten nur marginal. Je nach Gr\u00f6\u00dfe des Babybetts ist eine Zwischenl\u00f6sung, also eine Kleinkindmatratze, hinf\u00e4llig, da eine Kindermatratze bereits f\u00fcr Kleinkinder geeignet ist. Lediglich die Anspr\u00fcche an die Sicherheit des Bettes unterscheiden sich zwischen Kleinkind und Kind. Die \u00dcberg\u00e4nge zwischen dem <a href=\"https:\/\/www.bett1.de\/infoportal\/ratgeber\/schlafen-lernen-kinder-einschlafen-durchschlafen\">Schlafverhalten der einzelnen Wachstumsphasen<\/a> sind flie\u00dfend. Du kannst, etwa mit einem Bettgitter, das Kleinkind bereits problemlos in einem Kinderbett schlafen lassen. Solltest du die Variante des gemeinsamen Schlafens im Familienbett bevorzugen, kannst du in der Regel nach dieser Zeit problemlos auf eine Kindermatratze f\u00fcr das erste eigene Kinderbett wechseln.<\/p>\n\n\n\n<p>Ob Beistellbett, Gitterbett, Baby-, Kleinkind- oder Kinderbett \u2013 Zeit f\u00fcr den Wechsel zwischen den Schlafst\u00e4tten ist es sp\u00e4testens, wenn an Kopf und Fu\u00dfende nicht mehr ausreichend Raum zur Verf\u00fcgung steht. Etwa zehn Zentimeter Platz nach oben und unten sollte das Kind mindestens haben. Der Wechsel ist also keine Frage des Alters, sondern der Gr\u00f6\u00dfe des Kindes und des Bettes. Gr\u00f6\u00dfere Babybetten enden meist bei einer L\u00e4nge von 140 cm. Sie sind also maximal bis zu einer K\u00f6rpergr\u00f6\u00dfe von 120 cm nutzbar. Dann sollte der Wechsel zur Kindermatratze erfolgen.<\/p>\n\n\n\n<hr class=\"wp-block-separator has-alpha-channel-opacity\"\/>\n\n\n<div class=\"two-columns-one\"><a href=\"https:\/\/www.bett1.de\/infoportal\/newsletter\/2021-07\/bettwaesche-waschen-so-funktionierts\"><img decoding=\"async\" class=\"alignnone size-full wp-image-6075\" src=\"https:\/\/storage.googleapis.com\/bett1-328410-infoportal-prod-de\/2021\/06\/bett1_bettwaesche_waschen_titelbild-2.jpg\" alt=\"Foto: H\u00e4nde bef\u00fcllen eine Waschmaschine mit grauer Bettw\u00e4sche.\" width=\"458\" height=\"200\" \/><\/a><br \/>\nAb in die Waschmaschine? Was du beim Bettw\u00e4sche waschen beachten solltest.<strong><a href=\"https:\/\/www.bett1.de\/infoportal\/newsletter\/2021-07\/bettwaesche-waschen-so-funktionierts\"><br \/>\nLesen<\/a><\/strong><\/div>\n\n\n<div class=\"two-columns-one last\"><a href=\"https:\/\/www.bett1.de\/infoportal\/newsletter\/2021-07\/tennis-macht-schule\"><img decoding=\"async\" class=\"alignnone size-full wp-image-6075\" src=\"https:\/\/storage.googleapis.com\/bett1-328410-infoportal-prod-de\/2021\/06\/bett1_tennis-macht-schule_titelbild.jpg\" alt=\"Foto: Eine Gruppe Kinder \u00fcbt mit B\u00e4llen und Schl\u00e4gern das Tennisspielen.\" width=\"458\" height=\"200\" \/><\/a><br \/>\nTennis macht Schule: Wir m\u00f6chten allen Kindern das Tennisspielen erm\u00f6glichen.<strong><a href=\"https:\/\/www.bett1.de\/infoportal\/newsletter\/2021-07\/tennis-macht-schule\"><br \/>\nLesen<\/a><\/strong><\/div>\n","protected":false},"excerpt":{"rendered":"<p>Kinder befinden sich noch im Wachstum. W\u00e4hrend das bei Anziehsachen h\u00e4ufige Neuanschaffungen bedeutet, sollte eine Kindermatratze den im Wachstum befindlichen K\u00f6rper \u00fcber lange Zeit in unterschiedlichen K\u00f6rpergr\u00f6\u00dfen und Auspr\u00e4gungen gut abst\u00fctzen. Eine der gr\u00f6\u00dften Unsicherheiten f\u00fcr Eltern besteht darin, ab welchem Alter welche Matratze genutzt werden sollte. Wann ist es Zeit f\u00fcr den Wechsel von [&hellip;]<\/p>\n","protected":false},"author":13,"featured_media":0,"parent":26892,"menu_order":0,"comment_status":"closed","ping_status":"closed","template":"","meta":{"_acf_changed":false,"footnotes":""},"class_list":["post-26872","page","type-page","status-publish","hentry"],"acf":[],"yoast_head":"<!-- This site is optimized with the Yoast SEO Premium plugin v26.8 (Yoast SEO v26.9-RC2) - https:\/\/yoast.com\/product\/yoast-seo-premium-wordpress\/ -->\n<title>Welche Matratze ist f\u00fcr Kinder geeignet? - Wir sind Matratze<\/title>\n<meta name=\"robots\" content=\"noindex, follow\" \/>\n<meta property=\"og:locale\" content=\"de_DE\" \/>\n<meta property=\"og:type\" content=\"article\" \/>\n<meta property=\"og:title\" content=\"Welche Matratze ist f\u00fcr Kinder geeignet?\" \/>\n<meta property=\"og:description\" content=\"Kinder befinden sich noch im Wachstum. W\u00e4hrend das bei Anziehsachen h\u00e4ufige Neuanschaffungen bedeutet, sollte eine Kindermatratze den im Wachstum befindlichen K\u00f6rper \u00fcber lange Zeit in unterschiedlichen K\u00f6rpergr\u00f6\u00dfen und Auspr\u00e4gungen gut abst\u00fctzen. Eine der gr\u00f6\u00dften Unsicherheiten f\u00fcr Eltern besteht darin, ab welchem Alter welche Matratze genutzt werden sollte. Wann ist es Zeit f\u00fcr den Wechsel von [&hellip;]\" \/>\n<meta property=\"og:url\" content=\"https:\/\/www.bett1.de\/infoportal\/newsletter\/2021-07\/kindermatratze-welche-matratze-fuer-kinder-geeignet-ist\" \/>\n<meta property=\"og:site_name\" content=\"Wir sind Matratze\" \/>\n<meta property=\"article:publisher\" content=\"https:\/\/www.facebook.com\/bett1.de\" \/>\n<meta property=\"article:modified_time\" content=\"2023-04-25T16:14:08+00:00\" \/>\n<meta property=\"og:image\" content=\"https:\/\/storage.googleapis.com\/bett1-328410-infoportal-prod-de\/2021\/04\/bett1_kindermatratze_header.jpg\" \/>\n<script type=\"application\/ld+json\" class=\"yoast-schema-graph\">{\"@context\":\"https:\/\/schema.org\",\"@graph\":[{\"@type\":\"WebPage\",\"@id\":\"https:\/\/www.bett1.de\/infoportal\/newsletter\/2021-07\/kindermatratze-welche-matratze-fuer-kinder-geeignet-ist\",\"url\":\"https:\/\/www.bett1.de\/infoportal\/newsletter\/2021-07\/kindermatratze-welche-matratze-fuer-kinder-geeignet-ist\",\"name\":\"Welche Matratze ist f\u00fcr Kinder geeignet? - Wir sind Matratze\",\"isPartOf\":{\"@id\":\"https:\/\/www.bett1.de\/infoportal\/#website\"},\"primaryImageOfPage\":{\"@id\":\"https:\/\/www.bett1.de\/infoportal\/newsletter\/2021-07\/kindermatratze-welche-matratze-fuer-kinder-geeignet-ist#primaryimage\"},\"image\":{\"@id\":\"https:\/\/www.bett1.de\/infoportal\/newsletter\/2021-07\/kindermatratze-welche-matratze-fuer-kinder-geeignet-ist#primaryimage\"},\"thumbnailUrl\":\"https:\/\/storage.googleapis.com\/bett1-328410-infoportal-prod-de\/2021\/04\/bett1_kindermatratze_header.jpg\",\"datePublished\":\"2021-06-21T14:21:24+00:00\",\"dateModified\":\"2023-04-25T16:14:08+00:00\",\"breadcrumb\":{\"@id\":\"https:\/\/www.bett1.de\/infoportal\/newsletter\/2021-07\/kindermatratze-welche-matratze-fuer-kinder-geeignet-ist#breadcrumb\"},\"inLanguage\":\"de-DE\",\"potentialAction\":[{\"@type\":\"ReadAction\",\"target\":[\"https:\/\/www.bett1.de\/infoportal\/newsletter\/2021-07\/kindermatratze-welche-matratze-fuer-kinder-geeignet-ist\"]}]},{\"@type\":\"ImageObject\",\"inLanguage\":\"de-DE\",\"@id\":\"https:\/\/www.bett1.de\/infoportal\/newsletter\/2021-07\/kindermatratze-welche-matratze-fuer-kinder-geeignet-ist#primaryimage\",\"url\":\"https:\/\/storage.googleapis.com\/bett1-328410-infoportal-prod-de\/2021\/04\/bett1_kindermatratze_header.jpg\",\"contentUrl\":\"https:\/\/storage.googleapis.com\/bett1-328410-infoportal-prod-de\/2021\/04\/bett1_kindermatratze_header.jpg\"},{\"@type\":\"BreadcrumbList\",\"@id\":\"https:\/\/www.bett1.de\/infoportal\/newsletter\/2021-07\/kindermatratze-welche-matratze-fuer-kinder-geeignet-ist#breadcrumb\",\"itemListElement\":[{\"@type\":\"ListItem\",\"position\":1,\"name\":\"Startseite\",\"item\":\"https:\/\/www.bett1.de\/infoportal\"},{\"@type\":\"ListItem\",\"position\":2,\"name\":\"Newsletter\",\"item\":\"https:\/\/www.bett1.de\/infoportal\/newsletter\"},{\"@type\":\"ListItem\",\"position\":3,\"name\":\"2021-07\",\"item\":\"https:\/\/www.bett1.de\/infoportal\/newsletter\/2021-07\"},{\"@type\":\"ListItem\",\"position\":4,\"name\":\"Welche Matratze ist f\u00fcr Kinder geeignet?\"}]},{\"@type\":\"WebSite\",\"@id\":\"https:\/\/www.bett1.de\/infoportal\/#website\",\"url\":\"https:\/\/www.bett1.de\/infoportal\/\",\"name\":\"bett1.de\/infoportal\",\"description\":\"Das Infoportal von bett1.de\",\"potentialAction\":[{\"@type\":\"SearchAction\",\"target\":{\"@type\":\"EntryPoint\",\"urlTemplate\":\"https:\/\/www.bett1.de\/infoportal\/?s={search_term_string}\"},\"query-input\":{\"@type\":\"PropertyValueSpecification\",\"valueRequired\":true,\"valueName\":\"search_term_string\"}}],\"inLanguage\":\"de-DE\"}]}<\/script>\n<!-- \/ Yoast SEO Premium plugin. -->","yoast_head_json":{"title":"Welche Matratze ist f\u00fcr Kinder geeignet? - Wir sind Matratze","robots":{"index":"noindex","follow":"follow"},"og_locale":"de_DE","og_type":"article","og_title":"Welche Matratze ist f\u00fcr Kinder geeignet?","og_description":"Kinder befinden sich noch im Wachstum. W\u00e4hrend das bei Anziehsachen h\u00e4ufige Neuanschaffungen bedeutet, sollte eine Kindermatratze den im Wachstum befindlichen K\u00f6rper \u00fcber lange Zeit in unterschiedlichen K\u00f6rpergr\u00f6\u00dfen und Auspr\u00e4gungen gut abst\u00fctzen. Eine der gr\u00f6\u00dften Unsicherheiten f\u00fcr Eltern besteht darin, ab welchem Alter welche Matratze genutzt werden sollte. Wann ist es Zeit f\u00fcr den Wechsel von [&hellip;]","og_url":"https:\/\/www.bett1.de\/infoportal\/newsletter\/2021-07\/kindermatratze-welche-matratze-fuer-kinder-geeignet-ist","og_site_name":"Wir sind Matratze","article_publisher":"https:\/\/www.facebook.com\/bett1.de","article_modified_time":"2023-04-25T16:14:08+00:00","og_image":[{"url":"https:\/\/storage.googleapis.com\/bett1-328410-infoportal-prod-de\/2021\/04\/bett1_kindermatratze_header.jpg","type":"","width":"","height":""}],"schema":{"@context":"https:\/\/schema.org","@graph":[{"@type":"WebPage","@id":"https:\/\/www.bett1.de\/infoportal\/newsletter\/2021-07\/kindermatratze-welche-matratze-fuer-kinder-geeignet-ist","url":"https:\/\/www.bett1.de\/infoportal\/newsletter\/2021-07\/kindermatratze-welche-matratze-fuer-kinder-geeignet-ist","name":"Welche Matratze ist f\u00fcr Kinder geeignet? - Wir sind Matratze","isPartOf":{"@id":"https:\/\/www.bett1.de\/infoportal\/#website"},"primaryImageOfPage":{"@id":"https:\/\/www.bett1.de\/infoportal\/newsletter\/2021-07\/kindermatratze-welche-matratze-fuer-kinder-geeignet-ist#primaryimage"},"image":{"@id":"https:\/\/www.bett1.de\/infoportal\/newsletter\/2021-07\/kindermatratze-welche-matratze-fuer-kinder-geeignet-ist#primaryimage"},"thumbnailUrl":"https:\/\/storage.googleapis.com\/bett1-328410-infoportal-prod-de\/2021\/04\/bett1_kindermatratze_header.jpg","datePublished":"2021-06-21T14:21:24+00:00","dateModified":"2023-04-25T16:14:08+00:00","breadcrumb":{"@id":"https:\/\/www.bett1.de\/infoportal\/newsletter\/2021-07\/kindermatratze-welche-matratze-fuer-kinder-geeignet-ist#breadcrumb"},"inLanguage":"de-DE","potentialAction":[{"@type":"ReadAction","target":["https:\/\/www.bett1.de\/infoportal\/newsletter\/2021-07\/kindermatratze-welche-matratze-fuer-kinder-geeignet-ist"]}]},{"@type":"ImageObject","inLanguage":"de-DE","@id":"https:\/\/www.bett1.de\/infoportal\/newsletter\/2021-07\/kindermatratze-welche-matratze-fuer-kinder-geeignet-ist#primaryimage","url":"https:\/\/storage.googleapis.com\/bett1-328410-infoportal-prod-de\/2021\/04\/bett1_kindermatratze_header.jpg","contentUrl":"https:\/\/storage.googleapis.com\/bett1-328410-infoportal-prod-de\/2021\/04\/bett1_kindermatratze_header.jpg"},{"@type":"BreadcrumbList","@id":"https:\/\/www.bett1.de\/infoportal\/newsletter\/2021-07\/kindermatratze-welche-matratze-fuer-kinder-geeignet-ist#breadcrumb","itemListElement":[{"@type":"ListItem","position":1,"name":"Startseite","item":"https:\/\/www.bett1.de\/infoportal"},{"@type":"ListItem","position":2,"name":"Newsletter","item":"https:\/\/www.bett1.de\/infoportal\/newsletter"},{"@type":"ListItem","position":3,"name":"2021-07","item":"https:\/\/www.bett1.de\/infoportal\/newsletter\/2021-07"},{"@type":"ListItem","position":4,"name":"Welche Matratze ist f\u00fcr Kinder geeignet?"}]},{"@type":"WebSite","@id":"https:\/\/www.bett1.de\/infoportal\/#website","url":"https:\/\/www.bett1.de\/infoportal\/","name":"bett1.de\/infoportal","description":"Das Infoportal von bett1.de","potentialAction":[{"@type":"SearchAction","target":{"@type":"EntryPoint","urlTemplate":"https:\/\/www.bett1.de\/infoportal\/?s={search_term_string}"},"query-input":{"@type":"PropertyValueSpecification","valueRequired":true,"valueName":"search_term_string"}}],"inLanguage":"de-DE"}]}},"_links":{"self":[{"href":"https:\/\/www.bett1.de\/infoportal\/wp-json\/wp\/v2\/pages\/26872","targetHints":{"allow":["GET"]}}],"collection":[{"href":"https:\/\/www.bett1.de\/infoportal\/wp-json\/wp\/v2\/pages"}],"about":[{"href":"https:\/\/www.bett1.de\/infoportal\/wp-json\/wp\/v2\/types\/page"}],"author":[{"embeddable":true,"href":"https:\/\/www.bett1.de\/infoportal\/wp-json\/wp\/v2\/users\/13"}],"replies":[{"embeddable":true,"href":"https:\/\/www.bett1.de\/infoportal\/wp-json\/wp\/v2\/comments?post=26872"}],"version-history":[{"count":17,"href":"https:\/\/www.bett1.de\/infoportal\/wp-json\/wp\/v2\/pages\/26872\/revisions"}],"predecessor-version":[{"id":58113,"href":"https:\/\/www.bett1.de\/infoportal\/wp-json\/wp\/v2\/pages\/26872\/revisions\/58113"}],"up":[{"embeddable":true,"href":"https:\/\/www.bett1.de\/infoportal\/wp-json\/wp\/v2\/pages\/26892"}],"wp:attachment":[{"href":"https:\/\/www.bett1.de\/infoportal\/wp-json\/wp\/v2\/media?parent=26872"}],"curies":[{"name":"wp","href":"https:\/\/api.w.org\/{rel}","templated":true}]}}