{"id":2785,"date":"2018-01-18T17:32:16","date_gmt":"2018-01-18T16:32:16","guid":{"rendered":"https:\/\/www.bett1.de\/infoportal\/?page_id=2785"},"modified":"2018-03-13T12:42:38","modified_gmt":"2018-03-13T11:42:38","slug":"snowboard-cross-weltcup-2018","status":"publish","type":"page","link":"https:\/\/www.bett1.de\/infoportal\/teilnahmebedingungen\/snowboard-cross-weltcup-2018","title":{"rendered":"Teilnahmebedingungen"},"content":{"rendered":"<h2>bett1.de Custom Build Snowboard #Brett1<\/h2>\n<p>&nbsp;<\/p>\n<h3>I. Gegenstand der Teilnahmebedingungen<\/h3>\n<p>1. Die bett1.de GmbH, Tauentzienstra\u00dfe 11, 10789 Berlin (nachfolgend \u201ebett1.de\u201c oder \u201ewir\u201c) veranstaltet auf der bett1.de Facebook-Seite eine Gewinnspiel-Aktion unter folgendem Link: <a href=\"https:\/\/www.facebook.com\/bett1.de\/posts\/1952406898411224\" target=\"_blank\" rel=\"noopener\">facebook.com\/bett1.de\/posts\/snowboard-cross-verlosung<\/a><br \/>\n2. F\u00fcr die Teilnahme an der Aktion gelten die nachfolgenden Teilnahmebedingungen. Mit der Teilnahme an dem Gewinnspiel erkl\u00e4ren Sie sich mit der Geltung dieser Teilnahmebedingungen einverstanden.<\/p>\n<h3>II. Teilnahmeberechtigung<\/h3>\n<p>1. Teilnahmeberechtigt sind ausschlie\u00dflich nat\u00fcrliche Personen ab dem vollendeten 18. Lebensjahr mit Wohnsitz in Deutschland. Mitarbeiter von bett1.de sowie Mitarbeiter der mit bett1.de verbundenen Unternehmen im In- und Ausland sind von der Teilnahme ausgeschlossen.<br \/>\n2. Ein Anspruch auf die Teilnahme an dem Wettbewerb besteht nicht.<\/p>\n<h3>III. Ablauf des Gewinnspiels<\/h3>\n<p>1. Das Gewinnspiel l\u00e4uft von Montag, den 22.01.2018 (16:00 Uhr) bis Donnerstag, den 01.02.2018 (23:59 Uhr). Die Teilnahme ist kostenlos.<br \/>\n2. Um teilzunehmen, m\u00fcssen Sie folgende Bedingungen erf\u00fcllen:<\/p>\n<p>a. Markieren Sie die bett1.de Facebook-Seite mit \u201eGef\u00e4llt mir\u201c<br \/>\nb. Schreiben Sie in einem Kommentar unter dem Gewinnspiel-Posting, in wie viel Sekunden (mit maximal zwei Nachkommastellen) der deutsche Snowboardcross-Star Paul Berg seinen besten Qualifikations-Run beim Snowboardcross-Weltcup in Feldberg am 02.02.2018 absolviert. Gewertet wird der bessere\/ schnellere von maximal zwei m\u00f6glichen Versuchen.<br \/>\nc. Wird ein bereits geposteter Kommentar im Nachhinein bearbeitet, z\u00e4hlt der zuerst abgegebene Tipp.<br \/>\nd. Der Beitrag darf nicht rechtswidrig oder inhaltlich anst\u00f6\u00dfig sein. Insbesondere darf er nicht gegen Urheberrecht, Kennzeichenrecht oder Pers\u00f6nlichkeitsrechte versto\u00dfen.<\/p>\n<p>3. Die Anzahl der Teilnahmen (Kommentare) ist pro Teilnehmer auf einen Kommentar beschr\u00e4nkt.<br \/>\n4. Der Rechtsweg ist ausgeschlossen.<\/p>\n<h3>IV. Gewinn; Ermittlung der Gewinner; Gewinnbenachrichtigung; Pflicht zur R\u00fcckmeldung<\/h3>\n<p>1. Verlost wird ein custom-build Snowboard (der Snowboard-Manufaktur Build2Ride). Das Snowboard wird an die physischen Werte des Gewinners (Boardma\u00dfe, Bindung passend zur K\u00f6rpergr\u00f6\u00dfe) angepasst.<br \/>\n2. Das Tippspiel gewinnt derjenige Teilnehmer, der am n\u00e4chsten an der tats\u00e4chlich erzielten Qualifikationszeit von Paul Berg liegt. Im Fall, dass mehrere Gewinnspielteilnehmer bis auf die Hundertstel-Sekunde richtigliegen, entscheidet das Losverfahren. Der Gewinner wird am Freitag, den 02.02. auf der Facebook-Seite von bett1.de verk\u00fcndet. Sind Sie der Gewinner, melden Sie sich bitte sp\u00e4testens bis zum 09.02.2018 per Direktnachricht an unsere Facebook-Seite und teilen Sie uns Ihren vollst\u00e4ndigen Namen, Ihre E-Mail, Ihre Postanschrift und Ihr Geburtsdatum mit. Des Weiteren ben\u00f6tigen wir zur Erstellung des Snowboards folgende Daten: K\u00f6rpergr\u00f6\u00dfe, Gewicht und Schuhgr\u00f6\u00dfe. Alle nicht rechtzeitig eingegangenen R\u00fcckmeldungen k\u00f6nnen wir nicht ber\u00fccksichtigen und der Gewinn verf\u00e4llt ersatzlos. Die Abfrage der Postanschrift dient dem Versand im Falle eines Gewinnes, die Abfrage des Geburtsdatums der Verifizierung der Teilnahmeberechtigung. Die Angabe von Postf\u00e4chern ist nicht zul\u00e4ssig.<br \/>\n3. Nach Angabe Ihrer Anschrift wird der Gewinn auf Kosten von bett1.de an den Gewinner versandt.<br \/>\n4. Eine Auszahlung des Gewinns in bar oder ein Tausch ist nicht m\u00f6glich. Der Gewinn ist nicht \u00fcbertragbar.<\/p>\n<h3>V. Ausschluss von Teilnehmern und Gewinnern; Vorzeitige Beendigung des Gewinnspiels<\/h3>\n<p>1. bett1.de ist zu jedem Zeitpunkt berechtigt, das Gewinnspiel vorzeitig ohne vorherige Ank\u00fcndigung abzubrechen oder zu beenden, wenn<br \/>\n\u2013 das Gewinnspiel von Facebook gestoppt wird oder<br \/>\n\u2013 das Gewinnspiel durch Ausfall von Hard- oder Software, Programmfehlern, Computerviren oder nicht autorisierten Eingriffen von Dritten, insbesondere festgestellte Manipulationen durch Dritte, unter Ber\u00fccksichtigung der berechtigten Interessen der bereits ermittelten Gewinner nicht mehr ordnungsgem\u00e4\u00df durchgef\u00fchrt werden kann. Die vorzeitige Beendigung wird bett1.de den Teilnehmern in geeigneter Weise auf der bett1.de Instagram-Seite mitteilen.<\/p>\n<h3>VI. Erhebung, Verwendung und Speicherung Ihrer pers\u00f6nlichen Daten<\/h3>\n<p>1. Der Gewinner willigt ein, dass seine Daten von bett1.de im Rahmen des Gewinnspieles gespeichert und verarbeitet werden. Eine dar\u00fcber hinausgehende Weitergabe wird nicht erfolgen.<br \/>\nDie Abfrage der pers\u00f6nlichen Daten dient der Feststellung der Identit\u00e4t des Gewinners (Vor- und Nachname). Die Abfrage der Postanschrift dient dem Versand im Falle eines Gewinnes.<br \/>\n2. Die gespeicherten Daten werden sp\u00e4testens 14 Tage nach Versand der Gewinne vollst\u00e4ndig ge-l\u00f6scht.<\/p>\n<h3>VII. Hinweise und Bedingungen von Facebook<\/h3>\n<p>1. Das Gewinnspiel steht in keiner Verbindung zu Facebook und wird in keiner Weise von Facebook gesponsert, unterst\u00fctzt oder organisiert. Der Empf\u00e4nger der vom Teilnehmer bereitgestellten Informationen ist nicht Facebook, sondern bett1.de. Die an bett1.de \u00fcbermittelten Informationen werden einzig f\u00fcr das Gewinnspiel verwendet.<br \/>\n2. Als Teilnehmer k\u00f6nnen Sie gegen\u00fcber Instagram keine Anspr\u00fcche geltend machen, die im Zusammenhang mit der Nutzung von Facebook oder mit der Teilnahme an dem Gewinnspiel entstehen.<br \/>\n3. S\u00e4mtliche Anfragen und Hinweise bez\u00fcglich des Gewinnspiels sind an bett1.de zu richten. Wenden Sie sich hierf\u00fcr an: gewinnspiel@bett1.de<\/p>\n<h3>VIII. Nutzungsrechte<\/h3>\n<p>1. Jeder Teilnehmer r\u00e4umt bett1.de die r\u00e4umlich, zeitlich und inhaltlich unbeschr\u00e4nkten, nicht ausschlie\u00dflichen, unentgeltlichen Nutzungs- und Leistungsrechte, einschlie\u00dflich dem Recht zur Verwendung und Bearbeitung von erstellten Videos und Fotos ein. Dar\u00fcber hinaus r\u00e4umt jeder Teilnehmer bett1.de die entsprechenden Rechte ein, m\u00f6gliches Foto- oder Videomaterial f\u00fcr seine Online Portale, Facebook, Instagram, YouTube und alle weiteren digitalen Produkte, z.B. als Teaser oder Download f\u00fcr Dritte zu nutzen.<\/p>\n<h3>IX. Schlussbestimmungen<\/h3>\n<p>1. Der Rechtsweg ist ausgeschlossen.<br \/>\n2. Es ist ausschlie\u00dflich das Recht der Bundesrepublik Deutschland unter Ausschluss der Bestimmungen der United Nations Convention on Contracts for the International Sale of Goods (UN-Kaufrecht) anwendbar.<br \/>\n3. Sollten einzelne Bestimmungen dieser Teilnahmebedingungen unwirksam oder undurchf\u00fchrbar sein oder werden, so wird dadurch die Rechtswirksamkeit der \u00fcbrigen Bedingungen nicht ber\u00fchrt.<\/p>\n","protected":false},"excerpt":{"rendered":"<p>bett1.de Custom Build Snowboard #Brett1 &nbsp; I. Gegenstand der Teilnahmebedingungen 1. Die bett1.de GmbH, Tauentzienstra\u00dfe 11, 10789 Berlin (nachfolgend \u201ebett1.de\u201c oder \u201ewir\u201c) veranstaltet auf der bett1.de Facebook-Seite eine Gewinnspiel-Aktion unter folgendem Link: facebook.com\/bett1.de\/posts\/snowboard-cross-verlosung 2. F\u00fcr die Teilnahme an der Aktion gelten die nachfolgenden Teilnahmebedingungen. Mit der Teilnahme an dem Gewinnspiel erkl\u00e4ren Sie sich mit der [&hellip;]<\/p>\n","protected":false},"author":1,"featured_media":0,"parent":1628,"menu_order":0,"comment_status":"closed","ping_status":"closed","template":"","meta":{"_acf_changed":false,"footnotes":""},"class_list":["post-2785","page","type-page","status-publish","hentry"],"acf":[],"yoast_head":"<!-- This site is optimized with the Yoast SEO Premium plugin v26.8 (Yoast SEO v26.9-RC2) - https:\/\/yoast.com\/product\/yoast-seo-premium-wordpress\/ -->\n<title>Teilnahmebedingungen - Wir sind Matratze<\/title>\n<meta name=\"robots\" content=\"noindex, follow\" \/>\n<meta property=\"og:locale\" content=\"de_DE\" \/>\n<meta property=\"og:type\" content=\"article\" \/>\n<meta property=\"og:title\" content=\"Teilnahmebedingungen\" \/>\n<meta property=\"og:description\" content=\"bett1.de Custom Build Snowboard #Brett1 &nbsp; I. Gegenstand der Teilnahmebedingungen 1. Die bett1.de GmbH, Tauentzienstra\u00dfe 11, 10789 Berlin (nachfolgend \u201ebett1.de\u201c oder \u201ewir\u201c) veranstaltet auf der bett1.de Facebook-Seite eine Gewinnspiel-Aktion unter folgendem Link: facebook.com\/bett1.de\/posts\/snowboard-cross-verlosung 2. F\u00fcr die Teilnahme an der Aktion gelten die nachfolgenden Teilnahmebedingungen. Mit der Teilnahme an dem Gewinnspiel erkl\u00e4ren Sie sich mit der [&hellip;]\" \/>\n<meta property=\"og:url\" content=\"https:\/\/www.bett1.de\/infoportal\/teilnahmebedingungen\/snowboard-cross-weltcup-2018\" \/>\n<meta property=\"og:site_name\" content=\"Wir sind Matratze\" \/>\n<meta property=\"article:publisher\" content=\"https:\/\/www.facebook.com\/bett1.de\" \/>\n<meta property=\"article:modified_time\" content=\"2018-03-13T11:42:38+00:00\" \/>\n<script type=\"application\/ld+json\" class=\"yoast-schema-graph\">{\"@context\":\"https:\/\/schema.org\",\"@graph\":[{\"@type\":\"WebPage\",\"@id\":\"https:\/\/www.bett1.de\/infoportal\/teilnahmebedingungen\/snowboard-cross-weltcup-2018\",\"url\":\"https:\/\/www.bett1.de\/infoportal\/teilnahmebedingungen\/snowboard-cross-weltcup-2018\",\"name\":\"Teilnahmebedingungen - Wir sind Matratze\",\"isPartOf\":{\"@id\":\"https:\/\/www.bett1.de\/infoportal\/#website\"},\"datePublished\":\"2018-01-18T16:32:16+00:00\",\"dateModified\":\"2018-03-13T11:42:38+00:00\",\"breadcrumb\":{\"@id\":\"https:\/\/www.bett1.de\/infoportal\/teilnahmebedingungen\/snowboard-cross-weltcup-2018#breadcrumb\"},\"inLanguage\":\"de\",\"potentialAction\":[{\"@type\":\"ReadAction\",\"target\":[\"https:\/\/www.bett1.de\/infoportal\/teilnahmebedingungen\/snowboard-cross-weltcup-2018\"]}]},{\"@type\":\"BreadcrumbList\",\"@id\":\"https:\/\/www.bett1.de\/infoportal\/teilnahmebedingungen\/snowboard-cross-weltcup-2018#breadcrumb\",\"itemListElement\":[{\"@type\":\"ListItem\",\"position\":1,\"name\":\"Startseite\",\"item\":\"https:\/\/www.bett1.de\/infoportal\"},{\"@type\":\"ListItem\",\"position\":2,\"name\":\"Teilnahmebedingungen\",\"item\":\"https:\/\/www.bett1.de\/infoportal\/teilnahmebedingungen\"},{\"@type\":\"ListItem\",\"position\":3,\"name\":\"Teilnahmebedingungen\"}]},{\"@type\":\"WebSite\",\"@id\":\"https:\/\/www.bett1.de\/infoportal\/#website\",\"url\":\"https:\/\/www.bett1.de\/infoportal\/\",\"name\":\"bett1.de\/infoportal\",\"description\":\"Das Infoportal von bett1.de\",\"potentialAction\":[{\"@type\":\"SearchAction\",\"target\":{\"@type\":\"EntryPoint\",\"urlTemplate\":\"https:\/\/www.bett1.de\/infoportal\/?s={search_term_string}\"},\"query-input\":{\"@type\":\"PropertyValueSpecification\",\"valueRequired\":true,\"valueName\":\"search_term_string\"}}],\"inLanguage\":\"de\"}]}<\/script>\n<!-- \/ Yoast SEO Premium plugin. -->","yoast_head_json":{"title":"Teilnahmebedingungen - Wir sind Matratze","robots":{"index":"noindex","follow":"follow"},"og_locale":"de_DE","og_type":"article","og_title":"Teilnahmebedingungen","og_description":"bett1.de Custom Build Snowboard #Brett1 &nbsp; I. Gegenstand der Teilnahmebedingungen 1. Die bett1.de GmbH, Tauentzienstra\u00dfe 11, 10789 Berlin (nachfolgend \u201ebett1.de\u201c oder \u201ewir\u201c) veranstaltet auf der bett1.de Facebook-Seite eine Gewinnspiel-Aktion unter folgendem Link: facebook.com\/bett1.de\/posts\/snowboard-cross-verlosung 2. F\u00fcr die Teilnahme an der Aktion gelten die nachfolgenden Teilnahmebedingungen. Mit der Teilnahme an dem Gewinnspiel erkl\u00e4ren Sie sich mit der [&hellip;]","og_url":"https:\/\/www.bett1.de\/infoportal\/teilnahmebedingungen\/snowboard-cross-weltcup-2018","og_site_name":"Wir sind Matratze","article_publisher":"https:\/\/www.facebook.com\/bett1.de","article_modified_time":"2018-03-13T11:42:38+00:00","schema":{"@context":"https:\/\/schema.org","@graph":[{"@type":"WebPage","@id":"https:\/\/www.bett1.de\/infoportal\/teilnahmebedingungen\/snowboard-cross-weltcup-2018","url":"https:\/\/www.bett1.de\/infoportal\/teilnahmebedingungen\/snowboard-cross-weltcup-2018","name":"Teilnahmebedingungen - Wir sind Matratze","isPartOf":{"@id":"https:\/\/www.bett1.de\/infoportal\/#website"},"datePublished":"2018-01-18T16:32:16+00:00","dateModified":"2018-03-13T11:42:38+00:00","breadcrumb":{"@id":"https:\/\/www.bett1.de\/infoportal\/teilnahmebedingungen\/snowboard-cross-weltcup-2018#breadcrumb"},"inLanguage":"de","potentialAction":[{"@type":"ReadAction","target":["https:\/\/www.bett1.de\/infoportal\/teilnahmebedingungen\/snowboard-cross-weltcup-2018"]}]},{"@type":"BreadcrumbList","@id":"https:\/\/www.bett1.de\/infoportal\/teilnahmebedingungen\/snowboard-cross-weltcup-2018#breadcrumb","itemListElement":[{"@type":"ListItem","position":1,"name":"Startseite","item":"https:\/\/www.bett1.de\/infoportal"},{"@type":"ListItem","position":2,"name":"Teilnahmebedingungen","item":"https:\/\/www.bett1.de\/infoportal\/teilnahmebedingungen"},{"@type":"ListItem","position":3,"name":"Teilnahmebedingungen"}]},{"@type":"WebSite","@id":"https:\/\/www.bett1.de\/infoportal\/#website","url":"https:\/\/www.bett1.de\/infoportal\/","name":"bett1.de\/infoportal","description":"Das Infoportal von bett1.de","potentialAction":[{"@type":"SearchAction","target":{"@type":"EntryPoint","urlTemplate":"https:\/\/www.bett1.de\/infoportal\/?s={search_term_string}"},"query-input":{"@type":"PropertyValueSpecification","valueRequired":true,"valueName":"search_term_string"}}],"inLanguage":"de"}]}},"_links":{"self":[{"href":"https:\/\/www.bett1.de\/infoportal\/wp-json\/wp\/v2\/pages\/2785","targetHints":{"allow":["GET"]}}],"collection":[{"href":"https:\/\/www.bett1.de\/infoportal\/wp-json\/wp\/v2\/pages"}],"about":[{"href":"https:\/\/www.bett1.de\/infoportal\/wp-json\/wp\/v2\/types\/page"}],"author":[{"embeddable":true,"href":"https:\/\/www.bett1.de\/infoportal\/wp-json\/wp\/v2\/users\/1"}],"replies":[{"embeddable":true,"href":"https:\/\/www.bett1.de\/infoportal\/wp-json\/wp\/v2\/comments?post=2785"}],"version-history":[{"count":7,"href":"https:\/\/www.bett1.de\/infoportal\/wp-json\/wp\/v2\/pages\/2785\/revisions"}],"predecessor-version":[{"id":2833,"href":"https:\/\/www.bett1.de\/infoportal\/wp-json\/wp\/v2\/pages\/2785\/revisions\/2833"}],"up":[{"embeddable":true,"href":"https:\/\/www.bett1.de\/infoportal\/wp-json\/wp\/v2\/pages\/1628"}],"wp:attachment":[{"href":"https:\/\/www.bett1.de\/infoportal\/wp-json\/wp\/v2\/media?parent=2785"}],"curies":[{"name":"wp","href":"https:\/\/api.w.org\/{rel}","templated":true}]}}