{"id":35110,"date":"2021-12-16T12:50:25","date_gmt":"2021-12-16T11:50:25","guid":{"rendered":"https:\/\/www.bett1.de\/infoportal\/?page_id=35110"},"modified":"2022-01-05T12:51:21","modified_gmt":"2022-01-05T11:51:21","slug":"fussball-mml-gewinnspiel","status":"publish","type":"page","link":"https:\/\/www.bett1.de\/infoportal\/fussball-mml-gewinnspiel","title":{"rendered":"Fu\u00dfball MML \u2013 Gewinnspiel"},"content":{"rendered":"<p><img decoding=\"async\" class=\"alignnone wp-image-28988 size-full\" src=\"https:\/\/storage.googleapis.com\/bett1-328410-infoportal-prod-de\/2021\/11\/bett1_podcast_gewinnspiel_bodyguard_matratze.png\" alt=\"Jetzt gewinnen! 5x1 BODYGUARD\u00ae Matratze\" width=\"1260\" height=\"765\" srcset=\"https:\/\/static.bett1.de\/2021\/11\/bett1_podcast_gewinnspiel_bodyguard_matratze.png 1260w, https:\/\/static.bett1.de\/2021\/11\/bett1_podcast_gewinnspiel_bodyguard_matratze-300x182.png 300w, https:\/\/static.bett1.de\/2021\/11\/bett1_podcast_gewinnspiel_bodyguard_matratze-1024x622.png 1024w, https:\/\/static.bett1.de\/2021\/11\/bett1_podcast_gewinnspiel_bodyguard_matratze-768x466.png 768w\" sizes=\"(max-width: 1260px) 100vw, 1260px\" \/><\/p>\n<h2>Mitmachen und gewinnen!<\/h2>\n<p>Hier seid ihr richtig! Alle H\u00f6rer haben die Chance, eine <a href=\"https:\/\/www.bett1.de\/produkte\/bodyguard-matratze\">BODYGUARD\u00ae Matratze<\/a> in Wunschgr\u00f6\u00dfe zu gewinnen. F\u00fcllt einfach das Gewinnspielformular auf dieser Seite aus und schon seid ihr im Lostopf!<\/p>\n\n<div class=\"wpcf7 no-js\" id=\"wpcf7-f39828-o1\" lang=\"de-DE\" dir=\"ltr\" data-wpcf7-id=\"39828\">\n<div class=\"screen-reader-response\"><p role=\"status\" aria-live=\"polite\" aria-atomic=\"true\"><\/p> <ul><\/ul><\/div>\n<form action=\"\/infoportal\/wp-json\/wp\/v2\/pages\/35110#wpcf7-f39828-o1\" method=\"post\" class=\"wpcf7-form init\" aria-label=\"Contact form\" novalidate=\"novalidate\" data-status=\"init\">\n<fieldset class=\"hidden-fields-container\"><input type=\"hidden\" name=\"_wpcf7\" value=\"39828\" \/><input type=\"hidden\" name=\"_wpcf7_version\" value=\"6.1.4\" \/><input type=\"hidden\" name=\"_wpcf7_locale\" value=\"de_DE\" \/><input type=\"hidden\" name=\"_wpcf7_unit_tag\" value=\"wpcf7-f39828-o1\" \/><input type=\"hidden\" name=\"_wpcf7_container_post\" value=\"0\" \/><input type=\"hidden\" name=\"_wpcf7_posted_data_hash\" value=\"\" \/>\n<\/fieldset>\n<p>Gr\u00f6\u00dfe Matratze*<br \/>\nBreite <span class=\"wpcf7-form-control-wrap\" data-name=\"menu-227\"><select class=\"wpcf7-form-control wpcf7-select wpcf7-validates-as-required\" aria-required=\"true\" aria-invalid=\"false\" name=\"menu-227\"><option value=\"\">&#8212;Please choose an option&#8212;<\/option><option value=\"80\">80<\/option><option value=\"90\">90<\/option><option value=\"100\">100<\/option><option value=\"120\">120<\/option><option value=\"140\">140<\/option><option value=\"160\">160<\/option><option value=\"180\">180<\/option><option value=\"200\">200<\/option><\/select><\/span> L\u00e4nge <span class=\"wpcf7-form-control-wrap\" data-name=\"menu-228\"><select class=\"wpcf7-form-control wpcf7-select wpcf7-validates-as-required\" aria-required=\"true\" aria-invalid=\"false\" name=\"menu-228\"><option value=\"\">&#8212;Please choose an option&#8212;<\/option><option value=\"200\">200<\/option><option value=\"220\">220<\/option><\/select><\/span>\n<\/p>\n<p><label> E-Mail-Adresse* <span class=\"wpcf7-form-control-wrap\" data-name=\"your-email\"><input size=\"40\" maxlength=\"400\" class=\"wpcf7-form-control wpcf7-email wpcf7-validates-as-required wpcf7-text wpcf7-validates-as-email\" aria-required=\"true\" aria-invalid=\"false\" placeholder=\"maxi@muster.de\" value=\"\" type=\"email\" name=\"your-email\" \/><\/span> <\/label>\n<\/p>\n<p><span class=\"wpcf7-form-control-wrap\" data-name=\"acceptance-476\"><span class=\"wpcf7-form-control wpcf7-acceptance\"><span class=\"wpcf7-list-item\"><label><input type=\"checkbox\" name=\"acceptance-476\" value=\"1\" aria-invalid=\"false\" \/><span class=\"wpcf7-list-item-label\">Ich m\u00f6chte am Gewinnspiel teilnehmen und habe die <a href=\"https:\/\/deploy.b1-develop.de\/infoportal\/teilnahmebedingungen\/fussball-mml-gewinnspiel\" target=\"_blank\">Teilnahmebedingungen<\/a> gelesen. Ich erlaube bett1.de, mich im Falle eines Gewinns zu kontaktieren, um die f\u00fcr den Versand des Gewinns n\u00f6tigen Daten abzufragen.*<\/span><\/label><\/span><\/span><\/span>\n<\/p>\n<p><span class=\"wpcf7-form-control-wrap\" data-name=\"newsletter_checkbox\"><span class=\"wpcf7-form-control wpcf7-acceptance optional\"><span class=\"wpcf7-list-item\"><label><input type=\"checkbox\" name=\"newsletter_checkbox\" value=\"1\" aria-invalid=\"false\" \/><span class=\"wpcf7-list-item-label\">Ich m\u00f6chte den bett1.de Newsletter abonnieren<\/span><\/label><\/span><\/span><\/span><br \/>\n<span id=\"wpcf7-69f2d68b23cd0-wrapper\" class=\"wpcf7-form-control-wrap honeypot-832-wrap\" style=\"display:none !important; visibility:hidden !important;\"><label for=\"wpcf7-69f2d68b23cd0-field\" class=\"hp-message\">Bitte lasse dieses Feld leer<\/label><input id=\"wpcf7-69f2d68b23cd0-field\"  placeholder=\"bett1_honey\"  class=\"wpcf7-form-control wpcf7-text\" type=\"text\" name=\"honeypot-832\" value=\"\" size=\"40\" tabindex=\"-1\" autocomplete=\"new-password\" \/><\/span>\n<\/p>\n<div style=\"width: 40%;\">\n\t<p><input class=\"wpcf7-form-control wpcf7-submit has-spinner\" type=\"submit\" value=\"Senden\" \/>\n\t<\/p>\n<\/div><div class=\"wpcf7-response-output\" aria-hidden=\"true\"><\/div>\n<\/form>\n<\/div>\n\n<p>* Pflichtangabe<\/p>\n<p><script type=\"text\/javascript\">function getSelectedCheckboxValues(e){const t=document.querySelectorAll(`input[name=\"${e}\"]:checked`);let n=[];return t.forEach(e=>{n.push(e.value)}),n}function httpGet(e){var t=null;return(t=new XMLHttpRequest).open(\"GET\",e,!1),t.send(null),t.responseText}function send_mail_newsletter(){var e=document.getElementsByName(\"your-email\")[0].value;if(\"1\"==getSelectedCheckboxValues(\"newsletter_checkbox\"))httpGet(\"https:\/\/www.bett1.de\/infoportal\/ip_post\/send.php?email=\"+e)}var wpcf7Elm_01=document.querySelector(\".wpcf7\");wpcf7Elm_01.addEventListener(\"wpcf7submit\",function(e){send_mail_newsletter()},!1);<\/script><\/p>\n","protected":false},"excerpt":{"rendered":"<p>Mitmachen und gewinnen! Hier seid ihr richtig! Alle H\u00f6rer haben die Chance, eine BODYGUARD\u00ae Matratze in Wunschgr\u00f6\u00dfe zu gewinnen. F\u00fcllt einfach das Gewinnspielformular auf dieser Seite aus und schon seid ihr im Lostopf! * Pflichtangabe<\/p>\n","protected":false},"author":36,"featured_media":0,"parent":0,"menu_order":0,"comment_status":"closed","ping_status":"closed","template":"","meta":{"_acf_changed":false,"footnotes":""},"class_list":["post-35110","page","type-page","status-publish","hentry"],"acf":[],"yoast_head":"<!-- This site is optimized with the Yoast SEO Premium plugin v26.8 (Yoast SEO v26.9-RC2) - https:\/\/yoast.com\/product\/yoast-seo-premium-wordpress\/ -->\n<title>Fu\u00dfball MML \u2013 Gewinnspiel - Wir sind Matratze<\/title>\n<meta name=\"description\" content=\"H\u00f6rer von Fu\u00dfball MML aufgepasst: Macht mit bei unserem Gewinnspiel und sichert euch die Chance auf eine BODYGUARD\u00ae Matratze!\" \/>\n<meta name=\"robots\" content=\"noindex, nofollow\" \/>\n<meta property=\"og:locale\" content=\"de_DE\" \/>\n<meta property=\"og:type\" content=\"article\" \/>\n<meta property=\"og:title\" content=\"Fu\u00dfball MML \u2013 Gewinnspiel\" \/>\n<meta property=\"og:description\" content=\"H\u00f6rer von Fu\u00dfball MML aufgepasst: Macht mit bei unserem Gewinnspiel und sichert euch die Chance auf eine BODYGUARD\u00ae Matratze!\" \/>\n<meta property=\"og:url\" content=\"https:\/\/www.bett1.de\/infoportal\/fussball-mml-gewinnspiel\" \/>\n<meta property=\"og:site_name\" content=\"Wir sind Matratze\" \/>\n<meta property=\"article:publisher\" content=\"https:\/\/www.facebook.com\/bett1.de\" \/>\n<meta property=\"article:modified_time\" content=\"2022-01-05T11:51:21+00:00\" \/>\n<meta property=\"og:image\" content=\"https:\/\/storage.googleapis.com\/bett1-328410-infoportal-prod-de\/2021\/11\/bett1_podcast_gewinnspiel_bodyguard_matratze.png\" \/>\n<script type=\"application\/ld+json\" class=\"yoast-schema-graph\">{\"@context\":\"https:\/\/schema.org\",\"@graph\":[{\"@type\":\"WebPage\",\"@id\":\"https:\/\/www.bett1.de\/infoportal\/fussball-mml-gewinnspiel\",\"url\":\"https:\/\/www.bett1.de\/infoportal\/fussball-mml-gewinnspiel\",\"name\":\"Fu\u00dfball MML \u2013 Gewinnspiel - Wir sind Matratze\",\"isPartOf\":{\"@id\":\"https:\/\/www.bett1.de\/infoportal\/#website\"},\"primaryImageOfPage\":{\"@id\":\"https:\/\/www.bett1.de\/infoportal\/fussball-mml-gewinnspiel#primaryimage\"},\"image\":{\"@id\":\"https:\/\/www.bett1.de\/infoportal\/fussball-mml-gewinnspiel#primaryimage\"},\"thumbnailUrl\":\"https:\/\/storage.googleapis.com\/bett1-328410-infoportal-prod-de\/2021\/11\/bett1_podcast_gewinnspiel_bodyguard_matratze.png\",\"datePublished\":\"2021-12-16T11:50:25+00:00\",\"dateModified\":\"2022-01-05T11:51:21+00:00\",\"description\":\"H\u00f6rer von Fu\u00dfball MML aufgepasst: Macht mit bei unserem Gewinnspiel und sichert euch die Chance auf eine BODYGUARD\u00ae Matratze!\",\"breadcrumb\":{\"@id\":\"https:\/\/www.bett1.de\/infoportal\/fussball-mml-gewinnspiel#breadcrumb\"},\"inLanguage\":\"de-DE\",\"potentialAction\":[{\"@type\":\"ReadAction\",\"target\":[\"https:\/\/www.bett1.de\/infoportal\/fussball-mml-gewinnspiel\"]}]},{\"@type\":\"ImageObject\",\"inLanguage\":\"de-DE\",\"@id\":\"https:\/\/www.bett1.de\/infoportal\/fussball-mml-gewinnspiel#primaryimage\",\"url\":\"https:\/\/storage.googleapis.com\/bett1-328410-infoportal-prod-de\/2021\/11\/bett1_podcast_gewinnspiel_bodyguard_matratze.png\",\"contentUrl\":\"https:\/\/storage.googleapis.com\/bett1-328410-infoportal-prod-de\/2021\/11\/bett1_podcast_gewinnspiel_bodyguard_matratze.png\"},{\"@type\":\"BreadcrumbList\",\"@id\":\"https:\/\/www.bett1.de\/infoportal\/fussball-mml-gewinnspiel#breadcrumb\",\"itemListElement\":[{\"@type\":\"ListItem\",\"position\":1,\"name\":\"Startseite\",\"item\":\"https:\/\/www.bett1.de\/infoportal\"},{\"@type\":\"ListItem\",\"position\":2,\"name\":\"Fu\u00dfball MML \u2013 Gewinnspiel\"}]},{\"@type\":\"WebSite\",\"@id\":\"https:\/\/www.bett1.de\/infoportal\/#website\",\"url\":\"https:\/\/www.bett1.de\/infoportal\/\",\"name\":\"bett1.de\/infoportal\",\"description\":\"Das Infoportal von bett1.de\",\"potentialAction\":[{\"@type\":\"SearchAction\",\"target\":{\"@type\":\"EntryPoint\",\"urlTemplate\":\"https:\/\/www.bett1.de\/infoportal\/?s={search_term_string}\"},\"query-input\":{\"@type\":\"PropertyValueSpecification\",\"valueRequired\":true,\"valueName\":\"search_term_string\"}}],\"inLanguage\":\"de-DE\"}]}<\/script>\n<!-- \/ Yoast SEO Premium plugin. -->","yoast_head_json":{"title":"Fu\u00dfball MML \u2013 Gewinnspiel - Wir sind Matratze","description":"H\u00f6rer von Fu\u00dfball MML aufgepasst: Macht mit bei unserem Gewinnspiel und sichert euch die Chance auf eine BODYGUARD\u00ae Matratze!","robots":{"index":"noindex","follow":"nofollow"},"og_locale":"de_DE","og_type":"article","og_title":"Fu\u00dfball MML \u2013 Gewinnspiel","og_description":"H\u00f6rer von Fu\u00dfball MML aufgepasst: Macht mit bei unserem Gewinnspiel und sichert euch die Chance auf eine BODYGUARD\u00ae Matratze!","og_url":"https:\/\/www.bett1.de\/infoportal\/fussball-mml-gewinnspiel","og_site_name":"Wir sind Matratze","article_publisher":"https:\/\/www.facebook.com\/bett1.de","article_modified_time":"2022-01-05T11:51:21+00:00","og_image":[{"url":"https:\/\/storage.googleapis.com\/bett1-328410-infoportal-prod-de\/2021\/11\/bett1_podcast_gewinnspiel_bodyguard_matratze.png","type":"","width":"","height":""}],"schema":{"@context":"https:\/\/schema.org","@graph":[{"@type":"WebPage","@id":"https:\/\/www.bett1.de\/infoportal\/fussball-mml-gewinnspiel","url":"https:\/\/www.bett1.de\/infoportal\/fussball-mml-gewinnspiel","name":"Fu\u00dfball MML \u2013 Gewinnspiel - Wir sind Matratze","isPartOf":{"@id":"https:\/\/www.bett1.de\/infoportal\/#website"},"primaryImageOfPage":{"@id":"https:\/\/www.bett1.de\/infoportal\/fussball-mml-gewinnspiel#primaryimage"},"image":{"@id":"https:\/\/www.bett1.de\/infoportal\/fussball-mml-gewinnspiel#primaryimage"},"thumbnailUrl":"https:\/\/storage.googleapis.com\/bett1-328410-infoportal-prod-de\/2021\/11\/bett1_podcast_gewinnspiel_bodyguard_matratze.png","datePublished":"2021-12-16T11:50:25+00:00","dateModified":"2022-01-05T11:51:21+00:00","description":"H\u00f6rer von Fu\u00dfball MML aufgepasst: Macht mit bei unserem Gewinnspiel und sichert euch die Chance auf eine BODYGUARD\u00ae Matratze!","breadcrumb":{"@id":"https:\/\/www.bett1.de\/infoportal\/fussball-mml-gewinnspiel#breadcrumb"},"inLanguage":"de-DE","potentialAction":[{"@type":"ReadAction","target":["https:\/\/www.bett1.de\/infoportal\/fussball-mml-gewinnspiel"]}]},{"@type":"ImageObject","inLanguage":"de-DE","@id":"https:\/\/www.bett1.de\/infoportal\/fussball-mml-gewinnspiel#primaryimage","url":"https:\/\/storage.googleapis.com\/bett1-328410-infoportal-prod-de\/2021\/11\/bett1_podcast_gewinnspiel_bodyguard_matratze.png","contentUrl":"https:\/\/storage.googleapis.com\/bett1-328410-infoportal-prod-de\/2021\/11\/bett1_podcast_gewinnspiel_bodyguard_matratze.png"},{"@type":"BreadcrumbList","@id":"https:\/\/www.bett1.de\/infoportal\/fussball-mml-gewinnspiel#breadcrumb","itemListElement":[{"@type":"ListItem","position":1,"name":"Startseite","item":"https:\/\/www.bett1.de\/infoportal"},{"@type":"ListItem","position":2,"name":"Fu\u00dfball MML \u2013 Gewinnspiel"}]},{"@type":"WebSite","@id":"https:\/\/www.bett1.de\/infoportal\/#website","url":"https:\/\/www.bett1.de\/infoportal\/","name":"bett1.de\/infoportal","description":"Das Infoportal von bett1.de","potentialAction":[{"@type":"SearchAction","target":{"@type":"EntryPoint","urlTemplate":"https:\/\/www.bett1.de\/infoportal\/?s={search_term_string}"},"query-input":{"@type":"PropertyValueSpecification","valueRequired":true,"valueName":"search_term_string"}}],"inLanguage":"de-DE"}]}},"_links":{"self":[{"href":"https:\/\/www.bett1.de\/infoportal\/wp-json\/wp\/v2\/pages\/35110","targetHints":{"allow":["GET"]}}],"collection":[{"href":"https:\/\/www.bett1.de\/infoportal\/wp-json\/wp\/v2\/pages"}],"about":[{"href":"https:\/\/www.bett1.de\/infoportal\/wp-json\/wp\/v2\/types\/page"}],"author":[{"embeddable":true,"href":"https:\/\/www.bett1.de\/infoportal\/wp-json\/wp\/v2\/users\/36"}],"replies":[{"embeddable":true,"href":"https:\/\/www.bett1.de\/infoportal\/wp-json\/wp\/v2\/comments?post=35110"}],"version-history":[{"count":4,"href":"https:\/\/www.bett1.de\/infoportal\/wp-json\/wp\/v2\/pages\/35110\/revisions"}],"predecessor-version":[{"id":39895,"href":"https:\/\/www.bett1.de\/infoportal\/wp-json\/wp\/v2\/pages\/35110\/revisions\/39895"}],"wp:attachment":[{"href":"https:\/\/www.bett1.de\/infoportal\/wp-json\/wp\/v2\/media?parent=35110"}],"curies":[{"name":"wp","href":"https:\/\/api.w.org\/{rel}","templated":true}]}}