{"id":41958,"date":"2022-08-12T14:15:14","date_gmt":"2022-08-12T12:15:14","guid":{"rendered":"https:\/\/www.bett1.de\/infoportal\/?page_id=41958"},"modified":"2022-08-25T15:21:31","modified_gmt":"2022-08-25T13:21:31","slug":"pille","status":"publish","type":"page","link":"https:\/\/www.bett1.de\/infoportal\/podcast\/pille","title":{"rendered":"Die Pille f\u00fcr den Mann \u2013 Gewinnspiel"},"content":{"rendered":"<p><img decoding=\"async\" class=\"alignnone wp-image-41420 size-full\" src=\"https:\/\/storage.googleapis.com\/bett1-328410-infoportal-prod-de\/2022\/06\/bett1_podcast_gewinnspiel_bodyguard-matratze_2x1.png\" alt=\"Jetzt gewinnen! 2x1 BODYGUARD\u00ae Matratze\" width=\"1260\" height=\"765\" srcset=\"https:\/\/static.bett1.de\/2022\/06\/bett1_podcast_gewinnspiel_bodyguard-matratze_2x1.png 1260w, https:\/\/static.bett1.de\/2022\/06\/bett1_podcast_gewinnspiel_bodyguard-matratze_2x1-300x182.png 300w, https:\/\/static.bett1.de\/2022\/06\/bett1_podcast_gewinnspiel_bodyguard-matratze_2x1-1024x622.png 1024w, https:\/\/static.bett1.de\/2022\/06\/bett1_podcast_gewinnspiel_bodyguard-matratze_2x1-768x466.png 768w\" sizes=\"(max-width: 1260px) 100vw, 1260px\" \/><\/p>\n<h2>Mitmachen und gewinnen!<\/h2>\n<p>Hier seid ihr richtig! Alle H\u00f6rer haben die Chance, eine <a href=\"https:\/\/www.bett1.de\/produkte\/bodyguard-matratze\">BODYGUARD\u00ae Matratze<\/a> in Wunschgr\u00f6\u00dfe zu gewinnen. F\u00fcllt einfach das Gewinnspielformular auf dieser Seite aus und schon seid ihr im Lostopf!<\/p>\n\n<div class=\"wpcf7 no-js\" id=\"wpcf7-f42063-o1\" lang=\"de-DE\" dir=\"ltr\" data-wpcf7-id=\"42063\">\n<div class=\"screen-reader-response\"><p role=\"status\" aria-live=\"polite\" aria-atomic=\"true\"><\/p> <ul><\/ul><\/div>\n<form action=\"\/infoportal\/wp-json\/wp\/v2\/pages\/41958#wpcf7-f42063-o1\" method=\"post\" class=\"wpcf7-form init\" aria-label=\"Contact form\" novalidate=\"novalidate\" data-status=\"init\">\n<fieldset class=\"hidden-fields-container\"><input type=\"hidden\" name=\"_wpcf7\" value=\"42063\" \/><input type=\"hidden\" name=\"_wpcf7_version\" value=\"6.1.4\" \/><input type=\"hidden\" name=\"_wpcf7_locale\" value=\"de_DE\" \/><input type=\"hidden\" name=\"_wpcf7_unit_tag\" value=\"wpcf7-f42063-o1\" \/><input type=\"hidden\" name=\"_wpcf7_container_post\" value=\"0\" \/><input type=\"hidden\" name=\"_wpcf7_posted_data_hash\" value=\"\" \/>\n<\/fieldset>\n<p>Gr\u00f6\u00dfe Matratze*<br \/>\nBreite <span class=\"wpcf7-form-control-wrap\" data-name=\"menu-227\"><select class=\"wpcf7-form-control wpcf7-select wpcf7-validates-as-required\" aria-required=\"true\" aria-invalid=\"false\" name=\"menu-227\"><option value=\"\">&#8212;Please choose an option&#8212;<\/option><option value=\"80\">80<\/option><option value=\"90\">90<\/option><option value=\"100\">100<\/option><option value=\"120\">120<\/option><option value=\"140\">140<\/option><option value=\"160\">160<\/option><option value=\"180\">180<\/option><option value=\"200\">200<\/option><\/select><\/span> L\u00e4nge <span class=\"wpcf7-form-control-wrap\" data-name=\"menu-228\"><select class=\"wpcf7-form-control wpcf7-select wpcf7-validates-as-required\" aria-required=\"true\" aria-invalid=\"false\" name=\"menu-228\"><option value=\"\">&#8212;Please choose an option&#8212;<\/option><option value=\"200\">200<\/option><option value=\"220\">220<\/option><\/select><\/span>\n<\/p>\n<p><label> E-Mail-Adresse* <span class=\"wpcf7-form-control-wrap\" data-name=\"your-email\"><input size=\"40\" maxlength=\"400\" class=\"wpcf7-form-control wpcf7-email wpcf7-validates-as-required wpcf7-text wpcf7-validates-as-email\" aria-required=\"true\" aria-invalid=\"false\" placeholder=\"maxi@muster.de\" value=\"\" type=\"email\" name=\"your-email\" \/><\/span> <\/label>\n<\/p>\n<p><span class=\"wpcf7-form-control-wrap\" data-name=\"acceptance-476\"><span class=\"wpcf7-form-control wpcf7-acceptance\"><span class=\"wpcf7-list-item\"><label><input type=\"checkbox\" name=\"acceptance-476\" value=\"1\" aria-invalid=\"false\" \/><span class=\"wpcf7-list-item-label\">Ich m\u00f6chte am Gewinnspiel teilnehmen und habe die <a href=\"https:\/\/deploy.b1-develop.de\/infoportal\/teilnahmebedingungen\/pille-gewinnspiel\" target=\"_blank\">Teilnahmebedingungen<\/a> gelesen. Ich erlaube bett1.de, mich im Falle eines Gewinns zu kontaktieren, um die f\u00fcr den Versand des Gewinns n\u00f6tigen Daten abzufragen.*<\/span><\/label><\/span><\/span><\/span>\n<\/p>\n<p><span class=\"wpcf7-form-control-wrap\" data-name=\"newsletter_checkbox\"><span class=\"wpcf7-form-control wpcf7-acceptance optional\"><span class=\"wpcf7-list-item\"><label><input type=\"checkbox\" name=\"newsletter_checkbox\" value=\"1\" aria-invalid=\"false\" \/><span class=\"wpcf7-list-item-label\">Ich m\u00f6chte den bett1.de Newsletter abonnieren<\/span><\/label><\/span><\/span><\/span><br \/>\n<span id=\"wpcf7-69ddfb5d6f0a4-wrapper\" class=\"wpcf7-form-control-wrap honeypot-989-wrap\" style=\"display:none !important; visibility:hidden !important;\"><label for=\"wpcf7-69ddfb5d6f0a4-field\" class=\"hp-message\">Bitte lasse dieses Feld leer<\/label><input id=\"wpcf7-69ddfb5d6f0a4-field\"  placeholder=\"bett1_honey\"  class=\"wpcf7-form-control wpcf7-text\" type=\"text\" name=\"honeypot-989\" value=\"\" size=\"40\" tabindex=\"-1\" autocomplete=\"new-password\" \/><\/span>\n<\/p>\n<div style=\"width: 40%;\">\n\t<p><input class=\"wpcf7-form-control wpcf7-submit has-spinner\" type=\"submit\" value=\"Senden\" \/>\n\t<\/p>\n<\/div><div class=\"wpcf7-response-output\" aria-hidden=\"true\"><\/div>\n<\/form>\n<\/div>\n\n<p>* Pflichtangabe<\/p>\n<p><script type=\"text\/javascript\">function getSelectedCheckboxValues(e){const t=document.querySelectorAll(`input[name=\"${e}\"]:checked`);let n=[];return t.forEach(e=>{n.push(e.value)}),n}function httpGet(e){var t=null;return(t=new XMLHttpRequest).open(\"GET\",e,!1),t.send(null),t.responseText}function send_mail_newsletter(){var e=document.getElementsByName(\"your-email\")[0].value;if(\"1\"==getSelectedCheckboxValues(\"newsletter_checkbox\"))httpGet(\"https:\/\/www.bett1.de\/infoportal\/ip_post\/send.php?email=\"+e)}var wpcf7Elm_01=document.querySelector(\".wpcf7\");wpcf7Elm_01.addEventListener(\"wpcf7submit\",function(e){send_mail_newsletter()},!1);<\/script><\/p>\n<p>[three_columns_one]<br \/>\n<a href=\"https:\/\/www.bett1.de\/infoportal\/ratgeber\/besser-schlafen-bei-hitze-das-hilft-wirklich\"><img decoding=\"async\" class=\"alignnone wp-image-27644 size-full\" src=\"https:\/\/storage.googleapis.com\/bett1-328410-infoportal-prod-de\/2021\/08\/bett1-schlafen-bei-hitze_header.jpg\" alt=\"Foto: Die Sonne scheint durch die hellen Vorh\u00e4nge eines abgedunkelten Schlafzimmers; im Vordergrund ein Ventilator.\" width=\"1260\" height=\"690\" srcset=\"https:\/\/static.bett1.de\/2021\/08\/bett1-schlafen-bei-hitze_header.jpg 1260w, https:\/\/static.bett1.de\/2021\/08\/bett1-schlafen-bei-hitze_header-300x164.jpg 300w, https:\/\/static.bett1.de\/2021\/08\/bett1-schlafen-bei-hitze_header-1024x561.jpg 1024w, https:\/\/static.bett1.de\/2021\/08\/bett1-schlafen-bei-hitze_header-768x421.jpg 768w\" sizes=\"(max-width: 1260px) 100vw, 1260px\" \/><\/a><br \/>\nSchlafen bei Hitze ist eine echte Herausforderung, das haben uns die vergangenen Sommer gezeigt.<br \/>\n<a href=\"https:\/\/www.bett1.de\/infoportal\/ratgeber\/besser-schlafen-bei-hitze-das-hilft-wirklich\"><strong>Besser schlafen bei Hitze \u2013 das hilft wirklich<\/strong><\/a><br \/>\n[\/three_columns_one]<\/p>\n<p>[three_columns_one]<br \/>\n<a href=\"https:\/\/www.bett1.de\/infoportal\/schlafgeschichten\/matratzenherstellung-matratzenhersteller\"><img decoding=\"async\" class=\"alignnone wp-image-28954 size-full\" src=\"https:\/\/storage.googleapis.com\/bett1-328410-infoportal-prod-de\/2021\/11\/bett1_matratzenherstellung-maschine_header.jpg\" alt=\"Animation: Auf einem industriellen Laufband wird ein langer Schaumstoffquader von einer Schneidemaschine f\u00fcr die Matratzenherstellung kleiner geschnitten; im Hintergrund ein identisches Laufband.\" width=\"1260\" height=\"690\" srcset=\"https:\/\/static.bett1.de\/2021\/11\/bett1_matratzenherstellung-maschine_header.jpg 1260w, https:\/\/static.bett1.de\/2021\/11\/bett1_matratzenherstellung-maschine_header-300x164.jpg 300w, https:\/\/static.bett1.de\/2021\/11\/bett1_matratzenherstellung-maschine_header-1024x561.jpg 1024w, https:\/\/static.bett1.de\/2021\/11\/bett1_matratzenherstellung-maschine_header-768x421.jpg 768w\" sizes=\"(max-width: 1260px) 100vw, 1260px\" \/><\/a><br \/>\nBei der Matratzenherstellung lassen sich die wenigsten in die Karten schauen.<br \/>\n<a href=\"https:\/\/www.bett1.de\/infoportal\/schlafgeschichten\/matratzenherstellung-matratzenhersteller\"><strong>So wird eine Matratze gemacht<\/strong><\/a><br \/>\n[\/three_columns_one]<\/p>\n<p>[three_columns_one_last]<br \/>\n<a href=\"https:\/\/www.bett1.de\/infoportal\/ratgeber\/sommerbettwaesche\"><img decoding=\"async\" class=\"alignnone wp-image-25824 size-full\" src=\"https:\/\/storage.googleapis.com\/bett1-328410-infoportal-prod-de\/2020\/03\/bett1_sommerbettwaesche_satin-1.jpg\" alt=\"Foto: Die BODYGUARD Satin Bettw\u00e4sche auf einem Bett, daneben ein steht ein Beistelltisch aus Holz. Auf dem Beistelltisch stehen Blumen.\" width=\"1260\" height=\"690\" srcset=\"https:\/\/static.bett1.de\/2020\/03\/bett1_sommerbettwaesche_satin-1.jpg 1260w, https:\/\/static.bett1.de\/2020\/03\/bett1_sommerbettwaesche_satin-1-300x164.jpg 300w, https:\/\/static.bett1.de\/2020\/03\/bett1_sommerbettwaesche_satin-1-1024x561.jpg 1024w, https:\/\/static.bett1.de\/2020\/03\/bett1_sommerbettwaesche_satin-1-768x421.jpg 768w\" sizes=\"(max-width: 1260px) 100vw, 1260px\" \/><\/a><br \/>\nIn warmen Sommern\u00e4chten spielt die richtige Sommerbettw\u00e4sche eine entscheidende Rolle.<br \/>\n<a href=\"https:\/\/www.bett1.de\/infoportal\/ratgeber\/sommerbettwaesche\"><strong>Welche Sommerbettw\u00e4sche ist die beste?<\/strong><\/a><br \/>\n[\/three_columns_one_last]<\/p>\n","protected":false},"excerpt":{"rendered":"<p>Mitmachen und gewinnen! Hier seid ihr richtig! Alle H\u00f6rer haben die Chance, eine BODYGUARD\u00ae Matratze in Wunschgr\u00f6\u00dfe zu gewinnen. F\u00fcllt einfach das Gewinnspielformular auf dieser Seite aus und schon seid ihr im Lostopf! * Pflichtangabe [three_columns_one] Schlafen bei Hitze ist eine echte Herausforderung, das haben uns die vergangenen Sommer gezeigt. Besser schlafen bei Hitze \u2013 [&hellip;]<\/p>\n","protected":false},"author":22,"featured_media":0,"parent":41960,"menu_order":0,"comment_status":"closed","ping_status":"closed","template":"","meta":{"_acf_changed":false,"footnotes":""},"class_list":["post-41958","page","type-page","status-publish","hentry"],"acf":[],"yoast_head":"<!-- This site is optimized with the Yoast SEO Premium plugin v26.8 (Yoast SEO v26.9-RC2) - https:\/\/yoast.com\/product\/yoast-seo-premium-wordpress\/ -->\n<title>Die Pille f\u00fcr den Mann \u2013 Gewinnspiel - Wir sind Matratze<\/title>\n<meta name=\"robots\" content=\"noindex, nofollow\" \/>\n<meta property=\"og:locale\" content=\"de_DE\" \/>\n<meta property=\"og:type\" content=\"article\" \/>\n<meta property=\"og:title\" content=\"Die Pille f\u00fcr den Mann \u2013 Gewinnspiel\" \/>\n<meta property=\"og:description\" content=\"Mitmachen und gewinnen! Hier seid ihr richtig! Alle H\u00f6rer haben die Chance, eine BODYGUARD\u00ae Matratze in Wunschgr\u00f6\u00dfe zu gewinnen. F\u00fcllt einfach das Gewinnspielformular auf dieser Seite aus und schon seid ihr im Lostopf! * Pflichtangabe [three_columns_one] Schlafen bei Hitze ist eine echte Herausforderung, das haben uns die vergangenen Sommer gezeigt. Besser schlafen bei Hitze \u2013 [&hellip;]\" \/>\n<meta property=\"og:url\" content=\"https:\/\/www.bett1.de\/infoportal\/podcast\/pille\" \/>\n<meta property=\"og:site_name\" content=\"Wir sind Matratze\" \/>\n<meta property=\"article:publisher\" content=\"https:\/\/www.facebook.com\/bett1.de\" \/>\n<meta property=\"article:modified_time\" content=\"2022-08-25T13:21:31+00:00\" \/>\n<meta property=\"og:image\" content=\"https:\/\/storage.googleapis.com\/bett1-328410-infoportal-prod-de\/2022\/06\/bett1_podcast_gewinnspiel_bodyguard-matratze_2x1.png\" \/>\n<script type=\"application\/ld+json\" class=\"yoast-schema-graph\">{\"@context\":\"https:\/\/schema.org\",\"@graph\":[{\"@type\":\"WebPage\",\"@id\":\"https:\/\/www.bett1.de\/infoportal\/podcast\/pille\",\"url\":\"https:\/\/www.bett1.de\/infoportal\/podcast\/pille\",\"name\":\"Die Pille f\u00fcr den Mann \u2013 Gewinnspiel - Wir sind Matratze\",\"isPartOf\":{\"@id\":\"https:\/\/www.bett1.de\/infoportal\/#website\"},\"primaryImageOfPage\":{\"@id\":\"https:\/\/www.bett1.de\/infoportal\/podcast\/pille#primaryimage\"},\"image\":{\"@id\":\"https:\/\/www.bett1.de\/infoportal\/podcast\/pille#primaryimage\"},\"thumbnailUrl\":\"https:\/\/storage.googleapis.com\/bett1-328410-infoportal-prod-de\/2022\/06\/bett1_podcast_gewinnspiel_bodyguard-matratze_2x1.png\",\"datePublished\":\"2022-08-12T12:15:14+00:00\",\"dateModified\":\"2022-08-25T13:21:31+00:00\",\"breadcrumb\":{\"@id\":\"https:\/\/www.bett1.de\/infoportal\/podcast\/pille#breadcrumb\"},\"inLanguage\":\"de-DE\",\"potentialAction\":[{\"@type\":\"ReadAction\",\"target\":[\"https:\/\/www.bett1.de\/infoportal\/podcast\/pille\"]}]},{\"@type\":\"ImageObject\",\"inLanguage\":\"de-DE\",\"@id\":\"https:\/\/www.bett1.de\/infoportal\/podcast\/pille#primaryimage\",\"url\":\"https:\/\/storage.googleapis.com\/bett1-328410-infoportal-prod-de\/2022\/06\/bett1_podcast_gewinnspiel_bodyguard-matratze_2x1.png\",\"contentUrl\":\"https:\/\/storage.googleapis.com\/bett1-328410-infoportal-prod-de\/2022\/06\/bett1_podcast_gewinnspiel_bodyguard-matratze_2x1.png\"},{\"@type\":\"BreadcrumbList\",\"@id\":\"https:\/\/www.bett1.de\/infoportal\/podcast\/pille#breadcrumb\",\"itemListElement\":[{\"@type\":\"ListItem\",\"position\":1,\"name\":\"Startseite\",\"item\":\"https:\/\/www.bett1.de\/infoportal\"},{\"@type\":\"ListItem\",\"position\":2,\"name\":\"Podcast\",\"item\":\"https:\/\/www.bett1.de\/infoportal\/podcast\"},{\"@type\":\"ListItem\",\"position\":3,\"name\":\"Die Pille f\u00fcr den Mann \u2013 Gewinnspiel\"}]},{\"@type\":\"WebSite\",\"@id\":\"https:\/\/www.bett1.de\/infoportal\/#website\",\"url\":\"https:\/\/www.bett1.de\/infoportal\/\",\"name\":\"bett1.de\/infoportal\",\"description\":\"Das Infoportal von bett1.de\",\"potentialAction\":[{\"@type\":\"SearchAction\",\"target\":{\"@type\":\"EntryPoint\",\"urlTemplate\":\"https:\/\/www.bett1.de\/infoportal\/?s={search_term_string}\"},\"query-input\":{\"@type\":\"PropertyValueSpecification\",\"valueRequired\":true,\"valueName\":\"search_term_string\"}}],\"inLanguage\":\"de-DE\"}]}<\/script>\n<!-- \/ Yoast SEO Premium plugin. -->","yoast_head_json":{"title":"Die Pille f\u00fcr den Mann \u2013 Gewinnspiel - Wir sind Matratze","robots":{"index":"noindex","follow":"nofollow"},"og_locale":"de_DE","og_type":"article","og_title":"Die Pille f\u00fcr den Mann \u2013 Gewinnspiel","og_description":"Mitmachen und gewinnen! Hier seid ihr richtig! Alle H\u00f6rer haben die Chance, eine BODYGUARD\u00ae Matratze in Wunschgr\u00f6\u00dfe zu gewinnen. F\u00fcllt einfach das Gewinnspielformular auf dieser Seite aus und schon seid ihr im Lostopf! * Pflichtangabe [three_columns_one] Schlafen bei Hitze ist eine echte Herausforderung, das haben uns die vergangenen Sommer gezeigt. Besser schlafen bei Hitze \u2013 [&hellip;]","og_url":"https:\/\/www.bett1.de\/infoportal\/podcast\/pille","og_site_name":"Wir sind Matratze","article_publisher":"https:\/\/www.facebook.com\/bett1.de","article_modified_time":"2022-08-25T13:21:31+00:00","og_image":[{"url":"https:\/\/storage.googleapis.com\/bett1-328410-infoportal-prod-de\/2022\/06\/bett1_podcast_gewinnspiel_bodyguard-matratze_2x1.png","type":"","width":"","height":""}],"schema":{"@context":"https:\/\/schema.org","@graph":[{"@type":"WebPage","@id":"https:\/\/www.bett1.de\/infoportal\/podcast\/pille","url":"https:\/\/www.bett1.de\/infoportal\/podcast\/pille","name":"Die Pille f\u00fcr den Mann \u2013 Gewinnspiel - Wir sind Matratze","isPartOf":{"@id":"https:\/\/www.bett1.de\/infoportal\/#website"},"primaryImageOfPage":{"@id":"https:\/\/www.bett1.de\/infoportal\/podcast\/pille#primaryimage"},"image":{"@id":"https:\/\/www.bett1.de\/infoportal\/podcast\/pille#primaryimage"},"thumbnailUrl":"https:\/\/storage.googleapis.com\/bett1-328410-infoportal-prod-de\/2022\/06\/bett1_podcast_gewinnspiel_bodyguard-matratze_2x1.png","datePublished":"2022-08-12T12:15:14+00:00","dateModified":"2022-08-25T13:21:31+00:00","breadcrumb":{"@id":"https:\/\/www.bett1.de\/infoportal\/podcast\/pille#breadcrumb"},"inLanguage":"de-DE","potentialAction":[{"@type":"ReadAction","target":["https:\/\/www.bett1.de\/infoportal\/podcast\/pille"]}]},{"@type":"ImageObject","inLanguage":"de-DE","@id":"https:\/\/www.bett1.de\/infoportal\/podcast\/pille#primaryimage","url":"https:\/\/storage.googleapis.com\/bett1-328410-infoportal-prod-de\/2022\/06\/bett1_podcast_gewinnspiel_bodyguard-matratze_2x1.png","contentUrl":"https:\/\/storage.googleapis.com\/bett1-328410-infoportal-prod-de\/2022\/06\/bett1_podcast_gewinnspiel_bodyguard-matratze_2x1.png"},{"@type":"BreadcrumbList","@id":"https:\/\/www.bett1.de\/infoportal\/podcast\/pille#breadcrumb","itemListElement":[{"@type":"ListItem","position":1,"name":"Startseite","item":"https:\/\/www.bett1.de\/infoportal"},{"@type":"ListItem","position":2,"name":"Podcast","item":"https:\/\/www.bett1.de\/infoportal\/podcast"},{"@type":"ListItem","position":3,"name":"Die Pille f\u00fcr den Mann \u2013 Gewinnspiel"}]},{"@type":"WebSite","@id":"https:\/\/www.bett1.de\/infoportal\/#website","url":"https:\/\/www.bett1.de\/infoportal\/","name":"bett1.de\/infoportal","description":"Das Infoportal von bett1.de","potentialAction":[{"@type":"SearchAction","target":{"@type":"EntryPoint","urlTemplate":"https:\/\/www.bett1.de\/infoportal\/?s={search_term_string}"},"query-input":{"@type":"PropertyValueSpecification","valueRequired":true,"valueName":"search_term_string"}}],"inLanguage":"de-DE"}]}},"_links":{"self":[{"href":"https:\/\/www.bett1.de\/infoportal\/wp-json\/wp\/v2\/pages\/41958","targetHints":{"allow":["GET"]}}],"collection":[{"href":"https:\/\/www.bett1.de\/infoportal\/wp-json\/wp\/v2\/pages"}],"about":[{"href":"https:\/\/www.bett1.de\/infoportal\/wp-json\/wp\/v2\/types\/page"}],"author":[{"embeddable":true,"href":"https:\/\/www.bett1.de\/infoportal\/wp-json\/wp\/v2\/users\/22"}],"replies":[{"embeddable":true,"href":"https:\/\/www.bett1.de\/infoportal\/wp-json\/wp\/v2\/comments?post=41958"}],"version-history":[{"count":7,"href":"https:\/\/www.bett1.de\/infoportal\/wp-json\/wp\/v2\/pages\/41958\/revisions"}],"predecessor-version":[{"id":42076,"href":"https:\/\/www.bett1.de\/infoportal\/wp-json\/wp\/v2\/pages\/41958\/revisions\/42076"}],"up":[{"embeddable":true,"href":"https:\/\/www.bett1.de\/infoportal\/wp-json\/wp\/v2\/pages\/41960"}],"wp:attachment":[{"href":"https:\/\/www.bett1.de\/infoportal\/wp-json\/wp\/v2\/media?parent=41958"}],"curies":[{"name":"wp","href":"https:\/\/api.w.org\/{rel}","templated":true}]}}