{"id":4421,"date":"2018-03-27T11:59:59","date_gmt":"2018-03-27T09:59:59","guid":{"rendered":"https:\/\/www.bett1.de\/infoportal\/?page_id=4421"},"modified":"2018-03-29T11:50:12","modified_gmt":"2018-03-29T09:50:12","slug":"schlafen-wie-ein-baby-auf-der-bodyguard-egg","status":"publish","type":"page","link":"https:\/\/www.bett1.de\/infoportal\/schlafen-wie-ein-baby-auf-der-bodyguard-egg","title":{"rendered":"Schlafen wie ein Baby \u2013 auf der BODYGUARD Egg"},"content":{"rendered":"<p>[smartslider3 slider=3]<\/p>\n<div id=\"ext-gen4130\" class=\"item-wrap\">\n<div class=\"msg-wrap group-first success\" data-post-id=\"425201762343\">\n<div class=\"msg-text\">\n<div class=\"text-wrapper\"><\/div>\n<\/div>\n<\/div>\n<\/div>\n<div id=\"ext-gen4132\" class=\"item-wrap\">\n<div class=\"msg-wrap group-inner success\" data-post-id=\"425201762344\">\n<div class=\"msg-text\">\n<div class=\"text-wrapper\">\n<div class=\"markdown\"><\/div>\n<\/div>\n<\/div>\n<\/div>\n<\/div>\n<div>\n<h2>BODYGUARD<sup>\u0398<\/sup>\u00a0Egg<\/h2>\n<p>Die BODYGUARD<sup>\u0398<\/sup>\u00a0Egg vereint neueste wissenschaftliche Erkenntnisse mit einem urspr\u00fcnglichen Liegekomfort. Denn wie Forscher herausgefunden haben, schlafen Menschen deutlich besser auf oval geformten Matratzen. Als Grund wird vermutet, dass der Mensch durch die rundliche Matratzenform dazu angeregt wird, die Embryonalstellung einzunehmen. In dieser Position liegt man in Seitenlage mit gebogenem R\u00fccken und angezogenen Beinen. Das entspricht, wie der Name schon sagt, der K\u00f6rperhaltung des Ungeborenen im Mutterleib.<\/p>\n<p>\u2714 ideales Proteinmanagement<br \/>\n\u2714 100 N\u00e4chte Probesuchen<br \/>\n\u2714 kostenloses Verstecken<\/p>\n<h2><img decoding=\"async\" class=\" wp-image-4492 alignright\" src=\"https:\/\/storage.googleapis.com\/bett1-328410-infoportal-prod-de\/2018\/03\/bett1_blog_20180401_egg_paar.png\" alt=\"\" width=\"377\" height=\"392\" \/>Neuartige Ergonomiemodule<\/h2>\n<p>Revolution\u00e4r sind die zwei H\u00e4rtegrade auf ein und derselben Liegeseite. Der feste H\u00e4rtegrad H4 befindet sich am Rand, der weiche H\u00e4rtegrad H2 in der Mitte. Diese Anordnung unterst\u00fctzt die Einnahme der Embryonalstellung. F\u00fcrs Kuscheln ist die weiche Mitte bahnbrechend: Der den Partner von unten umschlingende Arm sinkt bestm\u00f6glich im weicheren H\u00e4rtegrad ein, die Blutzufuhr wird nicht gest\u00f6rt und eingeschlafene Arme geh\u00f6ren der Vergangenheit an.<\/p>\n<p>Die Ergonomiemodule der BODYGUARD<sup>\u0398<\/sup>\u00a0Egg sind auf die Embryonalstellung zugeschnitten. Ihre Halbkreisform passt sich dem K\u00f6rper an und sorgt f\u00fcr die n\u00f6tige Druckentlastung in Seitenlage. Die BODYGUARD<sup>\u0398<\/sup>\u00a0Egg kombiniert optimalen Liegekomfort mit einem Plus an Geborgenheit.<\/p>\n<h2>Lieferung per Korb<\/h2>\n<p>Die Lieferung der BODYGUARD<sup>\u0398<\/sup>\u00a0Egg erfolgt nicht im klassischen BODYGUARD<sup>\u0398<\/sup>\u00a0Karton, sondern im BODYGUARD<sup>\u0398<\/sup>\u00a0Korb. Sollten Sie zum Zeitpunkt der Lieferung nicht zuhause sein, versteckt der Zusteller die BODYGUARD<sup>\u0398<\/sup>\u00a0Egg in Ihrer Nachbarschaft.<\/p>\n<\/div>\n","protected":false},"excerpt":{"rendered":"<p>[smartslider3 slider=3] BODYGUARD\u0398\u00a0Egg Die BODYGUARD\u0398\u00a0Egg vereint neueste wissenschaftliche Erkenntnisse mit einem urspr\u00fcnglichen Liegekomfort. Denn wie Forscher herausgefunden haben, schlafen Menschen deutlich besser auf oval geformten Matratzen. Als Grund wird vermutet, dass der Mensch durch die rundliche Matratzenform dazu angeregt wird, die Embryonalstellung einzunehmen. In dieser Position liegt man in Seitenlage mit gebogenem R\u00fccken und angezogenen [&hellip;]<\/p>\n","protected":false},"author":9,"featured_media":0,"parent":0,"menu_order":0,"comment_status":"closed","ping_status":"closed","template":"","meta":{"_acf_changed":false,"footnotes":""},"class_list":["post-4421","page","type-page","status-publish","hentry"],"acf":[],"yoast_head":"<!-- This site is optimized with the Yoast SEO Premium plugin v26.8 (Yoast SEO v26.9-RC2) - https:\/\/yoast.com\/product\/yoast-seo-premium-wordpress\/ -->\n<title>Schlafen wie ein Baby \u2013 auf der BODYGUARD Egg - Wir sind Matratze<\/title>\n<meta name=\"description\" content=\"Die BODYGUARD Egg \u2714 100 N\u00e4chte Probesuchen \u2714 ideales Proteinmanagement \u2714 kostenloses Verstecken\" \/>\n<meta name=\"robots\" content=\"noindex, follow\" \/>\n<meta property=\"og:locale\" content=\"de_DE\" \/>\n<meta property=\"og:type\" content=\"article\" \/>\n<meta property=\"og:title\" content=\"Schlafen wie ein Baby \u2013 auf der BODYGUARD Egg\" \/>\n<meta property=\"og:description\" content=\"Die BODYGUARD Egg \u2714 100 N\u00e4chte Probesuchen \u2714 ideales Proteinmanagement \u2714 kostenloses Verstecken\" \/>\n<meta property=\"og:url\" content=\"https:\/\/www.bett1.de\/infoportal\/schlafen-wie-ein-baby-auf-der-bodyguard-egg\" \/>\n<meta property=\"og:site_name\" content=\"Wir sind Matratze\" \/>\n<meta property=\"article:publisher\" content=\"https:\/\/www.facebook.com\/bett1.de\" \/>\n<meta property=\"article:modified_time\" content=\"2018-03-29T09:50:12+00:00\" \/>\n<meta property=\"og:image\" content=\"https:\/\/storage.googleapis.com\/bett1-328410-infoportal-prod-de\/2023\/04\/bett1_blog_20180401_egg_5.jpeg\" \/>\n\t<meta property=\"og:image:width\" content=\"1396\" \/>\n\t<meta property=\"og:image:height\" content=\"785\" \/>\n\t<meta property=\"og:image:type\" content=\"image\/jpeg\" \/>\n<script type=\"application\/ld+json\" class=\"yoast-schema-graph\">{\"@context\":\"https:\/\/schema.org\",\"@graph\":[{\"@type\":\"WebPage\",\"@id\":\"https:\/\/www.bett1.de\/infoportal\/schlafen-wie-ein-baby-auf-der-bodyguard-egg\",\"url\":\"https:\/\/www.bett1.de\/infoportal\/schlafen-wie-ein-baby-auf-der-bodyguard-egg\",\"name\":\"Schlafen wie ein Baby \u2013 auf der BODYGUARD Egg - Wir sind Matratze\",\"isPartOf\":{\"@id\":\"https:\/\/www.bett1.de\/infoportal\/#website\"},\"primaryImageOfPage\":{\"@id\":\"https:\/\/www.bett1.de\/infoportal\/schlafen-wie-ein-baby-auf-der-bodyguard-egg#primaryimage\"},\"image\":{\"@id\":\"https:\/\/www.bett1.de\/infoportal\/schlafen-wie-ein-baby-auf-der-bodyguard-egg#primaryimage\"},\"thumbnailUrl\":\"https:\/\/storage.googleapis.com\/bett1-328410-infoportal-prod-de\/2018\/03\/bett1_blog_20180401_egg_paar.png\",\"datePublished\":\"2018-03-27T09:59:59+00:00\",\"dateModified\":\"2018-03-29T09:50:12+00:00\",\"description\":\"Die BODYGUARD Egg \u2714 100 N\u00e4chte Probesuchen \u2714 ideales Proteinmanagement \u2714 kostenloses Verstecken\",\"breadcrumb\":{\"@id\":\"https:\/\/www.bett1.de\/infoportal\/schlafen-wie-ein-baby-auf-der-bodyguard-egg#breadcrumb\"},\"inLanguage\":\"de-DE\",\"potentialAction\":[{\"@type\":\"ReadAction\",\"target\":[\"https:\/\/www.bett1.de\/infoportal\/schlafen-wie-ein-baby-auf-der-bodyguard-egg\"]}]},{\"@type\":\"ImageObject\",\"inLanguage\":\"de-DE\",\"@id\":\"https:\/\/www.bett1.de\/infoportal\/schlafen-wie-ein-baby-auf-der-bodyguard-egg#primaryimage\",\"url\":\"https:\/\/storage.googleapis.com\/bett1-328410-infoportal-prod-de\/2018\/03\/bett1_blog_20180401_egg_paar.png\",\"contentUrl\":\"https:\/\/storage.googleapis.com\/bett1-328410-infoportal-prod-de\/2018\/03\/bett1_blog_20180401_egg_paar.png\"},{\"@type\":\"BreadcrumbList\",\"@id\":\"https:\/\/www.bett1.de\/infoportal\/schlafen-wie-ein-baby-auf-der-bodyguard-egg#breadcrumb\",\"itemListElement\":[{\"@type\":\"ListItem\",\"position\":1,\"name\":\"Startseite\",\"item\":\"https:\/\/www.bett1.de\/infoportal\"},{\"@type\":\"ListItem\",\"position\":2,\"name\":\"Schlafen wie ein Baby \u2013 auf der BODYGUARD Egg\"}]},{\"@type\":\"WebSite\",\"@id\":\"https:\/\/www.bett1.de\/infoportal\/#website\",\"url\":\"https:\/\/www.bett1.de\/infoportal\/\",\"name\":\"bett1.de\/infoportal\",\"description\":\"Das Infoportal von bett1.de\",\"potentialAction\":[{\"@type\":\"SearchAction\",\"target\":{\"@type\":\"EntryPoint\",\"urlTemplate\":\"https:\/\/www.bett1.de\/infoportal\/?s={search_term_string}\"},\"query-input\":{\"@type\":\"PropertyValueSpecification\",\"valueRequired\":true,\"valueName\":\"search_term_string\"}}],\"inLanguage\":\"de-DE\"}]}<\/script>\n<!-- \/ Yoast SEO Premium plugin. -->","yoast_head_json":{"title":"Schlafen wie ein Baby \u2013 auf der BODYGUARD Egg - Wir sind Matratze","description":"Die BODYGUARD Egg \u2714 100 N\u00e4chte Probesuchen \u2714 ideales Proteinmanagement \u2714 kostenloses Verstecken","robots":{"index":"noindex","follow":"follow"},"og_locale":"de_DE","og_type":"article","og_title":"Schlafen wie ein Baby \u2013 auf der BODYGUARD Egg","og_description":"Die BODYGUARD Egg \u2714 100 N\u00e4chte Probesuchen \u2714 ideales Proteinmanagement \u2714 kostenloses Verstecken","og_url":"https:\/\/www.bett1.de\/infoportal\/schlafen-wie-ein-baby-auf-der-bodyguard-egg","og_site_name":"Wir sind Matratze","article_publisher":"https:\/\/www.facebook.com\/bett1.de","article_modified_time":"2018-03-29T09:50:12+00:00","og_image":[{"width":1396,"height":785,"url":"https:\/\/storage.googleapis.com\/bett1-328410-infoportal-prod-de\/2023\/04\/bett1_blog_20180401_egg_5.jpeg","type":"image\/jpeg"}],"schema":{"@context":"https:\/\/schema.org","@graph":[{"@type":"WebPage","@id":"https:\/\/www.bett1.de\/infoportal\/schlafen-wie-ein-baby-auf-der-bodyguard-egg","url":"https:\/\/www.bett1.de\/infoportal\/schlafen-wie-ein-baby-auf-der-bodyguard-egg","name":"Schlafen wie ein Baby \u2013 auf der BODYGUARD Egg - Wir sind Matratze","isPartOf":{"@id":"https:\/\/www.bett1.de\/infoportal\/#website"},"primaryImageOfPage":{"@id":"https:\/\/www.bett1.de\/infoportal\/schlafen-wie-ein-baby-auf-der-bodyguard-egg#primaryimage"},"image":{"@id":"https:\/\/www.bett1.de\/infoportal\/schlafen-wie-ein-baby-auf-der-bodyguard-egg#primaryimage"},"thumbnailUrl":"https:\/\/storage.googleapis.com\/bett1-328410-infoportal-prod-de\/2018\/03\/bett1_blog_20180401_egg_paar.png","datePublished":"2018-03-27T09:59:59+00:00","dateModified":"2018-03-29T09:50:12+00:00","description":"Die BODYGUARD Egg \u2714 100 N\u00e4chte Probesuchen \u2714 ideales Proteinmanagement \u2714 kostenloses Verstecken","breadcrumb":{"@id":"https:\/\/www.bett1.de\/infoportal\/schlafen-wie-ein-baby-auf-der-bodyguard-egg#breadcrumb"},"inLanguage":"de-DE","potentialAction":[{"@type":"ReadAction","target":["https:\/\/www.bett1.de\/infoportal\/schlafen-wie-ein-baby-auf-der-bodyguard-egg"]}]},{"@type":"ImageObject","inLanguage":"de-DE","@id":"https:\/\/www.bett1.de\/infoportal\/schlafen-wie-ein-baby-auf-der-bodyguard-egg#primaryimage","url":"https:\/\/storage.googleapis.com\/bett1-328410-infoportal-prod-de\/2018\/03\/bett1_blog_20180401_egg_paar.png","contentUrl":"https:\/\/storage.googleapis.com\/bett1-328410-infoportal-prod-de\/2018\/03\/bett1_blog_20180401_egg_paar.png"},{"@type":"BreadcrumbList","@id":"https:\/\/www.bett1.de\/infoportal\/schlafen-wie-ein-baby-auf-der-bodyguard-egg#breadcrumb","itemListElement":[{"@type":"ListItem","position":1,"name":"Startseite","item":"https:\/\/www.bett1.de\/infoportal"},{"@type":"ListItem","position":2,"name":"Schlafen wie ein Baby \u2013 auf der BODYGUARD Egg"}]},{"@type":"WebSite","@id":"https:\/\/www.bett1.de\/infoportal\/#website","url":"https:\/\/www.bett1.de\/infoportal\/","name":"bett1.de\/infoportal","description":"Das Infoportal von bett1.de","potentialAction":[{"@type":"SearchAction","target":{"@type":"EntryPoint","urlTemplate":"https:\/\/www.bett1.de\/infoportal\/?s={search_term_string}"},"query-input":{"@type":"PropertyValueSpecification","valueRequired":true,"valueName":"search_term_string"}}],"inLanguage":"de-DE"}]}},"_links":{"self":[{"href":"https:\/\/www.bett1.de\/infoportal\/wp-json\/wp\/v2\/pages\/4421","targetHints":{"allow":["GET"]}}],"collection":[{"href":"https:\/\/www.bett1.de\/infoportal\/wp-json\/wp\/v2\/pages"}],"about":[{"href":"https:\/\/www.bett1.de\/infoportal\/wp-json\/wp\/v2\/types\/page"}],"author":[{"embeddable":true,"href":"https:\/\/www.bett1.de\/infoportal\/wp-json\/wp\/v2\/users\/9"}],"replies":[{"embeddable":true,"href":"https:\/\/www.bett1.de\/infoportal\/wp-json\/wp\/v2\/comments?post=4421"}],"version-history":[{"count":31,"href":"https:\/\/www.bett1.de\/infoportal\/wp-json\/wp\/v2\/pages\/4421\/revisions"}],"predecessor-version":[{"id":58432,"href":"https:\/\/www.bett1.de\/infoportal\/wp-json\/wp\/v2\/pages\/4421\/revisions\/58432"}],"wp:attachment":[{"href":"https:\/\/www.bett1.de\/infoportal\/wp-json\/wp\/v2\/media?parent=4421"}],"curies":[{"name":"wp","href":"https:\/\/api.w.org\/{rel}","templated":true}]}}