{"id":488,"date":"2017-09-07T15:56:48","date_gmt":"2017-09-07T13:56:48","guid":{"rendered":"https:\/\/www.bett1.de\/infoportal\/?page_id=488"},"modified":"2026-04-14T10:08:10","modified_gmt":"2026-04-14T08:08:10","slug":"karriere","status":"publish","type":"page","link":"https:\/\/www.bett1.de\/infoportal\/karriere","title":{"rendered":"Mit bett1.de liegst du richtig \u2013 auch bei der Jobwahl"},"content":{"rendered":"\n<figure class=\"wp-block-video\"><video height=\"1080\" style=\"aspect-ratio: 1920 \/ 1080;\" width=\"1920\" autoplay controls loop muted src=\"https:\/\/static.bett1.de\/2025\/11\/9db75f70-karriereportalclip_01-4.mp4\" playsinline><\/video><\/figure>\n\n\n\n<p>Wir sind die mit der BODYGUARD<sup>\u00ae<\/sup> Anti-Kartell-Matratze<sup>\u00ae<\/sup>. Und wir glauben, dass du richtig gut in unser Team passt. Nee, nee, nee? Doch! \u00dcber unsere ausgeschriebenen Stellen hinaus freuen wir uns jederzeit \u00fcber aussagekr\u00e4ftige Initiativbewerbungen. Beschreibe darin bitte, am besten schon im Betreff, in welcher Abteilung du dich bei uns siehst, und \u00fcberzeuge uns von deinem Talent. <strong>Bewirb dich jetzt!<\/strong><\/p>\n\n\n\n<h2 class=\"wp-block-heading\">Derzeit suchen wir:<\/h2>\n\n\n\n<ul class=\"wp-block-list has-medium-font-size\">\n<li><a href=\"https:\/\/www.bett1.de\/infoportal\/karriere\/online-marketing-manager\">Online Marketing Manager (m\/w\/d)<\/a><\/li>\n\n\n\n<li><a href=\"https:\/\/www.bett1.de\/infoportal\/karriere\/affiliate-marketing-manager\">Affiliate Marketing Manager (m\/w\/d)<\/a><\/li>\n\n\n\n<li><a href=\"https:\/\/www.bett1.de\/infoportal\/karriere\/texter-content-manager-redakteur-m-w-d\">Online-Redakteur \/ Texter \/ Content Manager (m\/w\/d)<\/a><\/li>\n\n\n\n<li><a href=\"https:\/\/www.bett1.de\/infoportal\/karriere\/kreditorenbuchhalter\">Kreditorenbuchhalter (m\/w\/d)<\/a><\/li>\n<\/ul>\n\n\n\n<h2 class=\"wp-block-heading\">Wir sind Matratze.<\/h2>\n\n\n\n<figure class=\"wp-block-image size-full\"><img decoding=\"async\" width=\"1024\" height=\"376\" src=\"https:\/\/static.bett1.de\/2025\/09\/4c610b9f-bett1_karriereportal_wir-sind-matratze.jpg\" alt=\"Ein Palettenbett mit zwei BODYGUARD Matratzen in einem hell und schlicht eingerichteten Schlafzimmer.\" class=\"wp-image-165570\" srcset=\"https:\/\/static.bett1.de\/2025\/09\/4c610b9f-bett1_karriereportal_wir-sind-matratze.jpg 1024w, https:\/\/static.bett1.de\/2025\/09\/4c610b9f-bett1_karriereportal_wir-sind-matratze-300x110.jpg 300w, https:\/\/static.bett1.de\/2025\/09\/4c610b9f-bett1_karriereportal_wir-sind-matratze-768x282.jpg 768w, https:\/\/static.bett1.de\/2025\/09\/4c610b9f-bett1_karriereportal_wir-sind-matratze-100x37.jpg 100w\" sizes=\"(max-width: 1024px) 100vw, 1024px\" \/><\/figure>\n\n\n\n<p>bett1.de geh\u00f6rt zu den marktf\u00fchrenden Unternehmen im Bettensegment und vertreibt qualitativ hochwertige Produkte f\u00fcr den Schlafbereich. Der Bestseller, die BODYGUARD<sup>\u00ae<\/sup> Matratze, \u00fcberzeugt Fachleute ebenso wie die begeisterte Kundschaft. Sie wurde bereits mehr als f\u00fcnf Millionen Mal gekauft.<\/p>\n\n\n\n<h2 class=\"wp-block-heading\">Was wir dir bieten<\/h2>\n\n\n\n<ul class=\"wp-block-list\">\n<li>zentraler Standort in Berlin mit hervorragender Verkehrsanbindung<\/li>\n\n\n\n<li>2 Tage Home-Office pro Woche nach der Probezeit<\/li>\n\n\n\n<li>Personalrabatt auf unsere Produkte<\/li>\n\n\n\n<li>ggf. Sonderzahlungen<\/li>\n\n\n\n<li>eine echte Work-Life-Balance<\/li>\n\n\n\n<li>d\u00fcrfen nicht fehlen: diverse Tee- und Kaffeespezialit\u00e4ten (mit entsprechenden Milchoptionen), frisches Obst und Gem\u00fcse sowie vierbeinige Feel Good Manager<\/li>\n<\/ul>\n\n\n\n<h2 class=\"wp-block-heading\">Echte Work-Life-Balance<\/h2>\n\n\n\n<figure class=\"wp-block-image size-full\"><img decoding=\"async\" width=\"1024\" height=\"300\" src=\"https:\/\/static.bett1.de\/2025\/09\/66b49cca-bett1_karriereportal_work-life-balance.jpg\" alt=\"Foto: Auf einem gro\u00dfen Tisch stehen Obst, Gem\u00fcse und Teigwaren dekorativ in Sch\u00fcsseln und einer Etagere angerichtet.\" class=\"wp-image-165571\" srcset=\"https:\/\/static.bett1.de\/2025\/09\/66b49cca-bett1_karriereportal_work-life-balance.jpg 1024w, https:\/\/static.bett1.de\/2025\/09\/66b49cca-bett1_karriereportal_work-life-balance-300x88.jpg 300w, https:\/\/static.bett1.de\/2025\/09\/66b49cca-bett1_karriereportal_work-life-balance-768x225.jpg 768w, https:\/\/static.bett1.de\/2025\/09\/66b49cca-bett1_karriereportal_work-life-balance-100x29.jpg 100w\" sizes=\"(max-width: 1024px) 100vw, 1024px\" \/><\/figure>\n\n\n\n<p>Wir locken nicht mit einer Work-Life-Balance, wir leben sie. Wir halten uns an die vereinbarten Arbeitszeiten und erwarten kein Allzeitbereitstehen \u00fcber Smartphone und Co. Dank unserer Stempeluhr beh\u00e4ltst du deine Stunden im Blick und kannst \u00dcberstunden fix und transparent wieder abbauen. Darauf legen wir Wert und erinnern dich im Zweifel auch gerne daran.<\/p>\n\n\n\n<p>Nach der Probezeit stehen dir pro Woche zwei Tage zur Verf\u00fcgung, die du aus dem Home-Office arbeiten kannst. So sparst du dir den Arbeitsweg und bist auch mal zuhause, wenn die Post klingelt. Wie du dir die Tage am besten einteilst, besprichst du ganz einfach direkt mit deiner Teamleitung.<\/p>\n\n\n\n<p>Dass du vorm Schlafengehen auf deiner BODYGUARD<sup>\u00ae<\/sup> Matratze mit einem kurzen L\u00e4cheln an deine Arbeit denkst und im Urlaub im Hotel als allererstes die Matratzen checkst \u2013 das ist allerdings eine g\u00e4ngige Begleiterscheinung, die nicht ausbleibt, wenn du bei uns anf\u00e4ngst.<\/p>\n\n\n\n<h2 class=\"wp-block-heading\" id=\"h-alle-wege-fuhren-zu-bett1-de\">Alle Wege f\u00fchren zu bett1.de<\/h2>\n\n\n\n<figure class=\"wp-block-image size-full\"><img decoding=\"async\" width=\"1260\" height=\"365\" src=\"https:\/\/static.bett1.de\/2025\/10\/e217fb59-bett1_karriereportal_wege-zu-bett1.png\" alt=\"Zwei Bilder: Links ein Hochhaus. Rechts ein Kartenausschnitt mit einer bett1-Markierung.\" class=\"wp-image-165625\" srcset=\"https:\/\/static.bett1.de\/2025\/10\/e217fb59-bett1_karriereportal_wege-zu-bett1.png 1260w, https:\/\/static.bett1.de\/2025\/10\/e217fb59-bett1_karriereportal_wege-zu-bett1-300x87.png 300w, https:\/\/static.bett1.de\/2025\/10\/e217fb59-bett1_karriereportal_wege-zu-bett1-1024x297.png 1024w, https:\/\/static.bett1.de\/2025\/10\/e217fb59-bett1_karriereportal_wege-zu-bett1-768x222.png 768w, https:\/\/static.bett1.de\/2025\/10\/e217fb59-bett1_karriereportal_wege-zu-bett1-100x29.png 100w\" sizes=\"(max-width: 1260px) 100vw, 1260px\" \/><\/figure>\n\n\n\n<p>Du findest uns im Europa-Center mit Panoramablick \u00fcber Berlin. Das B\u00fcro gegen\u00fcber vom Zoo erreichst du bequem per U-Bahn, S-Bahn, Regionalbahn oder mit dem Bus \u2013 da \u00fcberlassen wir dir die Qual der Wahl.<\/p>\n\n\n\n<h2 class=\"wp-block-heading\">Teilzeit\/Vollzeit \u2013 wir sind f\u00fcr alle(s) offen<\/h2>\n\n\n\n<!--more-->\n\n\n\n<figure class=\"wp-block-image size-full\"><img decoding=\"async\" width=\"1024\" height=\"300\" src=\"https:\/\/static.bett1.de\/2025\/09\/34996cf7-bett1_karriereportal_header.png\" alt=\"Ein dreigeteiltes Foto: Links und rechts Ausschnitte von G\u00e4ngen und Fenstern in einem B\u00fcro. In der Mitte Telefon und Tastatur auf einem von der Sonne beschienenen Schreibtisch.\" class=\"wp-image-165569\" srcset=\"https:\/\/static.bett1.de\/2025\/09\/34996cf7-bett1_karriereportal_header.png 1024w, https:\/\/static.bett1.de\/2025\/09\/34996cf7-bett1_karriereportal_header-300x88.png 300w, https:\/\/static.bett1.de\/2025\/09\/34996cf7-bett1_karriereportal_header-768x225.png 768w, https:\/\/static.bett1.de\/2025\/09\/34996cf7-bett1_karriereportal_header-100x29.png 100w\" sizes=\"(max-width: 1024px) 100vw, 1024px\" \/><\/figure>\n\n\n\n<p>Wenn in der Stellenanzeige nicht anders beschrieben, gehen wir von einer Besch\u00e4ftigung in Vollzeit (40-Stunden-Woche) aus. Oft ist es aber m\u00f6glich, in Teilzeit einzusteigen. Sprich uns einfach darauf an oder sag uns schon in der Bewerbung, wie viele Stunden du dir vorstellst.<\/p>\n\n\n\n<h2 class=\"wp-block-heading\">Deine Entwicklung als gemeinsames Ziel<\/h2>\n\n\n\n<p>Wir legen Wert auf pers\u00f6nliche und individuelle Entwicklung. Regelm\u00e4\u00dfige Feedbackgespr\u00e4che und ein offenes Ohr f\u00fcr W\u00fcnsche und Anregungen sind ein wichtiger Teil davon. Wir sind \u00fcberzeugt, dass jeder Mensch mit seinen Aufgaben wachsen kann. Das f\u00f6rdern wir, fordern wir aber auch. Wenn du darauf Lust hast, k\u00f6nnte das sehr gut passen. Im Zweifel steht bei uns der Mensch mit seinen Potenzialen und nicht der exakt passende Abschluss im Vordergrund.<\/p>\n\n\n\n<figure class=\"wp-block-image size-large\"><img decoding=\"async\" width=\"1024\" height=\"297\" src=\"https:\/\/static.bett1.de\/2025\/09\/e886f2a6-bett1_karriereportal_konferrenzraum-1024x297.jpg\" alt=\"Foto: In einem Meetingraum h\u00e4ngen Bilder an der Wand, auf dem Tisch ein Telefon und eine B\u00e4renfigur.\" class=\"wp-image-165573\" srcset=\"https:\/\/static.bett1.de\/2025\/09\/e886f2a6-bett1_karriereportal_konferrenzraum-1024x297.jpg 1024w, https:\/\/static.bett1.de\/2025\/09\/e886f2a6-bett1_karriereportal_konferrenzraum-300x87.jpg 300w, https:\/\/static.bett1.de\/2025\/09\/e886f2a6-bett1_karriereportal_konferrenzraum-768x222.jpg 768w, https:\/\/static.bett1.de\/2025\/09\/e886f2a6-bett1_karriereportal_konferrenzraum-100x29.jpg 100w, https:\/\/static.bett1.de\/2025\/09\/e886f2a6-bett1_karriereportal_konferrenzraum.jpg 1260w\" sizes=\"(max-width: 1024px) 100vw, 1024px\" \/><\/figure>\n\n\n\n<div class=\"sidebar-wrapper\"><\/p>\n\n\n\n<h2 class=\"wp-block-heading\" id=\"bewerbung\">Kontakt<\/h2>\n\n\n\n<p>Anette Marks<br>Human Resource Managerin<\/p>\n\n\n\n<h2 class=\"wp-block-heading\" id=\"h-bewerbungsformular\">Bewerbungsformular<\/h2>\n\n\n\n\n<div class=\"wpcf7 no-js\" id=\"wpcf7-f6508-o1\" lang=\"de-DE\" dir=\"ltr\" data-wpcf7-id=\"6508\">\n<div class=\"screen-reader-response\"><p role=\"status\" aria-live=\"polite\" aria-atomic=\"true\"><\/p> <ul><\/ul><\/div>\n<form action=\"\/infoportal\/wp-json\/wp\/v2\/pages\/488#wpcf7-f6508-o1\" method=\"post\" class=\"wpcf7-form init\" aria-label=\"Contact form\" enctype=\"multipart\/form-data\" novalidate=\"novalidate\" data-status=\"init\">\n<fieldset class=\"hidden-fields-container\"><input type=\"hidden\" name=\"_wpcf7\" value=\"6508\" \/><input type=\"hidden\" name=\"_wpcf7_version\" value=\"6.1.4\" \/><input type=\"hidden\" name=\"_wpcf7_locale\" value=\"de_DE\" \/><input type=\"hidden\" name=\"_wpcf7_unit_tag\" value=\"wpcf7-f6508-o1\" \/><input type=\"hidden\" name=\"_wpcf7_container_post\" value=\"0\" \/><input type=\"hidden\" name=\"_wpcf7_posted_data_hash\" value=\"\" \/>\n<\/fieldset>\n<p><label> Name*<span class=\"wpcf7-form-control-wrap\" data-name=\"your-name\"><input size=\"40\" maxlength=\"400\" class=\"wpcf7-form-control wpcf7-text wpcf7-validates-as-required\" aria-required=\"true\" aria-invalid=\"false\" placeholder=\"Namen eingeben\" value=\"\" type=\"text\" name=\"your-name\" \/><\/span> <\/label>\n<\/p>\n<p><label> E-Mail-Adresse* <span class=\"wpcf7-form-control-wrap\" data-name=\"your-email\"><input size=\"40\" maxlength=\"400\" class=\"wpcf7-form-control wpcf7-email wpcf7-validates-as-required wpcf7-text wpcf7-validates-as-email\" aria-required=\"true\" aria-invalid=\"false\" placeholder=\"E-Mail-Adresse eingeben\" value=\"\" type=\"email\" name=\"your-email\" \/><\/span> <\/label>\n<\/p>\n<p><label> Telefon <span class=\"wpcf7-form-control-wrap\" data-name=\"tel-402\"><input size=\"40\" maxlength=\"400\" class=\"wpcf7-form-control wpcf7-tel wpcf7-text wpcf7-validates-as-tel\" aria-invalid=\"false\" placeholder=\"Telefonnummer eingeben\" value=\"\" type=\"tel\" name=\"tel-402\" \/><\/span> <\/label>\n<\/p>\n<p><label> Bewerbung im Bereich* <span class=\"wpcf7-form-control-wrap\" data-name=\"menu-892\"><select class=\"wpcf7-form-control wpcf7-select wpcf7-validates-as-required\" aria-required=\"true\" aria-invalid=\"false\" name=\"menu-892\"><option value=\"\">&#8212;Please choose an option&#8212;<\/option><option value=\"Grafik\">Grafik<\/option><option value=\"Text\">Text<\/option><option value=\"Online-Marketing\">Online-Marketing<\/option><option value=\"Buchhaltung\">Buchhaltung<\/option><option value=\"Initiativbewerbung\">Initiativbewerbung<\/option><\/select><\/span> <\/label>\n<\/p>\n<p><label> Bewerbung als PDF* (max. 10 MB) <span class=\"wpcf7-form-control-wrap\" data-name=\"applicpdf\"><input size=\"40\" class=\"wpcf7-form-control wpcf7-file wpcf7-validates-as-required\" accept=\".pdf\" aria-required=\"true\" aria-invalid=\"false\" type=\"file\" name=\"applicpdf\" \/><\/span> <\/label>\n<\/p>\n<p><span class=\"wpcf7-form-control-wrap\" data-name=\"acceptance-775\"><span class=\"wpcf7-form-control wpcf7-acceptance\"><span class=\"wpcf7-list-item\"><label><input type=\"checkbox\" name=\"acceptance-775\" value=\"1\" aria-invalid=\"false\" \/><span class=\"wpcf7-list-item-label\">Ich m\u00f6chte mich bewerben und erlaube, dass meine Daten an die entsprechenden Fachabteilungen weitergeleitet werden. bett1.de darf mich im Zusammenhang mit meiner Bewerbung kontaktieren.<\/span><\/label><\/span><\/span><\/span>\n<\/p>\n<p><span id=\"wpcf7-69f50a62e1675-wrapper\" class=\"wpcf7-form-control-wrap honeypot-1473-wrap\" style=\"display:none !important; visibility:hidden !important;\"><label for=\"wpcf7-69f50a62e1675-field\" class=\"hp-message\">Bitte lasse dieses Feld leer<\/label><input id=\"wpcf7-69f50a62e1675-field\"  placeholder=\"bett1_honey\"  class=\"wpcf7-form-control wpcf7-text\" type=\"text\" name=\"honeypot-1473\" value=\"\" size=\"40\" tabindex=\"-1\" autocomplete=\"new-password\" \/><\/span>\n<\/p>\n<p><input class=\"wpcf7-form-control wpcf7-submit has-spinner\" type=\"submit\" value=\"Bewerbung absenden\" \/>\n<\/p>\n<p>* Pflichtfeld\n<\/p><div class=\"wpcf7-response-output\" aria-hidden=\"true\"><\/div>\n<\/form>\n<\/div>\n\n\n\n\n<p><\/div>\n","protected":false},"excerpt":{"rendered":"<p>Wir sind die mit der BODYGUARD\u00ae Anti-Kartell-Matratze\u00ae. Und wir glauben, dass du richtig gut in unser Team passt. Nee, nee, nee? Doch! \u00dcber unsere ausgeschriebenen Stellen hinaus freuen wir uns jederzeit \u00fcber aussagekr\u00e4ftige Initiativbewerbungen. Beschreibe darin bitte, am besten schon im Betreff, in welcher Abteilung du dich bei uns siehst, und \u00fcberzeuge uns von deinem [&hellip;]<\/p>\n","protected":false},"author":1,"featured_media":0,"parent":0,"menu_order":0,"comment_status":"closed","ping_status":"closed","template":"","meta":{"_acf_changed":false,"footnotes":""},"class_list":["post-488","page","type-page","status-publish","hentry"],"acf":[],"yoast_head":"<!-- This site is optimized with the Yoast SEO Premium plugin v26.8 (Yoast SEO v26.9-RC2) - https:\/\/yoast.com\/product\/yoast-seo-premium-wordpress\/ -->\n<title>Mit bett1.de liegst du richtig \u2013 auch bei der Jobwahl - Wir sind Matratze<\/title>\n<meta name=\"description\" content=\"Wir sind der Berliner Matratzen-Rebell mit der BODYGUARD\u00ae Anti-Kartell-Matratze. Werde Teil unserer Erfolgsgeschichte und unterst\u00fctze unser Team! Jetzt bewerben\" \/>\n<meta name=\"robots\" content=\"index, follow, max-snippet:-1, max-image-preview:large, max-video-preview:-1\" \/>\n<link rel=\"canonical\" href=\"https:\/\/www.bett1.de\/infoportal\/karriere\/\" \/>\n<meta property=\"og:locale\" content=\"de_DE\" \/>\n<meta property=\"og:type\" content=\"article\" \/>\n<meta property=\"og:title\" content=\"Mit bett1.de liegst du richtig \u2013 auch bei der Jobwahl\" \/>\n<meta property=\"og:description\" content=\"Wir sind der Berliner Matratzen-Rebell mit der BODYGUARD\u00ae Anti-Kartell-Matratze. Werde Teil unserer Erfolgsgeschichte und unterst\u00fctze unser Team! Jetzt bewerben\" \/>\n<meta property=\"og:url\" content=\"https:\/\/www.bett1.de\/infoportal\/karriere\" \/>\n<meta property=\"og:site_name\" content=\"Wir sind Matratze\" \/>\n<meta property=\"article:publisher\" content=\"https:\/\/www.facebook.com\/bett1.de\" \/>\n<meta property=\"article:modified_time\" content=\"2026-04-14T08:08:10+00:00\" \/>\n<meta property=\"og:image\" content=\"https:\/\/static.bett1.de\/2025\/09\/4c610b9f-bett1_karriereportal_wir-sind-matratze.jpg\" \/>\n\t<meta property=\"og:image:width\" content=\"1024\" \/>\n\t<meta property=\"og:image:height\" content=\"376\" \/>\n\t<meta property=\"og:image:type\" content=\"image\/jpeg\" \/>\n<script type=\"application\/ld+json\" class=\"yoast-schema-graph\">{\"@context\":\"https:\/\/schema.org\",\"@graph\":[{\"@type\":\"WebPage\",\"@id\":\"https:\/\/www.bett1.de\/infoportal\/karriere\",\"url\":\"https:\/\/www.bett1.de\/infoportal\/karriere\",\"name\":\"Mit bett1.de liegst du richtig \u2013 auch bei der Jobwahl - Wir sind Matratze\",\"isPartOf\":{\"@id\":\"https:\/\/www.bett1.de\/infoportal\/#website\"},\"primaryImageOfPage\":{\"@id\":\"https:\/\/www.bett1.de\/infoportal\/karriere#primaryimage\"},\"image\":{\"@id\":\"https:\/\/www.bett1.de\/infoportal\/karriere#primaryimage\"},\"thumbnailUrl\":\"https:\/\/static.bett1.de\/2025\/09\/4c610b9f-bett1_karriereportal_wir-sind-matratze.jpg\",\"datePublished\":\"2017-09-07T13:56:48+00:00\",\"dateModified\":\"2026-04-14T08:08:10+00:00\",\"description\":\"Wir sind der Berliner Matratzen-Rebell mit der BODYGUARD\u00ae Anti-Kartell-Matratze. Werde Teil unserer Erfolgsgeschichte und unterst\u00fctze unser Team! Jetzt bewerben\",\"breadcrumb\":{\"@id\":\"https:\/\/www.bett1.de\/infoportal\/karriere#breadcrumb\"},\"inLanguage\":\"de-DE\",\"potentialAction\":[{\"@type\":\"ReadAction\",\"target\":[\"https:\/\/www.bett1.de\/infoportal\/karriere\"]}]},{\"@type\":\"ImageObject\",\"inLanguage\":\"de-DE\",\"@id\":\"https:\/\/www.bett1.de\/infoportal\/karriere#primaryimage\",\"url\":\"https:\/\/static.bett1.de\/2025\/09\/4c610b9f-bett1_karriereportal_wir-sind-matratze.jpg\",\"contentUrl\":\"https:\/\/static.bett1.de\/2025\/09\/4c610b9f-bett1_karriereportal_wir-sind-matratze.jpg\"},{\"@type\":\"BreadcrumbList\",\"@id\":\"https:\/\/www.bett1.de\/infoportal\/karriere#breadcrumb\",\"itemListElement\":[{\"@type\":\"ListItem\",\"position\":1,\"name\":\"Startseite\",\"item\":\"https:\/\/www.bett1.de\/infoportal\"},{\"@type\":\"ListItem\",\"position\":2,\"name\":\"Mit bett1.de liegst du richtig \u2013 auch bei der Jobwahl\"}]},{\"@type\":\"WebSite\",\"@id\":\"https:\/\/www.bett1.de\/infoportal\/#website\",\"url\":\"https:\/\/www.bett1.de\/infoportal\/\",\"name\":\"bett1.de\/infoportal\",\"description\":\"Das Infoportal von bett1.de\",\"potentialAction\":[{\"@type\":\"SearchAction\",\"target\":{\"@type\":\"EntryPoint\",\"urlTemplate\":\"https:\/\/www.bett1.de\/infoportal\/?s={search_term_string}\"},\"query-input\":{\"@type\":\"PropertyValueSpecification\",\"valueRequired\":true,\"valueName\":\"search_term_string\"}}],\"inLanguage\":\"de-DE\"}]}<\/script>\n<!-- \/ Yoast SEO Premium plugin. -->","yoast_head_json":{"title":"Mit bett1.de liegst du richtig \u2013 auch bei der Jobwahl - Wir sind Matratze","description":"Wir sind der Berliner Matratzen-Rebell mit der BODYGUARD\u00ae Anti-Kartell-Matratze. Werde Teil unserer Erfolgsgeschichte und unterst\u00fctze unser Team! Jetzt bewerben","robots":{"index":"index","follow":"follow","max-snippet":"max-snippet:-1","max-image-preview":"max-image-preview:large","max-video-preview":"max-video-preview:-1"},"canonical":"https:\/\/www.bett1.de\/infoportal\/karriere\/","og_locale":"de_DE","og_type":"article","og_title":"Mit bett1.de liegst du richtig \u2013 auch bei der Jobwahl","og_description":"Wir sind der Berliner Matratzen-Rebell mit der BODYGUARD\u00ae Anti-Kartell-Matratze. Werde Teil unserer Erfolgsgeschichte und unterst\u00fctze unser Team! Jetzt bewerben","og_url":"https:\/\/www.bett1.de\/infoportal\/karriere","og_site_name":"Wir sind Matratze","article_publisher":"https:\/\/www.facebook.com\/bett1.de","article_modified_time":"2026-04-14T08:08:10+00:00","og_image":[{"width":1024,"height":376,"url":"https:\/\/static.bett1.de\/2025\/09\/4c610b9f-bett1_karriereportal_wir-sind-matratze.jpg","type":"image\/jpeg"}],"schema":{"@context":"https:\/\/schema.org","@graph":[{"@type":"WebPage","@id":"https:\/\/www.bett1.de\/infoportal\/karriere","url":"https:\/\/www.bett1.de\/infoportal\/karriere","name":"Mit bett1.de liegst du richtig \u2013 auch bei der Jobwahl - Wir sind Matratze","isPartOf":{"@id":"https:\/\/www.bett1.de\/infoportal\/#website"},"primaryImageOfPage":{"@id":"https:\/\/www.bett1.de\/infoportal\/karriere#primaryimage"},"image":{"@id":"https:\/\/www.bett1.de\/infoportal\/karriere#primaryimage"},"thumbnailUrl":"https:\/\/static.bett1.de\/2025\/09\/4c610b9f-bett1_karriereportal_wir-sind-matratze.jpg","datePublished":"2017-09-07T13:56:48+00:00","dateModified":"2026-04-14T08:08:10+00:00","description":"Wir sind der Berliner Matratzen-Rebell mit der BODYGUARD\u00ae Anti-Kartell-Matratze. Werde Teil unserer Erfolgsgeschichte und unterst\u00fctze unser Team! Jetzt bewerben","breadcrumb":{"@id":"https:\/\/www.bett1.de\/infoportal\/karriere#breadcrumb"},"inLanguage":"de-DE","potentialAction":[{"@type":"ReadAction","target":["https:\/\/www.bett1.de\/infoportal\/karriere"]}]},{"@type":"ImageObject","inLanguage":"de-DE","@id":"https:\/\/www.bett1.de\/infoportal\/karriere#primaryimage","url":"https:\/\/static.bett1.de\/2025\/09\/4c610b9f-bett1_karriereportal_wir-sind-matratze.jpg","contentUrl":"https:\/\/static.bett1.de\/2025\/09\/4c610b9f-bett1_karriereportal_wir-sind-matratze.jpg"},{"@type":"BreadcrumbList","@id":"https:\/\/www.bett1.de\/infoportal\/karriere#breadcrumb","itemListElement":[{"@type":"ListItem","position":1,"name":"Startseite","item":"https:\/\/www.bett1.de\/infoportal"},{"@type":"ListItem","position":2,"name":"Mit bett1.de liegst du richtig \u2013 auch bei der Jobwahl"}]},{"@type":"WebSite","@id":"https:\/\/www.bett1.de\/infoportal\/#website","url":"https:\/\/www.bett1.de\/infoportal\/","name":"bett1.de\/infoportal","description":"Das Infoportal von bett1.de","potentialAction":[{"@type":"SearchAction","target":{"@type":"EntryPoint","urlTemplate":"https:\/\/www.bett1.de\/infoportal\/?s={search_term_string}"},"query-input":{"@type":"PropertyValueSpecification","valueRequired":true,"valueName":"search_term_string"}}],"inLanguage":"de-DE"}]}},"_links":{"self":[{"href":"https:\/\/www.bett1.de\/infoportal\/wp-json\/wp\/v2\/pages\/488","targetHints":{"allow":["GET"]}}],"collection":[{"href":"https:\/\/www.bett1.de\/infoportal\/wp-json\/wp\/v2\/pages"}],"about":[{"href":"https:\/\/www.bett1.de\/infoportal\/wp-json\/wp\/v2\/types\/page"}],"author":[{"embeddable":true,"href":"https:\/\/www.bett1.de\/infoportal\/wp-json\/wp\/v2\/users\/1"}],"replies":[{"embeddable":true,"href":"https:\/\/www.bett1.de\/infoportal\/wp-json\/wp\/v2\/comments?post=488"}],"version-history":[{"count":164,"href":"https:\/\/www.bett1.de\/infoportal\/wp-json\/wp\/v2\/pages\/488\/revisions"}],"predecessor-version":[{"id":166181,"href":"https:\/\/www.bett1.de\/infoportal\/wp-json\/wp\/v2\/pages\/488\/revisions\/166181"}],"wp:attachment":[{"href":"https:\/\/www.bett1.de\/infoportal\/wp-json\/wp\/v2\/media?parent=488"}],"curies":[{"name":"wp","href":"https:\/\/api.w.org\/{rel}","templated":true}]}}