{"id":60717,"date":"2023-08-23T17:39:37","date_gmt":"2023-08-23T15:39:37","guid":{"rendered":"https:\/\/www.bett1.de\/infoportal\/?page_id=60717"},"modified":"2023-09-07T18:23:05","modified_gmt":"2023-09-07T16:23:05","slug":"gewinnspiel-50plus2","status":"publish","type":"page","link":"https:\/\/www.bett1.de\/infoportal\/teilnahmebedingungen\/gewinnspiel-50plus2","title":{"rendered":"Teilnahmebedingungen Gewinnspiel 50+2"},"content":{"rendered":"\n<h2 class=\"wp-block-heading\" id=\"h-i-gegenstand-der-teilnahmebedingungen\">I. Gegenstand der Teilnahmebedingungen<\/h2>\n\n\n\n<p>1. Die bett1.de GmbH, Tauentzienstr. 11, 10789 Berlin (nachfolgend \u201ebett1.de\u201c oder \u201ewir\u201c), veranstaltet \u00fcber den Podcast \u201e50+2 &#8211; Der Fussballpodcast mit Nico &amp; Niklas\u201c eine Gewinnspiel-Aktion.<br>2. F\u00fcr die Teilnahme an der Aktion gelten die nachfolgenden Teilnahmebedingungen. Mit der Teilnahme an dem Gewinnspiel erkl\u00e4ren Sie sich mit der Geltung dieser Teilnahmebedingungen einverstanden.<\/p>\n\n\n\n<h2 class=\"wp-block-heading\" id=\"h-ii-teilnahmeberechtigung\">II. Teilnahmeberechtigung<\/h2>\n\n\n\n<p>1. Teilnahmeberechtigt sind ausschlie\u00dflich nat\u00fcrliche Personen ab dem vollendeten 18. Lebensjahr mit Wohnsitz in Deutschland. Mitarbeitende von bett1.de sowie Mitarbeitende der mit bett1.de verbundenen Unternehmen im In- und Ausland sind von der Teilnahme ausgeschlossen.<br>2. Ein Anspruch auf die Teilnahme an dem Wettbewerb besteht nicht.<\/p>\n\n\n\n<h2 class=\"wp-block-heading\" id=\"h-iii-ablauf-des-gewinnspiels\">III. Ablauf des Gewinnspiels<\/h2>\n\n\n\n<p>1. Das Gewinnspiel l\u00e4uft vom 05.10.2023, 0:00 Uhr, bis zum 31.10.2023, 23:59 Uhr. Die Teilnahme ist kostenlos.<br>2. Um teilzunehmen, m\u00fcssen Sie folgende Bedingungen erf\u00fcllen:<\/p>\n\n\n\n<p>a) Besuchen Sie unsere <a href=\"https:\/\/www.bett1.de\/infoportal\/podcast\/50plus2-gewinnspiel\">Gewinnspielseite<\/a>.<br>b) Melden Sie sich \u00fcber das Gewinnspielformular an.<br>c) \u00dcbermitteln Sie uns \u00fcber das Formular Ihre E-Mail-Adresse und die gew\u00fcnschte Matratzengr\u00f6\u00dfe. Die Verlosung erfolgt unter allen Teilnehmenden, die sich \u00fcber das Gewinnspielformular f\u00fcr das Gewinnspiel angemeldet haben.<\/p>\n\n\n\n<p>3. Sie d\u00fcrfen w\u00e4hrend des Gewinnspiel-Zeitraums einmal teilnehmen. Es werden drei Personen bestimmt, die gewonnen haben.<br>4. Der Rechtsweg ist ausgeschlossen.<\/p>\n\n\n\n<h2 class=\"wp-block-heading\" id=\"h-iv-gewinn-ermittlung-der-gewinnenden-personen-gewinnbenachrichtigung-pflicht-zur-ruckmeldung\">IV. Gewinn; Ermittlung der gewinnenden Personen; Gewinnbenachrichtigung; Pflicht zur R\u00fcckmeldung<\/h2>\n\n\n\n<p>1. Verlost werden insgesamt 3 x 1 <a href=\"https:\/\/www.bett1.de\/produkte\/bodyguard-matratze\">BODYGUARD\u00ae Matratze<\/a> im Wunschformat. Die L\u00e4ngen 190 cm und 210 cm sind vom Gewinn ausgeschlossen.<br>2. Unter allen Teilnehmenden, die sich f\u00fcr das Gewinnspiel angemeldet haben, werden die Gewinnenden von bett1.de ausgelost. Die gew\u00e4hlte Matratzengr\u00f6\u00dfe hat keine Auswirkung auf die Gewinnchancen.<br>3. Personen, die gewonnen haben, informieren wir am 06.11.2023 per E-Mail an die im Teilnahmeformular angegebene E-Mail-Adresse. Haben Sie eine Gewinnbenachrichtigung von uns erhalten, melden Sie sich bitte sp\u00e4testens bis zum 16.11.2023 per E-Mail an redaktion@bett1.de und teilen Sie uns Ihren vollst\u00e4ndigen Namen, Ihre Postanschrift und Ihr Geburtsdatum mit. Alle nicht rechtzeitig eingegangenen R\u00fcckmeldungen k\u00f6nnen wir nicht ber\u00fccksichtigen und der Gewinn verf\u00e4llt ersatzlos. Die Abfrage der Postanschrift dient dem Versand im Falle eines Gewinnes, die Abfrage des Geburtsdatums der Verifizierung der Teilnahmeberechtigung. Die Angabe von Postf\u00e4chern ist nicht zul\u00e4ssig.<br>4. Nach Angabe Ihrer Anschrift wird der Gewinn auf Kosten von bett1.de an Sie versandt.<br>5. Eine Auszahlung des Gewinns in bar oder ein Tausch gegen ein anderes Produkt sind nicht m\u00f6glich. Der Gewinn ist nicht \u00fcbertragbar.<\/p>\n\n\n\n<h2 class=\"wp-block-heading\" id=\"h-v-ausschluss-von-teilnehmenden-und-personen-die-gewonnen-haben-vorzeitige-beendigung-des-gewinnspiels\">V. Ausschluss von Teilnehmenden und Personen, die gewonnen haben; vorzeitige Beendigung des Gewinnspiels<\/h2>\n\n\n\n<p>1. Bei einem Versto\u00df gegen diese Teilnahmebedingungen \u2013 insbesondere beim Versto\u00df gegen Urheberrechte \u2013 ist bett1.de berechtigt, die betroffenen Teilnehmenden vom Gewinnspiel auszuschlie\u00dfen. Handelt es sich dabei um eine bereits ausgew\u00e4hlte Person, die einen Gewinn erhalten sollte, kann der Gewinn auch nachtr\u00e4glich aberkannt werden.<br>2. bett1.de ist zu jedem Zeitpunkt berechtigt, das Gewinnspiel vorzeitig ohne vorherige Ank\u00fcndigung abzubrechen oder zu beenden, wenn das Gewinnspiel durch Ausfall von Hard- oder Software, Programmfehlern, Computerviren oder nicht autorisierten Eingriffen von Dritten, insbesondere festgestellte Manipulationen durch Dritte, oder vergleichbare Umst\u00e4nde unter Ber\u00fccksichtigung der berechtigten Interessen der Teilnehmenden, insbesondere der bereits ermittelten Personen, die gewonnen haben, nicht mehr ordnungsgem\u00e4\u00df durchgef\u00fchrt werden kann. Die vorzeitige Beendigung wird bett1.de den Teilnehmenden in geeigneter Weise mitteilen.<\/p>\n\n\n\n<h2 class=\"wp-block-heading\" id=\"h-vi-erhebung-verwendung-und-speicherung-ihrer-personlichen-daten\">VI. Erhebung, Verwendung und Speicherung Ihrer pers\u00f6nlichen Daten<\/h2>\n\n\n\n<p>1. Teilnehmende willigen ein, dass ihre Daten von bett1.de im Rahmen des Gewinnspieles gespeichert und verarbeitet werden. Eine Weitergabe aller eingesendeten pers\u00f6nlichen Daten an Dritte erfolgt nicht. Die Abfrage der pers\u00f6nlichen Daten dient der Feststellung der Identit\u00e4t der Personen, die gewonnen haben (Vor- und Nachname). Die Abfrage des vollst\u00e4ndigen Namens und der Postanschrift dient ausschlie\u00dflich dem Versand im Falle eines Gewinnes. Die Abfrage des Geburtsdatums dient der Feststellung der Vollj\u00e4hrigkeit. bett1.de beh\u00e4lt sich zudem vor, Personen, die gewonnen haben, innerhalb von 2 Wochen nach Versand ihres Gewinnes noch einmal f\u00fcr ein Feedback zu ihrem Gewinn zu kontaktieren.<br>2. Die gespeicherten Daten werden sp\u00e4testens 14 Tage nach Versand der Gewinne vollst\u00e4ndig gel\u00f6scht.<\/p>\n\n\n\n<h2 class=\"wp-block-heading\" id=\"h-vii-schlussbestimmungen\">VII. Schlussbestimmungen<\/h2>\n\n\n\n<p>1. Der Rechtsweg ist ausgeschlossen.<br>2. Es ist ausschlie\u00dflich das Recht der Bundesrepublik Deutschland unter Ausschluss der Bestimmungen der United Nations Convention on Contracts for the International Sale of Goods (UN-Kaufrecht) anwendbar.<br>3. Sollten einzelne Bestimmungen dieser Teilnahmebedingungen unwirksam oder undurchf\u00fchrbar sein oder werden, so wird dadurch die Rechtswirksamkeit der \u00fcbrigen Bedingungen nicht ber\u00fchrt.<\/p>\n","protected":false},"excerpt":{"rendered":"<p>I. Gegenstand der Teilnahmebedingungen 1. Die bett1.de GmbH, Tauentzienstr. 11, 10789 Berlin (nachfolgend \u201ebett1.de\u201c oder \u201ewir\u201c), veranstaltet \u00fcber den Podcast \u201e50+2 &#8211; Der Fussballpodcast mit Nico &amp; Niklas\u201c eine Gewinnspiel-Aktion.2. F\u00fcr die Teilnahme an der Aktion gelten die nachfolgenden Teilnahmebedingungen. Mit der Teilnahme an dem Gewinnspiel erkl\u00e4ren Sie sich mit der Geltung dieser Teilnahmebedingungen einverstanden. [&hellip;]<\/p>\n","protected":false},"author":53,"featured_media":0,"parent":1628,"menu_order":0,"comment_status":"closed","ping_status":"closed","template":"","meta":{"_acf_changed":false,"footnotes":""},"class_list":["post-60717","page","type-page","status-publish","hentry"],"acf":[],"yoast_head":"<!-- This site is optimized with the Yoast SEO Premium plugin v26.8 (Yoast SEO v26.9-RC2) - https:\/\/yoast.com\/product\/yoast-seo-premium-wordpress\/ -->\n<title>Teilnahmebedingungen Gewinnspiel 50+2 - Wir sind Matratze<\/title>\n<meta name=\"robots\" content=\"noindex, nofollow\" \/>\n<meta property=\"og:locale\" content=\"de_DE\" \/>\n<meta property=\"og:type\" content=\"article\" \/>\n<meta property=\"og:title\" content=\"Teilnahmebedingungen Gewinnspiel 50+2\" \/>\n<meta property=\"og:description\" content=\"I. Gegenstand der Teilnahmebedingungen 1. Die bett1.de GmbH, Tauentzienstr. 11, 10789 Berlin (nachfolgend \u201ebett1.de\u201c oder \u201ewir\u201c), veranstaltet \u00fcber den Podcast \u201e50+2 &#8211; Der Fussballpodcast mit Nico &amp; Niklas\u201c eine Gewinnspiel-Aktion.2. F\u00fcr die Teilnahme an der Aktion gelten die nachfolgenden Teilnahmebedingungen. Mit der Teilnahme an dem Gewinnspiel erkl\u00e4ren Sie sich mit der Geltung dieser Teilnahmebedingungen einverstanden. [&hellip;]\" \/>\n<meta property=\"og:url\" content=\"https:\/\/www.bett1.de\/infoportal\/teilnahmebedingungen\/gewinnspiel-50plus2\" \/>\n<meta property=\"og:site_name\" content=\"Wir sind Matratze\" \/>\n<meta property=\"article:publisher\" content=\"https:\/\/www.facebook.com\/bett1.de\" \/>\n<meta property=\"article:modified_time\" content=\"2023-09-07T16:23:05+00:00\" \/>\n<script type=\"application\/ld+json\" class=\"yoast-schema-graph\">{\"@context\":\"https:\/\/schema.org\",\"@graph\":[{\"@type\":\"WebPage\",\"@id\":\"https:\/\/www.bett1.de\/infoportal\/teilnahmebedingungen\/gewinnspiel-50plus2\",\"url\":\"https:\/\/www.bett1.de\/infoportal\/teilnahmebedingungen\/gewinnspiel-50plus2\",\"name\":\"Teilnahmebedingungen Gewinnspiel 50+2 - Wir sind Matratze\",\"isPartOf\":{\"@id\":\"https:\/\/www.bett1.de\/infoportal\/#website\"},\"datePublished\":\"2023-08-23T15:39:37+00:00\",\"dateModified\":\"2023-09-07T16:23:05+00:00\",\"breadcrumb\":{\"@id\":\"https:\/\/www.bett1.de\/infoportal\/teilnahmebedingungen\/gewinnspiel-50plus2#breadcrumb\"},\"inLanguage\":\"de-DE\",\"potentialAction\":[{\"@type\":\"ReadAction\",\"target\":[\"https:\/\/www.bett1.de\/infoportal\/teilnahmebedingungen\/gewinnspiel-50plus2\"]}]},{\"@type\":\"BreadcrumbList\",\"@id\":\"https:\/\/www.bett1.de\/infoportal\/teilnahmebedingungen\/gewinnspiel-50plus2#breadcrumb\",\"itemListElement\":[{\"@type\":\"ListItem\",\"position\":1,\"name\":\"Startseite\",\"item\":\"https:\/\/www.bett1.de\/infoportal\"},{\"@type\":\"ListItem\",\"position\":2,\"name\":\"Teilnahmebedingungen\",\"item\":\"https:\/\/www.bett1.de\/infoportal\/teilnahmebedingungen\"},{\"@type\":\"ListItem\",\"position\":3,\"name\":\"Teilnahmebedingungen Gewinnspiel 50+2\"}]},{\"@type\":\"WebSite\",\"@id\":\"https:\/\/www.bett1.de\/infoportal\/#website\",\"url\":\"https:\/\/www.bett1.de\/infoportal\/\",\"name\":\"bett1.de\/infoportal\",\"description\":\"Das Infoportal von bett1.de\",\"potentialAction\":[{\"@type\":\"SearchAction\",\"target\":{\"@type\":\"EntryPoint\",\"urlTemplate\":\"https:\/\/www.bett1.de\/infoportal\/?s={search_term_string}\"},\"query-input\":{\"@type\":\"PropertyValueSpecification\",\"valueRequired\":true,\"valueName\":\"search_term_string\"}}],\"inLanguage\":\"de-DE\"}]}<\/script>\n<!-- \/ Yoast SEO Premium plugin. -->","yoast_head_json":{"title":"Teilnahmebedingungen Gewinnspiel 50+2 - Wir sind Matratze","robots":{"index":"noindex","follow":"nofollow"},"og_locale":"de_DE","og_type":"article","og_title":"Teilnahmebedingungen Gewinnspiel 50+2","og_description":"I. Gegenstand der Teilnahmebedingungen 1. Die bett1.de GmbH, Tauentzienstr. 11, 10789 Berlin (nachfolgend \u201ebett1.de\u201c oder \u201ewir\u201c), veranstaltet \u00fcber den Podcast \u201e50+2 &#8211; Der Fussballpodcast mit Nico &amp; Niklas\u201c eine Gewinnspiel-Aktion.2. F\u00fcr die Teilnahme an der Aktion gelten die nachfolgenden Teilnahmebedingungen. Mit der Teilnahme an dem Gewinnspiel erkl\u00e4ren Sie sich mit der Geltung dieser Teilnahmebedingungen einverstanden. [&hellip;]","og_url":"https:\/\/www.bett1.de\/infoportal\/teilnahmebedingungen\/gewinnspiel-50plus2","og_site_name":"Wir sind Matratze","article_publisher":"https:\/\/www.facebook.com\/bett1.de","article_modified_time":"2023-09-07T16:23:05+00:00","schema":{"@context":"https:\/\/schema.org","@graph":[{"@type":"WebPage","@id":"https:\/\/www.bett1.de\/infoportal\/teilnahmebedingungen\/gewinnspiel-50plus2","url":"https:\/\/www.bett1.de\/infoportal\/teilnahmebedingungen\/gewinnspiel-50plus2","name":"Teilnahmebedingungen Gewinnspiel 50+2 - Wir sind Matratze","isPartOf":{"@id":"https:\/\/www.bett1.de\/infoportal\/#website"},"datePublished":"2023-08-23T15:39:37+00:00","dateModified":"2023-09-07T16:23:05+00:00","breadcrumb":{"@id":"https:\/\/www.bett1.de\/infoportal\/teilnahmebedingungen\/gewinnspiel-50plus2#breadcrumb"},"inLanguage":"de-DE","potentialAction":[{"@type":"ReadAction","target":["https:\/\/www.bett1.de\/infoportal\/teilnahmebedingungen\/gewinnspiel-50plus2"]}]},{"@type":"BreadcrumbList","@id":"https:\/\/www.bett1.de\/infoportal\/teilnahmebedingungen\/gewinnspiel-50plus2#breadcrumb","itemListElement":[{"@type":"ListItem","position":1,"name":"Startseite","item":"https:\/\/www.bett1.de\/infoportal"},{"@type":"ListItem","position":2,"name":"Teilnahmebedingungen","item":"https:\/\/www.bett1.de\/infoportal\/teilnahmebedingungen"},{"@type":"ListItem","position":3,"name":"Teilnahmebedingungen Gewinnspiel 50+2"}]},{"@type":"WebSite","@id":"https:\/\/www.bett1.de\/infoportal\/#website","url":"https:\/\/www.bett1.de\/infoportal\/","name":"bett1.de\/infoportal","description":"Das Infoportal von bett1.de","potentialAction":[{"@type":"SearchAction","target":{"@type":"EntryPoint","urlTemplate":"https:\/\/www.bett1.de\/infoportal\/?s={search_term_string}"},"query-input":{"@type":"PropertyValueSpecification","valueRequired":true,"valueName":"search_term_string"}}],"inLanguage":"de-DE"}]}},"_links":{"self":[{"href":"https:\/\/www.bett1.de\/infoportal\/wp-json\/wp\/v2\/pages\/60717","targetHints":{"allow":["GET"]}}],"collection":[{"href":"https:\/\/www.bett1.de\/infoportal\/wp-json\/wp\/v2\/pages"}],"about":[{"href":"https:\/\/www.bett1.de\/infoportal\/wp-json\/wp\/v2\/types\/page"}],"author":[{"embeddable":true,"href":"https:\/\/www.bett1.de\/infoportal\/wp-json\/wp\/v2\/users\/53"}],"replies":[{"embeddable":true,"href":"https:\/\/www.bett1.de\/infoportal\/wp-json\/wp\/v2\/comments?post=60717"}],"version-history":[{"count":6,"href":"https:\/\/www.bett1.de\/infoportal\/wp-json\/wp\/v2\/pages\/60717\/revisions"}],"predecessor-version":[{"id":61184,"href":"https:\/\/www.bett1.de\/infoportal\/wp-json\/wp\/v2\/pages\/60717\/revisions\/61184"}],"up":[{"embeddable":true,"href":"https:\/\/www.bett1.de\/infoportal\/wp-json\/wp\/v2\/pages\/1628"}],"wp:attachment":[{"href":"https:\/\/www.bett1.de\/infoportal\/wp-json\/wp\/v2\/media?parent=60717"}],"curies":[{"name":"wp","href":"https:\/\/api.w.org\/{rel}","templated":true}]}}